{"id":1351,"date":"2015-07-17T10:12:15","date_gmt":"2015-07-17T10:12:15","guid":{"rendered":"http:\/\/carolrobinson.net\/?page_id=1351"},"modified":"2017-03-29T08:37:42","modified_gmt":"2017-03-29T08:37:42","slug":"carol-robinson","status":"publish","type":"page","link":"http:\/\/carolrobinson.net\/fr\/","title":{"rendered":"Carol Robinson"},"content":{"rendered":"<div class=\"wpb-content-wrapper\"><p>[vc_row][vc_column][vc_column_text]<span style=\"color: transparent;\">Dire que Carol Robinson est une compositrice et clarinettiste franco-am\u00e9ricaine est bien r\u00e9ducteur pour embrasser l\u2019\u00e9clectisme de son parcours et de ses passions. En fait, elle semble s\u2019int\u00e9resser \u00e0 tout ce qui touche au son. Aussi \u00e0 son aise dans le r\u00e9pertoire classique qu\u2019avec la cr\u00e9ation contemporaine voire exp\u00e9rimentale, elle se produit d\u00e9sormais dans les salles et festivals internationaux les plus prestigieux, comme le Festival d\u2019Automne, MaerzMuzik, Archipel, RomaEuropa, Wien Modern ou Huddersfield, et travaille \u00e9troitement avec d\u2019autres compositeurs et musiciens de divers horizons. Passionn\u00e9e par l\u2019improvisation, elle choisit de se mettre autant que possible dans des situations musicales les plus ouvertes jusqu\u2019\u00e0 fonder, avec Mike Ladd, Dave Randall et Dirk Rothbrust, le groupe de rock alternatif Sleeping in Vilna.<br \/>\nMais elle ne s\u2019arr\u00eate pas l\u00e0. Carol Robinson collabore r\u00e9guli\u00e8rement avec des photographes, des plasticiens, des vid\u00e9astes. Sa r\u00e9flexion tr\u00e8s pouss\u00e9e sur la sonorisation d\u2019un lieu donn\u00e9 l\u2019a en effet conduit \u00e0 concevoir des installations. En outre, en lien avec son parcours d\u2019interpr\u00e8te, elle a d\u00e9velopp\u00e9 un univers personnel au travers de cr\u00e9ations de th\u00e9\u00e2tre musical pr\u00e9sent\u00e9 en France, en Allemagne, en Suisse\u2026 Et c\u2019est pour r\u00e9pondre \u00e0 des exigences d\u2019expression de plus en plus pointues que la composition a pris peu \u00e0 peu une place pr\u00e9pond\u00e9rante dans sa cr\u00e9ation artistique.<br \/>\nCarol Robinson a commenc\u00e9 par composer pour de petites formations, et rapidement elle a re\u00e7u des commandes pour des \u0153uvres de plus grande envergure. Derni\u00e8rement, elle a \u00e9crit Mr Barbe Bleue (Commande d\u2019Etat) un op\u00e9ra de poche destin\u00e9 \u00e0 l\u2019ensemble baroque Les Monts de Reuil pour l\u2019Op\u00e9ra de Reims, et a cosign\u00e9 Occam Hexa II avec Eliane Radigue, pour l\u2019ensemble Decibel \u00e0 Perth.<br \/>\nFascin\u00e9e par les possibilit\u00e9s qu\u2019offre la musique \u00e9lectronique, notamment le traitement en temps r\u00e9el, Carol Robinson a con\u00e7u de nombreuses pi\u00e8ces en la mariant avec des sons acoustiques. Son approfondissement de l\u2019utilisation des processus al\u00e9atoires est une de ses singularit\u00e9s. En 2015, elle a sign\u00e9 trois \u0153uvres qui assimilent ces processus : Nacarat (co-production La Muse en Circuit, C\u00e9sar\u00e9, Art Zoyd), Black on Green (commande de GMEM), et Les si doux redoux. Ces pi\u00e8ces appartiennent au cycle \u00ab The Weather Pieces \u00bb, d\u00e9but\u00e9 en 2012.<br \/>\n<\/span>[\/vc_column_text][\/vc_column][\/vc_row]<\/p>\n<\/div>","protected":false},"excerpt":{"rendered":"<p>[vc_row][vc_column][vc_column_text]Dire que Carol Robinson est une compositrice et clarinettiste franco-am\u00e9ricaine est bien r\u00e9ducteur pour embrasser&#8230;<\/p>\n","protected":false},"author":6,"featured_media":0,"parent":0,"menu_order":0,"comment_status":"closed","ping_status":"closed","template":"page_no_title.php","meta":{"footnotes":""},"class_list":["post-1351","page","type-page","status-publish","hentry"],"yoast_head":"<!-- This site is optimized with the Yoast SEO plugin v27.2 - https:\/\/yoast.com\/product\/yoast-seo-wordpress\/ -->\n<title>Carol Robinson<\/title>\n<meta name=\"description\" content=\"Dire que Carol Robinson est une compositrice et clarinettiste franco-am\u00e9ricaine est bien r\u00e9ducteur pour embrasser l\u2019\u00e9clectisme de son parcours et de ses passions. En fait, elle semble s\u2019int\u00e9resser \u00e0 tout ce qui touche au son.\" \/>\n<meta name=\"robots\" content=\"index, follow, max-snippet:-1, max-image-preview:large, max-video-preview:-1\" \/>\n<link rel=\"canonical\" href=\"http:\/\/carolrobinson.net\/fr\/\" \/>\n<meta property=\"og:locale\" content=\"fr_FR\" \/>\n<meta property=\"og:type\" content=\"article\" \/>\n<meta property=\"og:title\" content=\"Carol Robinson\" \/>\n<meta property=\"og:description\" content=\"Dire que Carol Robinson est une compositrice et clarinettiste franco-am\u00e9ricaine est bien r\u00e9ducteur pour embrasser l\u2019\u00e9clectisme de son parcours et de ses passions. En fait, elle semble s\u2019int\u00e9resser \u00e0 tout ce qui touche au son.\" \/>\n<meta property=\"og:url\" content=\"http:\/\/carolrobinson.net\/fr\/\" \/>\n<meta property=\"og:site_name\" content=\"Carol Robinson\" \/>\n<meta property=\"article:modified_time\" content=\"2017-03-29T08:37:42+00:00\" \/>\n<meta name=\"twitter:card\" content=\"summary_large_image\" \/>\n<meta name=\"twitter:label1\" content=\"Dur\u00e9e de lecture estim\u00e9e\" \/>\n\t<meta name=\"twitter:data1\" content=\"2 minutes\" \/>\n<script type=\"application\/ld+json\" class=\"yoast-schema-graph\">{\"@context\":\"https:\/\/schema.org\",\"@graph\":[{\"@type\":\"WebPage\",\"@id\":\"http:\/\/carolrobinson.net\/fr\/\",\"url\":\"http:\/\/carolrobinson.net\/fr\/\",\"name\":\"Carol Robinson\",\"isPartOf\":{\"@id\":\"https:\/\/carolrobinson.net\/fr\/#website\"},\"datePublished\":\"2015-07-17T10:12:15+00:00\",\"dateModified\":\"2017-03-29T08:37:42+00:00\",\"description\":\"Dire que Carol Robinson est une compositrice et clarinettiste franco-am\u00e9ricaine est bien r\u00e9ducteur pour embrasser l\u2019\u00e9clectisme de son parcours et de ses passions. En fait, elle semble s\u2019int\u00e9resser \u00e0 tout ce qui touche au son.\",\"breadcrumb\":{\"@id\":\"http:\/\/carolrobinson.net\/fr\/#breadcrumb\"},\"inLanguage\":\"fr-FR\",\"potentialAction\":[{\"@type\":\"ReadAction\",\"target\":[\"http:\/\/carolrobinson.net\/fr\/\"]}]},{\"@type\":\"BreadcrumbList\",\"@id\":\"http:\/\/carolrobinson.net\/fr\/#breadcrumb\",\"itemListElement\":[{\"@type\":\"ListItem\",\"position\":1,\"name\":\"Home\",\"item\":\"https:\/\/carolrobinson.net\/fr\/\"},{\"@type\":\"ListItem\",\"position\":2,\"name\":\"Carol Robinson\"}]},{\"@type\":\"WebSite\",\"@id\":\"https:\/\/carolrobinson.net\/fr\/#website\",\"url\":\"https:\/\/carolrobinson.net\/fr\/\",\"name\":\"Carol Robinson\",\"description\":\"composer &amp; clarinetist\",\"potentialAction\":[{\"@type\":\"SearchAction\",\"target\":{\"@type\":\"EntryPoint\",\"urlTemplate\":\"https:\/\/carolrobinson.net\/fr\/?s={search_term_string}\"},\"query-input\":{\"@type\":\"PropertyValueSpecification\",\"valueRequired\":true,\"valueName\":\"search_term_string\"}}],\"inLanguage\":\"fr-FR\"}]}<\/script>\n<!-- \/ Yoast SEO plugin. -->","yoast_head_json":{"title":"Carol Robinson","description":"Dire que Carol Robinson est une compositrice et clarinettiste franco-am\u00e9ricaine est bien r\u00e9ducteur pour embrasser l\u2019\u00e9clectisme de son parcours et de ses passions. En fait, elle semble s\u2019int\u00e9resser \u00e0 tout ce qui touche au son.","robots":{"index":"index","follow":"follow","max-snippet":"max-snippet:-1","max-image-preview":"max-image-preview:large","max-video-preview":"max-video-preview:-1"},"canonical":"http:\/\/carolrobinson.net\/fr\/","og_locale":"fr_FR","og_type":"article","og_title":"Carol Robinson","og_description":"Dire que Carol Robinson est une compositrice et clarinettiste franco-am\u00e9ricaine est bien r\u00e9ducteur pour embrasser l\u2019\u00e9clectisme de son parcours et de ses passions. En fait, elle semble s\u2019int\u00e9resser \u00e0 tout ce qui touche au son.","og_url":"http:\/\/carolrobinson.net\/fr\/","og_site_name":"Carol Robinson","article_modified_time":"2017-03-29T08:37:42+00:00","twitter_card":"summary_large_image","twitter_misc":{"Dur\u00e9e de lecture estim\u00e9e":"2 minutes"},"schema":{"@context":"https:\/\/schema.org","@graph":[{"@type":"WebPage","@id":"http:\/\/carolrobinson.net\/fr\/","url":"http:\/\/carolrobinson.net\/fr\/","name":"Carol Robinson","isPartOf":{"@id":"https:\/\/carolrobinson.net\/fr\/#website"},"datePublished":"2015-07-17T10:12:15+00:00","dateModified":"2017-03-29T08:37:42+00:00","description":"Dire que Carol Robinson est une compositrice et clarinettiste franco-am\u00e9ricaine est bien r\u00e9ducteur pour embrasser l\u2019\u00e9clectisme de son parcours et de ses passions. En fait, elle semble s\u2019int\u00e9resser \u00e0 tout ce qui touche au son.","breadcrumb":{"@id":"http:\/\/carolrobinson.net\/fr\/#breadcrumb"},"inLanguage":"fr-FR","potentialAction":[{"@type":"ReadAction","target":["http:\/\/carolrobinson.net\/fr\/"]}]},{"@type":"BreadcrumbList","@id":"http:\/\/carolrobinson.net\/fr\/#breadcrumb","itemListElement":[{"@type":"ListItem","position":1,"name":"Home","item":"https:\/\/carolrobinson.net\/fr\/"},{"@type":"ListItem","position":2,"name":"Carol Robinson"}]},{"@type":"WebSite","@id":"https:\/\/carolrobinson.net\/fr\/#website","url":"https:\/\/carolrobinson.net\/fr\/","name":"Carol Robinson","description":"composer &amp; clarinetist","potentialAction":[{"@type":"SearchAction","target":{"@type":"EntryPoint","urlTemplate":"https:\/\/carolrobinson.net\/fr\/?s={search_term_string}"},"query-input":{"@type":"PropertyValueSpecification","valueRequired":true,"valueName":"search_term_string"}}],"inLanguage":"fr-FR"}]}},"_links":{"self":[{"href":"http:\/\/carolrobinson.net\/fr\/wp-json\/wp\/v2\/pages\/1351","targetHints":{"allow":["GET"]}}],"collection":[{"href":"http:\/\/carolrobinson.net\/fr\/wp-json\/wp\/v2\/pages"}],"about":[{"href":"http:\/\/carolrobinson.net\/fr\/wp-json\/wp\/v2\/types\/page"}],"author":[{"embeddable":true,"href":"http:\/\/carolrobinson.net\/fr\/wp-json\/wp\/v2\/users\/6"}],"replies":[{"embeddable":true,"href":"http:\/\/carolrobinson.net\/fr\/wp-json\/wp\/v2\/comments?post=1351"}],"version-history":[{"count":7,"href":"http:\/\/carolrobinson.net\/fr\/wp-json\/wp\/v2\/pages\/1351\/revisions"}],"predecessor-version":[{"id":7915,"href":"http:\/\/carolrobinson.net\/fr\/wp-json\/wp\/v2\/pages\/1351\/revisions\/7915"}],"wp:attachment":[{"href":"http:\/\/carolrobinson.net\/fr\/wp-json\/wp\/v2\/media?parent=1351"}],"curies":[{"name":"wp","href":"https:\/\/api.w.org\/{rel}","templated":true}]}}