{"id":2243,"date":"2015-08-03T10:15:07","date_gmt":"2015-08-03T10:15:07","guid":{"rendered":"http:\/\/carolrobinson.net\/?page_id=2243"},"modified":"2015-08-17T12:29:41","modified_gmt":"2015-08-17T12:29:41","slug":"berio","status":"publish","type":"page","link":"http:\/\/carolrobinson.net\/fr\/recordings\/berio\/","title":{"rendered":"Berio"},"content":{"rendered":"<div class=\"wpb-content-wrapper\"><p>[vc_row][vc_column width=\u00a0\u00bb1\/2&Prime;][vc_single_image image=\u00a0\u00bb1399&Prime; img_size=\u00a0\u00bbfull\u00a0\u00bb][\/vc_column][vc_column width=\u00a0\u00bb1\/2&Prime;][vc_row_inner][vc_column_inner][vc_column_text]<\/p>\n<p class=\"lead\"><strong>Complete Sequenzas &amp; Works for Solo Instruments<\/strong><\/p>\n<p>LUCIANO BERIO[\/vc_column_text][\/vc_column_inner][\/vc_row_inner][vc_column_text]triple CD<\/p>\n<p><a href=\"http:\/\/www.moderecords.com\" target=\"_blank\">Mode 161-163 (2006)<\/a><br \/>\n<a href=\"http:\/\/www.moderecords.com\" target=\"_blank\">www.moderecords.com<\/a>[\/vc_column_text][\/vc_column][vc_column][vc_empty_space][vc_row_inner][vc_column_inner width=\u00a0\u00bb1\/2&Prime;][vc_column_text]Paula Robison &#8211; fl\u00fbte<br \/>\nSusan Jolles \u2013 harpe<br \/>\nIsabelle Ganz &#8211; soprano<br \/>\nAki Takahashi &#8211; piano<br \/>\nStuart Dempster &#8211; trombone<br \/>\nGarth Knox &#8211; alto<br \/>\nJacqueline Leclair &#8211; hautbois<br \/>\nIrvine Arditti \u2013 violon<br \/>\nCarol Robinson \u2013 clarinette<br \/>\nKelland Thomas \u2013 saxophone alto<br \/>\nWilliam Foreman &#8211; trompette<br \/>\nBrian McWhorter &#8211; trompette<br \/>\nSeth Josel \u2013 guitare[\/vc_column_text][\/vc_column_inner][vc_column_inner width=\u00a0\u00bb1\/2&Prime;][vc_column_text]<span lang=\"en-US\">Noriko Shimada &#8211; basson<br \/>\nStefan Hussong &#8211; accord\u00e9on<br \/>\nRohan de Saram &#8211; violoncelle<br \/>\nUlrich Krieger \u2013 saxophone soprano<br \/>\nAlain Billard \u2013 clarinette basse<br \/>\nMichael Cameron &#8211; contrebasse<br \/>\nStefano Scodanibbio \u2013 contrebasse<br \/>\nJane Chapman &#8211; clavecin<br \/>\nLucia Mense \u2013 fl\u00fbte \u00e0 bec<br \/>\nGary Verkade &#8211; orgue<\/span>[\/vc_column_text][\/vc_column_inner][\/vc_row_inner][vc_separator color=\u00a0\u00bbviolet\u00a0\u00bb][\/vc_column][vc_column][vc_empty_space][vc_column_text]<\/p>\n<p style=\"text-align: center;\"><span style=\"color: #993366;\"><span style=\"color: #b404ae;\">The New York Time&rsquo;s<\/span> <\/span>pick as one of the <strong>\u00ab\u00a010 best recordings of 2006\u00a0\u00bb<\/strong><\/p>\n<p style=\"text-align: center;\"><strong>\u00ab\u00a0Preis der deutschen Schallplattenkritik 2007\u00a0\u00bb<\/strong> for <span style=\"color: #b404ae;\">\u00ab\u00a0New Music Record of the Year\u00a0\u00bb<\/span><\/p>\n<p style=\"text-align: center;\"><strong>\u00ab\u00a0Premio del Disco Amadeus 2008\u00a0\u00bb<\/strong> from Italy&rsquo;s prestigious <span style=\"color: #b404ae;\">Amadeus Music magazine<\/span><\/p>\n<p>[\/vc_column_text][\/vc_column][\/vc_row][vc_row][vc_column][vc_separator color=\u00a0\u00bbpurple\u00a0\u00bb][\/vc_column][\/vc_row][vc_row][vc_column][vc_column_text]<\/p>\n<p class=\"lead\"><strong>Presse<br \/>\n<\/strong><\/p>\n<p>[\/vc_column_text][\/vc_column][\/vc_row][vc_row][vc_column width=\u00a0\u00bb1\/3&Prime;][vc_column_text]<a href=\"#David\">David N.Lewis<\/a><br \/>\n<strong>All Music Guide<\/strong><br \/>\nJuillet 2006[\/vc_column_text][vc_column_text]<a href=\"#Massimo\">Massimo Ricci<\/a><br \/>\n<strong>paristransatlantic.com<\/strong><br \/>\nOctobre 2006[\/vc_column_text][vc_column_text]<a href=\"#Christopher\">Christopher Delaurenti<\/a><br \/>\n<strong>The Stranger<\/strong><br \/>\n1-7 juin 2006[\/vc_column_text][\/vc_column][vc_column width=\u00a0\u00bb1\/3&Prime;][vc_column_text]<a href=\"#Javier\">Javier Palacio<\/a><br \/>\n<strong>Diverdi<\/strong><br \/>\nAo\u00fbt 2006[\/vc_column_text][vc_column_text]<a href=\"#Andrew\">Andrew Clements<\/a><br \/>\n<strong>The Guardian<\/strong><br \/>\n25 ao\u00fbt 2006[\/vc_column_text][\/vc_column][vc_column width=\u00a0\u00bb1\/3&Prime;][vc_column_text]<a href=\"#Dan\">Dan Warburton<\/a><br \/>\n<strong>The Wire<\/strong><br \/>\nAo\u00fbt 2006[\/vc_column_text][vc_column_text]<a href=\"#Dominy\">Dominy Clements<\/a><br \/>\n<strong>musicwebinternational.com<\/strong><br \/>\nF\u00e9vrier 2007[\/vc_column_text][\/vc_column][\/vc_row][vc_row][vc_column][vc_separator color=\u00a0\u00bbpurple\u00a0\u00bb][\/vc_column][\/vc_row][vc_row][vc_column][vc_column_text]<a name=\"David\"><\/a><strong>David N. Lewis\u00a0<\/strong><br \/>\nAll Music Guide<br \/>\nJuillet 2006<\/p>\n<p style=\"text-align: justify;\">Although Naxos managed to speed out a similar collection a little ahead of this one, it&rsquo;s really not in the same class with the Mode &#8211; the label spent more than a decade recording this set with artists that Berio himself favored. [\u2026]All of the interpretations are first rate, as is the annotation, photographs and sound, which retains a surprisingly consistent quality from track to track, as this 4-disc set was recorded all over the map over a long period of time. [\u2026] Berio&rsquo;s music has a good chance of retaining currency within the future, and Mode&rsquo;s Berio: Complete Sequenzas and Solo Works represents the gold standard in paving the way for his legacy.<\/p>\n<p>[\/vc_column_text][\/vc_column][\/vc_row][vc_row][vc_column][vc_separator color=\u00a0\u00bbpurple\u00a0\u00bb][\/vc_column][\/vc_row][vc_row][vc_column][vc_column_text]<a name=\"Javier\"><\/a><strong>Javier Palacio\u00a0<\/strong><br \/>\nDiverdi<br \/>\nAo\u00fbt 2006<\/p>\n<p style=\"text-align: justify;\">[\u2026]Era \u00e9ste, desde luego, un cap\u00edtulo particularmente importante al conceder el compositor italiano un papel fundamental al virtuosismo, y m\u00e1s en concreto al \u00abvirtuosismo de la sensibilidad y la inteligencia\u00bb, puesto que \u00abs\u00f3lo los mejores solistas son capaces de tocar con vasta perspectiva hist\u00f3rica y de resolver los conflictos entre las exigencias creativas del pasado y el presente, utilizando su instrumento como herramienta de investigaci\u00f3n y expresi\u00f3n\u00bb. No pod\u00eda, entonces, disponer de mejores traductores de su est\u00e9tica sonora y de su pensamiento que los ahora reunidos: nada menos que Irvine Arditti (viol\u00edn), Rohan de Saram (chelo), Stefano Scodanibbio (contrabajo), Garth Knox (viola), Stuart Dempster (tromb\u00f3n), Jane Chapman (clavec\u00edn), Isabelle Ganz (mezzo), Aki Takahashi (piano), Jacqueline Leclair (oboe); Susan Jolles (arpa) o Carol Robinson (clarinete), entre otros, lo cual significa muchos de los nombres m\u00e1s granados de la escena interpretativa del momento. [\u2026]<\/p>\n<p style=\"text-align: justify;\">Dan Warburton<\/p>\n<p style=\"text-align: justify;\">The Wire &#8211; August 2006<\/p>\n<p style=\"text-align: justify;\">[\u2026]An essential release.<\/p>\n<p style=\"text-align: justify;\"><a name=\"Andrew\"><\/a><\/p>\n<p>[\/vc_column_text][\/vc_column][\/vc_row][vc_row][vc_column][vc_separator color=\u00a0\u00bbpurple\u00a0\u00bb][\/vc_column][\/vc_row][vc_row][vc_column][vc_column_text]<a name=\"Dan\"><\/a><strong>Dan Warburton\u00a0<\/strong><br \/>\nhe Wire<br \/>\nAo\u00fbt 2006<\/p>\n<p style=\"text-align: justify;\">[\u2026]An essential release.<\/p>\n<p style=\"text-align: justify;\"><a name=\"Alan\"><\/a><\/p>\n<p>[\/vc_column_text][\/vc_column][\/vc_row][vc_row][vc_column][vc_separator color=\u00a0\u00bbpurple\u00a0\u00bb][\/vc_column][\/vc_row][vc_row][vc_column][vc_column_text]<a name=\"Massimo\"><\/a><strong>Massimo Ricci,\u00a0<\/strong><br \/>\nOctobre 2006<br \/>\n<a href=\"http:\/\/www.paristransatlantic.com\/\">www.paristransatlantic.com<\/a><\/p>\n<p style=\"text-align: justify;\">[\u2026] A case in point is Sequenza IXa for clarinet (here masterfully rendered by Carol Robinson) which derives from Chemins V, a work Berio withdrew shortly after its premiere. This Mode set represents the very first time in which all the Sequenze (even the \u00ab\u00a0posthumous\u00a0\u00bb ones, notably Stefano Scodanibbio&rsquo;s excellent transcription for double bass of the cello Sequenza XIV) and the works for solo instruments have been gathered together in a single release. Listening to the whole thing in one go is difficult but not impossible, as Berio&rsquo;s articulately bright writing highlights both the strengths and the less explored nuances of every instrument while maintaining an evident intelligibility, a consequence of the composer&rsquo;s interest in popular traditions and themes he often loved to mix with more experimental and serial techniques. Virtuosity is a necessity, never mere technical showing off; according to Berio&rsquo;s instructions some of these scores should be played sempre molto flessibile, quasi improvvisando (\u00ab\u00a0always very flexible, almost improvising\u00a0\u00bb). [\u2026]The performers, a veritable Who&rsquo;s Who of great soloists including Irvine Arditti, Stuart Dempster, Rohan De Saram, Isabelle Ganz, Ulrich Krieger, Seth Josel and Aki Takahashi (to name but a few), contribute with heartfelt passion to the success of the project. [\u2026]<\/p>\n<p>[\/vc_column_text][\/vc_column][\/vc_row][vc_row][vc_column][vc_separator color=\u00a0\u00bbpurple\u00a0\u00bb][\/vc_column][\/vc_row][vc_row][vc_column][vc_column_text]<a name=\"Andrew\"><\/a><strong>Andrew Clements\u00a0<\/strong><br \/>\nThe Guardian<br \/>\n25 ao\u00fbt 2006<\/p>\n<p style=\"text-align: justify;\">[\u2026] the level of virtuosity on these discs is staggeringly high; anyone interested in Berio&rsquo;s solo pieces, perhaps the most important instrumental music in our time, should explore this collection.<\/p>\n<p style=\"text-align: justify;\"><a name=\"Jean\"><\/a><\/p>\n<p>[\/vc_column_text][\/vc_column][\/vc_row][vc_row][vc_column][vc_separator color=\u00a0\u00bbpurple\u00a0\u00bb][\/vc_column][\/vc_row][vc_row][vc_column][vc_column_text]<a name=\"Dominy\"><\/a><strong>Dominy Clements\u00a0<\/strong><br \/>\nF\u00e9vrier 2007<br \/>\n<a href=\"http:\/\/www.musicwebinternational.com\/\">www.musicwebinternational.com<\/a><\/p>\n<p style=\"text-align: justify;\">[&#8230;] Much of Berio\u2019s music, the Sequenzas included, inhabits a world of inner drama which interacts with the outside world in a surreal fashion. It\u2019s the kind of drama which confronts and subverts within the mind, entering and rummaging around in the subconscious and then rearing up in front of you like a giant balloon clown when you least expect it. The relationships of perspective between the player and his\/her instrument, and between the player and the audience, are in state of constant distortion and flux. [&#8230;]<\/p>\n<p style=\"text-align: justify;\">Carol Robinson has a slightly wider range, more introverted in the soft, lyrical passages, and with a little more bite and attack when things become more hairy.[&#8230;]<\/p>\n<p style=\"text-align: justify;\">Mode\u2019s recordings are almost invariably more detailed and confrontational, but inevitably a bit of a mixed bag. [\u2026]Even where the recording is less appealing the performances are always good, and most are superb.<\/p>\n<p>[\/vc_column_text][\/vc_column][\/vc_row][vc_row][vc_column][vc_separator color=\u00a0\u00bbpurple\u00a0\u00bb][\/vc_column][\/vc_row][vc_row][vc_column][vc_column_text]<a name=\"Christopher\"><\/a><strong>Christopher Delaurenti\u00a0<\/strong><br \/>\nThe Stranger<br \/>\nJuin 2006<\/p>\n<p style=\"text-align: justify;\">[\u2026]Berio: Sequenzas &amp; Solo Works (Mode), collect the complete Sequenzas and offer a superb, if not superior, alternative to the pricey 1998 set on Deutsche Grammophon, which lacks the final Sequenza XIV composed in 2002. [\u2026] Mode enlisted several new music all-stars\u2014Irvine Arditti, Carol Robinson, Stuart Dempster\u2014and added a fourth disc of solo works. Also, I appreciate Mode&rsquo;s inclusion of Edoardo Sanguineti&rsquo;s optional prefatory spoken texts, all indexed on separate tracks. Essential.<\/p>\n<p>[\/vc_column_text][\/vc_column][\/vc_row][vc_row][vc_column][vc_separator color=\u00a0\u00bbpurple\u00a0\u00bb][\/vc_column][\/vc_row]<\/p>\n<\/div>","protected":false},"excerpt":{"rendered":"<p>[vc_row][vc_column width=\u00a0\u00bb1\/2&Prime;][vc_single_image image=\u00a0\u00bb1399&Prime; img_size=\u00a0\u00bbfull\u00a0\u00bb][\/vc_column][vc_column width=\u00a0\u00bb1\/2&Prime;][vc_row_inner][vc_column_inner][vc_column_text] Complete Sequenzas &amp; Works for Solo Instruments LUCIANO BERIO[\/vc_column_text][\/vc_column_inner][\/vc_row_inner][vc_column_text]triple CD&#8230;<\/p>\n","protected":false},"author":6,"featured_media":0,"parent":1355,"menu_order":0,"comment_status":"closed","ping_status":"closed","template":"page_sidebar.php","meta":{"footnotes":""},"class_list":["post-2243","page","type-page","status-publish","hentry"],"yoast_head":"<!-- This site is optimized with the Yoast SEO plugin v27.2 - https:\/\/yoast.com\/product\/yoast-seo-wordpress\/ -->\n<title>Berio - Carol Robinson<\/title>\n<meta name=\"robots\" content=\"index, follow, max-snippet:-1, max-image-preview:large, max-video-preview:-1\" \/>\n<link rel=\"canonical\" href=\"http:\/\/carolrobinson.net\/fr\/recordings\/berio\/\" \/>\n<meta property=\"og:locale\" content=\"fr_FR\" \/>\n<meta property=\"og:type\" content=\"article\" \/>\n<meta property=\"og:title\" content=\"Berio - Carol Robinson\" \/>\n<meta property=\"og:description\" content=\"[vc_row][vc_column width=\u00a0\u00bb1\/2&Prime;][vc_single_image image=\u00a0\u00bb1399&Prime; img_size=\u00a0\u00bbfull\u00a0\u00bb][\/vc_column][vc_column width=\u00a0\u00bb1\/2&Prime;][vc_row_inner][vc_column_inner][vc_column_text] Complete Sequenzas &amp; Works for Solo Instruments LUCIANO BERIO[\/vc_column_text][\/vc_column_inner][\/vc_row_inner][vc_column_text]triple CD...\" \/>\n<meta property=\"og:url\" content=\"http:\/\/carolrobinson.net\/fr\/recordings\/berio\/\" \/>\n<meta property=\"og:site_name\" content=\"Carol Robinson\" \/>\n<meta property=\"article:modified_time\" content=\"2015-08-17T12:29:41+00:00\" \/>\n<meta name=\"twitter:card\" content=\"summary_large_image\" \/>\n<meta name=\"twitter:label1\" content=\"Dur\u00e9e de lecture estim\u00e9e\" \/>\n\t<meta name=\"twitter:data1\" content=\"7 minutes\" \/>\n<script type=\"application\/ld+json\" class=\"yoast-schema-graph\">{\"@context\":\"https:\/\/schema.org\",\"@graph\":[{\"@type\":\"WebPage\",\"@id\":\"http:\/\/carolrobinson.net\/fr\/recordings\/berio\/\",\"url\":\"http:\/\/carolrobinson.net\/fr\/recordings\/berio\/\",\"name\":\"Berio - Carol Robinson\",\"isPartOf\":{\"@id\":\"http:\/\/carolrobinson.net\/fr\/#website\"},\"datePublished\":\"2015-08-03T10:15:07+00:00\",\"dateModified\":\"2015-08-17T12:29:41+00:00\",\"breadcrumb\":{\"@id\":\"http:\/\/carolrobinson.net\/fr\/recordings\/berio\/#breadcrumb\"},\"inLanguage\":\"fr-FR\",\"potentialAction\":[{\"@type\":\"ReadAction\",\"target\":[\"http:\/\/carolrobinson.net\/fr\/recordings\/berio\/\"]}]},{\"@type\":\"BreadcrumbList\",\"@id\":\"http:\/\/carolrobinson.net\/fr\/recordings\/berio\/#breadcrumb\",\"itemListElement\":[{\"@type\":\"ListItem\",\"position\":1,\"name\":\"Home\",\"item\":\"http:\/\/carolrobinson.net\/fr\/\"},{\"@type\":\"ListItem\",\"position\":2,\"name\":\"recordings\",\"item\":\"http:\/\/carolrobinson.net\/fr\/recordings\/\"},{\"@type\":\"ListItem\",\"position\":3,\"name\":\"Berio\"}]},{\"@type\":\"WebSite\",\"@id\":\"http:\/\/carolrobinson.net\/fr\/#website\",\"url\":\"http:\/\/carolrobinson.net\/fr\/\",\"name\":\"Carol Robinson\",\"description\":\"composer &amp; clarinetist\",\"potentialAction\":[{\"@type\":\"SearchAction\",\"target\":{\"@type\":\"EntryPoint\",\"urlTemplate\":\"http:\/\/carolrobinson.net\/fr\/?s={search_term_string}\"},\"query-input\":{\"@type\":\"PropertyValueSpecification\",\"valueRequired\":true,\"valueName\":\"search_term_string\"}}],\"inLanguage\":\"fr-FR\"}]}<\/script>\n<!-- \/ Yoast SEO plugin. -->","yoast_head_json":{"title":"Berio - Carol Robinson","robots":{"index":"index","follow":"follow","max-snippet":"max-snippet:-1","max-image-preview":"max-image-preview:large","max-video-preview":"max-video-preview:-1"},"canonical":"http:\/\/carolrobinson.net\/fr\/recordings\/berio\/","og_locale":"fr_FR","og_type":"article","og_title":"Berio - Carol Robinson","og_description":"[vc_row][vc_column width=\u00a0\u00bb1\/2&Prime;][vc_single_image image=\u00a0\u00bb1399&Prime; img_size=\u00a0\u00bbfull\u00a0\u00bb][\/vc_column][vc_column width=\u00a0\u00bb1\/2&Prime;][vc_row_inner][vc_column_inner][vc_column_text] Complete Sequenzas &amp; Works for Solo Instruments LUCIANO BERIO[\/vc_column_text][\/vc_column_inner][\/vc_row_inner][vc_column_text]triple CD...","og_url":"http:\/\/carolrobinson.net\/fr\/recordings\/berio\/","og_site_name":"Carol Robinson","article_modified_time":"2015-08-17T12:29:41+00:00","twitter_card":"summary_large_image","twitter_misc":{"Dur\u00e9e de lecture estim\u00e9e":"7 minutes"},"schema":{"@context":"https:\/\/schema.org","@graph":[{"@type":"WebPage","@id":"http:\/\/carolrobinson.net\/fr\/recordings\/berio\/","url":"http:\/\/carolrobinson.net\/fr\/recordings\/berio\/","name":"Berio - Carol Robinson","isPartOf":{"@id":"http:\/\/carolrobinson.net\/fr\/#website"},"datePublished":"2015-08-03T10:15:07+00:00","dateModified":"2015-08-17T12:29:41+00:00","breadcrumb":{"@id":"http:\/\/carolrobinson.net\/fr\/recordings\/berio\/#breadcrumb"},"inLanguage":"fr-FR","potentialAction":[{"@type":"ReadAction","target":["http:\/\/carolrobinson.net\/fr\/recordings\/berio\/"]}]},{"@type":"BreadcrumbList","@id":"http:\/\/carolrobinson.net\/fr\/recordings\/berio\/#breadcrumb","itemListElement":[{"@type":"ListItem","position":1,"name":"Home","item":"http:\/\/carolrobinson.net\/fr\/"},{"@type":"ListItem","position":2,"name":"recordings","item":"http:\/\/carolrobinson.net\/fr\/recordings\/"},{"@type":"ListItem","position":3,"name":"Berio"}]},{"@type":"WebSite","@id":"http:\/\/carolrobinson.net\/fr\/#website","url":"http:\/\/carolrobinson.net\/fr\/","name":"Carol Robinson","description":"composer &amp; clarinetist","potentialAction":[{"@type":"SearchAction","target":{"@type":"EntryPoint","urlTemplate":"http:\/\/carolrobinson.net\/fr\/?s={search_term_string}"},"query-input":{"@type":"PropertyValueSpecification","valueRequired":true,"valueName":"search_term_string"}}],"inLanguage":"fr-FR"}]}},"_links":{"self":[{"href":"http:\/\/carolrobinson.net\/fr\/wp-json\/wp\/v2\/pages\/2243","targetHints":{"allow":["GET"]}}],"collection":[{"href":"http:\/\/carolrobinson.net\/fr\/wp-json\/wp\/v2\/pages"}],"about":[{"href":"http:\/\/carolrobinson.net\/fr\/wp-json\/wp\/v2\/types\/page"}],"author":[{"embeddable":true,"href":"http:\/\/carolrobinson.net\/fr\/wp-json\/wp\/v2\/users\/6"}],"replies":[{"embeddable":true,"href":"http:\/\/carolrobinson.net\/fr\/wp-json\/wp\/v2\/comments?post=2243"}],"version-history":[{"count":8,"href":"http:\/\/carolrobinson.net\/fr\/wp-json\/wp\/v2\/pages\/2243\/revisions"}],"predecessor-version":[{"id":3021,"href":"http:\/\/carolrobinson.net\/fr\/wp-json\/wp\/v2\/pages\/2243\/revisions\/3021"}],"up":[{"embeddable":true,"href":"http:\/\/carolrobinson.net\/fr\/wp-json\/wp\/v2\/pages\/1355"}],"wp:attachment":[{"href":"http:\/\/carolrobinson.net\/fr\/wp-json\/wp\/v2\/media?parent=2243"}],"curies":[{"name":"wp","href":"https:\/\/api.w.org\/{rel}","templated":true}]}}