{"id":2331,"date":"2015-08-03T10:26:27","date_gmt":"2015-08-03T10:26:27","guid":{"rendered":"http:\/\/carolrobinson.net\/?page_id=2331"},"modified":"2015-08-17T12:31:10","modified_gmt":"2015-08-17T12:31:10","slug":"durruti","status":"publish","type":"page","link":"http:\/\/carolrobinson.net\/fr\/recordings\/durruti\/","title":{"rendered":"Durruti"},"content":{"rendered":"<div class=\"wpb-content-wrapper\"><p>[vc_row][vc_column width=\u00a0\u00bb1\/2&Prime;][vc_single_image image=\u00a0\u00bb1410&Prime; img_size=\u00a0\u00bbfull\u00a0\u00bb][\/vc_column][vc_column width=\u00a0\u00bb1\/2&Prime;][vc_column_text]<\/p>\n<p class=\"lead\"><strong>Collectif pour un autre futur<\/strong><\/p>\n<p>BUENAVENTURA DURRUTI<\/p>\n<p>(1996, r\u00e9\u00e9dition 2011)<\/p>\n<p>nato 3164\/3244<br \/>\n<a href=\"http:\/\/www.natomusic.fr\" target=\"_blank\">www.natomusic.fr<\/a>[\/vc_column_text][\/vc_column][\/vc_row][vc_row][vc_column][vc_empty_space][vc_row_inner][vc_column_inner][vc_column_text]<\/p>\n<p style=\"text-align: justify;\">Elsa Birg\u00e9- Abel Paz- Tony Hymas- Tony Coe- Nathalie Richard- No\u00ebl Akchot\u00e9- Un Drame Musical Instantan\u00e9- Bernard Vitet- Fran\u00e7ois Corneloup- Herv\u00e9 Legeay- Michel Godard- Xavier Desandre Navarre -Jean-Jacques Birg\u00e9Joe Carioca &#8211; Henry Lowther &#8211; Ladybones Trombone Quartet -Tracy HollowayAbigail Newman -Lorraine Temple -Sarah Williams -Paul Clarvis -Carmen Alvarez -El Roto -Paco Narvaez -Violeta Ferrer -Carol Robinson -Beno\u00eet Delbecq -H\u00e9l\u00e8ne Labarri\u00e8re -Lucie Recio -La Marmite Infernale -Jean-Paul Autin -Jean Bolcato -Michel Boiton -Jean-Luc Capozzo -Patrick Charbonnier -Xavier GarciaAlain GibertJean M\u00e9reuMaurice MerleDimitri NaiditchAlain Rellay -Christian Rollet &#8211; Jacques Veill\u00e9 &#8211; Guy Villerd &#8211; Steve Arg\u00fcelles &#8211; Marc Ducret &#8211; Marie Thollot &#8211; Angel Carmona &#8211; Evan Parker &#8211; Agusti Fernandez &#8211; Manuel Aguilella &#8211; Alfonsina Ortega &#8211; Anna Luif &#8211; Nadja Zela &#8211; Anna Vil\u00e1s &#8211; Dave Green -Be\u00f1at Achiary &#8211; Michel Etchecopar &#8211; Mohamed Bouari \u2013 Alla &#8211; Phil Minton &#8211; Mark Sanders &#8211; Dominique Pifarely &#8211; Fran\u00e7ois Couturier &#8211; Kader l\u2019Aktivist &#8211; Guillaume Orti &#8211; Fr\u00e9d\u00e9ric Briet &#8211; Joe Carver &#8211; Eric Chalan &#8211; Claude Tchamitchian &#8211; Norbert Lucarain &#8211; Jean-Fran\u00e7ois Pauvros &#8211; Jes\u00fas Guill\u00e9n &#8211; Miguel Celma &#8211; Sylvain KassapDidier Petit &#8211; Philippe Carles &#8211; Raymond Boni<\/p>\n<p>[\/vc_column_text][\/vc_column_inner][\/vc_row_inner][\/vc_column][\/vc_row][vc_row][vc_column][vc_separator color=\u00a0\u00bbpurple\u00a0\u00bb][\/vc_column][\/vc_row]<\/p>\n<\/div>","protected":false},"excerpt":{"rendered":"<p>[vc_row][vc_column width=\u00a0\u00bb1\/2&Prime;][vc_single_image image=\u00a0\u00bb1410&Prime; img_size=\u00a0\u00bbfull\u00a0\u00bb][\/vc_column][vc_column width=\u00a0\u00bb1\/2&Prime;][vc_column_text] Collectif pour un autre futur BUENAVENTURA DURRUTI (1996, r\u00e9\u00e9dition 2011)&#8230;<\/p>\n","protected":false},"author":6,"featured_media":0,"parent":1355,"menu_order":0,"comment_status":"closed","ping_status":"closed","template":"page_sidebar.php","meta":{"footnotes":""},"class_list":["post-2331","page","type-page","status-publish","hentry"],"yoast_head":"<!-- This site is optimized with the Yoast SEO plugin v27.2 - https:\/\/yoast.com\/product\/yoast-seo-wordpress\/ -->\n<title>Durruti - Carol Robinson<\/title>\n<meta name=\"robots\" content=\"index, follow, max-snippet:-1, max-image-preview:large, max-video-preview:-1\" \/>\n<link rel=\"canonical\" href=\"http:\/\/carolrobinson.net\/fr\/recordings\/durruti\/\" \/>\n<meta property=\"og:locale\" content=\"fr_FR\" \/>\n<meta property=\"og:type\" content=\"article\" \/>\n<meta property=\"og:title\" content=\"Durruti - Carol Robinson\" \/>\n<meta property=\"og:description\" content=\"[vc_row][vc_column width=\u00a0\u00bb1\/2&Prime;][vc_single_image image=\u00a0\u00bb1410&Prime; img_size=\u00a0\u00bbfull\u00a0\u00bb][\/vc_column][vc_column width=\u00a0\u00bb1\/2&Prime;][vc_column_text] Collectif pour un autre futur BUENAVENTURA DURRUTI (1996, r\u00e9\u00e9dition 2011)...\" \/>\n<meta property=\"og:url\" content=\"http:\/\/carolrobinson.net\/fr\/recordings\/durruti\/\" \/>\n<meta property=\"og:site_name\" content=\"Carol Robinson\" \/>\n<meta property=\"article:modified_time\" content=\"2015-08-17T12:31:10+00:00\" \/>\n<meta name=\"twitter:card\" content=\"summary_large_image\" \/>\n<meta name=\"twitter:label1\" content=\"Dur\u00e9e de lecture estim\u00e9e\" \/>\n\t<meta name=\"twitter:data1\" content=\"1 minute\" \/>\n<script type=\"application\/ld+json\" class=\"yoast-schema-graph\">{\"@context\":\"https:\/\/schema.org\",\"@graph\":[{\"@type\":\"WebPage\",\"@id\":\"http:\/\/carolrobinson.net\/fr\/recordings\/durruti\/\",\"url\":\"http:\/\/carolrobinson.net\/fr\/recordings\/durruti\/\",\"name\":\"Durruti - Carol Robinson\",\"isPartOf\":{\"@id\":\"https:\/\/carolrobinson.net\/fr\/#website\"},\"datePublished\":\"2015-08-03T10:26:27+00:00\",\"dateModified\":\"2015-08-17T12:31:10+00:00\",\"breadcrumb\":{\"@id\":\"http:\/\/carolrobinson.net\/fr\/recordings\/durruti\/#breadcrumb\"},\"inLanguage\":\"fr-FR\",\"potentialAction\":[{\"@type\":\"ReadAction\",\"target\":[\"http:\/\/carolrobinson.net\/fr\/recordings\/durruti\/\"]}]},{\"@type\":\"BreadcrumbList\",\"@id\":\"http:\/\/carolrobinson.net\/fr\/recordings\/durruti\/#breadcrumb\",\"itemListElement\":[{\"@type\":\"ListItem\",\"position\":1,\"name\":\"Home\",\"item\":\"https:\/\/carolrobinson.net\/fr\/\"},{\"@type\":\"ListItem\",\"position\":2,\"name\":\"recordings\",\"item\":\"https:\/\/carolrobinson.net\/fr\/recordings\/\"},{\"@type\":\"ListItem\",\"position\":3,\"name\":\"Durruti\"}]},{\"@type\":\"WebSite\",\"@id\":\"https:\/\/carolrobinson.net\/fr\/#website\",\"url\":\"https:\/\/carolrobinson.net\/fr\/\",\"name\":\"Carol Robinson\",\"description\":\"composer &amp; clarinetist\",\"potentialAction\":[{\"@type\":\"SearchAction\",\"target\":{\"@type\":\"EntryPoint\",\"urlTemplate\":\"https:\/\/carolrobinson.net\/fr\/?s={search_term_string}\"},\"query-input\":{\"@type\":\"PropertyValueSpecification\",\"valueRequired\":true,\"valueName\":\"search_term_string\"}}],\"inLanguage\":\"fr-FR\"}]}<\/script>\n<!-- \/ Yoast SEO plugin. -->","yoast_head_json":{"title":"Durruti - Carol Robinson","robots":{"index":"index","follow":"follow","max-snippet":"max-snippet:-1","max-image-preview":"max-image-preview:large","max-video-preview":"max-video-preview:-1"},"canonical":"http:\/\/carolrobinson.net\/fr\/recordings\/durruti\/","og_locale":"fr_FR","og_type":"article","og_title":"Durruti - Carol Robinson","og_description":"[vc_row][vc_column width=\u00a0\u00bb1\/2&Prime;][vc_single_image image=\u00a0\u00bb1410&Prime; img_size=\u00a0\u00bbfull\u00a0\u00bb][\/vc_column][vc_column width=\u00a0\u00bb1\/2&Prime;][vc_column_text] Collectif pour un autre futur BUENAVENTURA DURRUTI (1996, r\u00e9\u00e9dition 2011)...","og_url":"http:\/\/carolrobinson.net\/fr\/recordings\/durruti\/","og_site_name":"Carol Robinson","article_modified_time":"2015-08-17T12:31:10+00:00","twitter_card":"summary_large_image","twitter_misc":{"Dur\u00e9e de lecture estim\u00e9e":"1 minute"},"schema":{"@context":"https:\/\/schema.org","@graph":[{"@type":"WebPage","@id":"http:\/\/carolrobinson.net\/fr\/recordings\/durruti\/","url":"http:\/\/carolrobinson.net\/fr\/recordings\/durruti\/","name":"Durruti - Carol Robinson","isPartOf":{"@id":"https:\/\/carolrobinson.net\/fr\/#website"},"datePublished":"2015-08-03T10:26:27+00:00","dateModified":"2015-08-17T12:31:10+00:00","breadcrumb":{"@id":"http:\/\/carolrobinson.net\/fr\/recordings\/durruti\/#breadcrumb"},"inLanguage":"fr-FR","potentialAction":[{"@type":"ReadAction","target":["http:\/\/carolrobinson.net\/fr\/recordings\/durruti\/"]}]},{"@type":"BreadcrumbList","@id":"http:\/\/carolrobinson.net\/fr\/recordings\/durruti\/#breadcrumb","itemListElement":[{"@type":"ListItem","position":1,"name":"Home","item":"https:\/\/carolrobinson.net\/fr\/"},{"@type":"ListItem","position":2,"name":"recordings","item":"https:\/\/carolrobinson.net\/fr\/recordings\/"},{"@type":"ListItem","position":3,"name":"Durruti"}]},{"@type":"WebSite","@id":"https:\/\/carolrobinson.net\/fr\/#website","url":"https:\/\/carolrobinson.net\/fr\/","name":"Carol Robinson","description":"composer &amp; clarinetist","potentialAction":[{"@type":"SearchAction","target":{"@type":"EntryPoint","urlTemplate":"https:\/\/carolrobinson.net\/fr\/?s={search_term_string}"},"query-input":{"@type":"PropertyValueSpecification","valueRequired":true,"valueName":"search_term_string"}}],"inLanguage":"fr-FR"}]}},"_links":{"self":[{"href":"http:\/\/carolrobinson.net\/fr\/wp-json\/wp\/v2\/pages\/2331","targetHints":{"allow":["GET"]}}],"collection":[{"href":"http:\/\/carolrobinson.net\/fr\/wp-json\/wp\/v2\/pages"}],"about":[{"href":"http:\/\/carolrobinson.net\/fr\/wp-json\/wp\/v2\/types\/page"}],"author":[{"embeddable":true,"href":"http:\/\/carolrobinson.net\/fr\/wp-json\/wp\/v2\/users\/6"}],"replies":[{"embeddable":true,"href":"http:\/\/carolrobinson.net\/fr\/wp-json\/wp\/v2\/comments?post=2331"}],"version-history":[{"count":3,"href":"http:\/\/carolrobinson.net\/fr\/wp-json\/wp\/v2\/pages\/2331\/revisions"}],"predecessor-version":[{"id":3022,"href":"http:\/\/carolrobinson.net\/fr\/wp-json\/wp\/v2\/pages\/2331\/revisions\/3022"}],"up":[{"embeddable":true,"href":"http:\/\/carolrobinson.net\/fr\/wp-json\/wp\/v2\/pages\/1355"}],"wp:attachment":[{"href":"http:\/\/carolrobinson.net\/fr\/wp-json\/wp\/v2\/media?parent=2331"}],"curies":[{"name":"wp","href":"https:\/\/api.w.org\/{rel}","templated":true}]}}