{"id":2335,"date":"2015-08-03T10:35:56","date_gmt":"2015-08-03T10:35:56","guid":{"rendered":"http:\/\/carolrobinson.net\/?page_id=2335"},"modified":"2015-08-17T12:35:03","modified_gmt":"2015-08-17T12:35:03","slug":"herbert","status":"publish","type":"page","link":"http:\/\/carolrobinson.net\/fr\/recordings\/herbert\/","title":{"rendered":"Herbert"},"content":{"rendered":"<div class=\"wpb-content-wrapper\"><p>[vc_row][vc_column width=\u00a0\u00bb1\/2&Prime;][vc_single_image image=\u00a0\u00bb1406&Prime; img_size=\u00a0\u00bbfull\u00a0\u00bb][\/vc_column][vc_column width=\u00a0\u00bb1\/2&Prime;][vc_column_text]<\/p>\n<p class=\"lead\" style=\"text-align: justify;\"><strong>B-A-C-H a Chromatic Universe<\/strong><\/p>\n<p style=\"text-align: justify;\">PETER HERBERT<\/p>\n<p>Ingrid Jensen \u2013 trompette<br \/>\nCarol Robinson \u2013 clarinette basse<br \/>\nMarc Copland \u2013 piano<br \/>\nPeter Herbert \u2013 contrebasse<br \/>\nKenny Wollesen \u2013 batterie<\/p>\n<p>11 titres 63:31<\/p>\n<p style=\"text-align: justify;\">btl013\/EFA10183-2 (2000)<\/p>\n<p style=\"text-align: justify;\">BETWEEN THE LINES &#8211;\u00a0<a href=\"http:\/\/www.azizamusic.com\/\">www.azizamusic.com<\/a><\/p>\n<p>[\/vc_column_text][\/vc_column][\/vc_row][vc_row][vc_column][vc_separator color=\u00a0\u00bbpurple\u00a0\u00bb][\/vc_column][\/vc_row][vc_row][vc_column][vc_column_text]<\/p>\n<p class=\"lead\"><strong>Presse<\/strong><\/p>\n<p>[\/vc_column_text][\/vc_column][\/vc_row][vc_row][vc_column width=\u00a0\u00bb1\/3&Prime;][vc_column_text]<a href=\"#Glenn\">Glenn Astarita<\/a><br \/>\n<strong>All About Jazz<\/strong><br \/>\nMai 2001[\/vc_column_text][\/vc_column][vc_column width=\u00a0\u00bb1\/3&Prime;][vc_column_text]<a href=\"#Konrad\">Konrad heidkamp<\/a><br \/>\n<strong>Die Zeit, nr. 52<\/strong><br \/>\n19 d\u00e9cembre 2001[\/vc_column_text][\/vc_column][vc_column width=\u00a0\u00bb1\/3&Prime;][vc_column_text]<a href=\"#Kranck\">Franck Bongers<\/a><br \/>\n<strong>Jazzdimensions<\/strong><br \/>\n9 septembre[\/vc_column_text][\/vc_column][\/vc_row][vc_row][vc_column][vc_separator color=\u00a0\u00bbpurple\u00a0\u00bb][\/vc_column][\/vc_row][vc_row][vc_column][vc_column_text]<a name=\"Glenn\"><\/a><b>Glenn Astarita\u00a0<\/b><br \/>\nAll About Jazz<br \/>\nMai 2001<\/p>\n<p style=\"text-align: justify;\">With B-A-C-H: A Chromatic Universe, Austrian bass maestro Peter Herbert, serenades Johann Sebastian Bach while basing his schema upon the four-note-motive of the letters B-A-C-H and the chromatic transpositions. Basically, Herbert\u2019s novel intentions allude to melding elements of classicism with softly rendered rhythmic structures and the band\u2019s modern jazz style interplay as the leader penned all but three of these works.<\/p>\n<p style=\"text-align: justify;\">Herbert\u2019s employment of semitones and non harmonic tones within daintily performed motifs presents a curious proposition. However on the opener, Fuga pianist Marc Copeland\u2019s wonderfully articulated phraseology and often magical thematic developments offer some respite from a nondescript theme brimming with extended note choruses by trumpeter\/flugelhornist Ingrid Jensen and bass clarinetist Carol Robinson. The piece titled, Stauber features an underlying Afro-Cuban pulse amid a few diversions and sullen overtones, whereas Herbert, Jensen, Copeland and Robinson perform brief solo interludes on their respective works, B-A-C-H bass, B-A-C-H trumpet, B-A-C-H piano and B-A-C-H bass-clarinet.<\/p>\n<p>[\/vc_column_text][\/vc_column][\/vc_row][vc_row][vc_column][vc_separator color=\u00a0\u00bbpurple\u00a0\u00bb][\/vc_column][\/vc_row][vc_row][vc_column][vc_column_text]<a name=\"Konrad\"><\/a><strong>Konrad Heidkamp\u00a0<\/strong><br \/>\nDie Zeit nr. 52<br \/>\n19 d\u00e9cembre 2001<\/p>\n<p style=\"text-align: justify;\">Und dann beginnt das Weitertasten aufs Neue, wird man den Namen Marc Copland auf einer anderen aufregenden CD lesen, die ebenso die K\u00fchle des Herzens mit der W\u00e4rme des Verstandes verbindet: B-A-C-H A Chromatic Universe. Mit Peter Herbert (notieren!) entdeckt man einen gro\u00dfen Bassisten aus \u00d6sterreich, der in New York lebt und manchmal bei Franz Koglmanns Mono Blue Quartet zu h\u00f6ren war (between the lines 013 Vertrieb EFA: 10183). Die Trompeterin Ingrid Jensen (notieren!) spielt in diesen Tonr\u00e4umen, die Bassklarinettistin Carol Robinson (notieren!), die endlose Suche der Unvern\u00fcnftigen geht weiter.<\/p>\n<p>[\/vc_column_text][\/vc_column][\/vc_row][vc_row][vc_column][vc_separator color=\u00a0\u00bbpurple\u00a0\u00bb][\/vc_column][\/vc_row][vc_row][vc_column][vc_column_text]<a name=\"Franck\"><\/a><strong>Franck Bongers\u00a0<\/strong><br \/>\nJazzdimensions<br \/>\n9 Septembre 2001<\/p>\n<p style=\"text-align: justify;\">Trotz des verleitenden Titels haben wir es weder mit einer &lsquo;Klassik meets Jazz&rsquo;-Variante, noch mit einem versp\u00e4teten Ableger in der Tradition von Walter Carlos Play Bach zu tun. Vielmehr versucht sich das Quintett um den Bassisten Peter Herbert an einer Art von Neudefinition des Jazz &#8211; weg vom Blues, kompositorisch und vom Klangmaterial her basierend auf beinahe rein europ\u00e4ischen Wurzeln. Peter Herbert &#8211; B-A-C-H, A Chromatic Universe Der Ansatz ist auch eher ein kammermusikalischer als der eines Jazzquintetts. Schon das Einstiegsst\u00fcck Fuga beginnt mit leisen choralartigen Bl\u00e4sers\u00e4tzen, der anfangs gestrichene Bass weicht auf halber Strecke einem swingenden walking Bass &#8211; ein sehns\u00fcchtig perlendes Klavier stellt sich ins Zentrum. Auch bei Hausmann dominieren flirrende Klaviertriller und -l\u00e4ufe das mehrfach wiederkehrende Thema, alles wird zusammengehalten durch ein treibendes Ridebecken vor einem tupfend arbeitenden Bass. Stauber dagegen setzt d\u00fcster ein, mit leise pochenden Klavierdissonanzen, tickender Percussion und quietschenden gestrichenen Becken. Uber diese, mit uhr-\u00e4hnlicher Regelm\u00e4\u00dfigkeit ablaufende, unheilvoll klingende Klangkulisse baut sich mit verk\u00fcndenden Klarinetten und gestopften Trompeten eine Krimiathmosph\u00e4re auf, die sich zu rifforientierten Fusionkl\u00e4ngen steigert. Die im Titel buchstabierte, und in den St\u00fccken verarbeitete, Tonfolge &lsquo;B-A-C-H&rsquo; erscheint als Anspielung auf den sich schlie\u00dfenden Kreis &#8211; alle Kompositionen, die wir hier finden, laufen &lsquo;in sich selbst zur\u00fcck&rsquo;, enden mit dem eigenen Anfang. Blueseinfl\u00fcsse in der Tonalit\u00e4t zeigt dieser Jazz keine, dagegen Adaptionen klassischer Formen und Kompositionsmethoden &#8211; hinter der anderen Bedeutung von &lsquo;B-A-C-H&rsquo; steht schlie\u00dflich auch &lsquo;Johann Sebastian&rsquo;. Die CD stellt in der Tat ein eigenes Universum von 63 Minuten L\u00e4nge dar, in das einzutauchen sich lohnt. Erw\u00e4hnenswert auch das eigenwillige Coverkonzept, das vollst\u00e4ndig auf Kunststoffe verzichtet, ohne dabei in irgendeiner Form billig zu wirken.<\/p>\n<p>[\/vc_column_text][\/vc_column][\/vc_row][vc_row][vc_column][vc_separator color=\u00a0\u00bbpurple\u00a0\u00bb][\/vc_column][\/vc_row][vc_row][vc_column][\/vc_column][\/vc_row][vc_row][vc_column][\/vc_column][\/vc_row][vc_row][vc_column][\/vc_column][\/vc_row][vc_row][vc_column][\/vc_column][\/vc_row][vc_row][vc_column][\/vc_column][\/vc_row][vc_row][vc_column][\/vc_column][\/vc_row][vc_row][vc_column][\/vc_column][\/vc_row][vc_row][vc_column][\/vc_column][\/vc_row][vc_row][vc_column][\/vc_column][\/vc_row][vc_row][vc_column][\/vc_column][\/vc_row]<\/p>\n<\/div>","protected":false},"excerpt":{"rendered":"<p>[vc_row][vc_column width=\u00a0\u00bb1\/2&Prime;][vc_single_image image=\u00a0\u00bb1406&Prime; img_size=\u00a0\u00bbfull\u00a0\u00bb][\/vc_column][vc_column width=\u00a0\u00bb1\/2&Prime;][vc_column_text] B-A-C-H a Chromatic Universe PETER HERBERT Ingrid Jensen \u2013 trompette&#8230;<\/p>\n","protected":false},"author":6,"featured_media":0,"parent":1355,"menu_order":0,"comment_status":"closed","ping_status":"closed","template":"page_sidebar.php","meta":{"footnotes":""},"class_list":["post-2335","page","type-page","status-publish","hentry"],"yoast_head":"<!-- This site is optimized with the Yoast SEO plugin v27.2 - https:\/\/yoast.com\/product\/yoast-seo-wordpress\/ -->\n<title>Herbert - Carol Robinson<\/title>\n<meta name=\"robots\" content=\"index, follow, max-snippet:-1, max-image-preview:large, max-video-preview:-1\" \/>\n<link rel=\"canonical\" href=\"http:\/\/carolrobinson.net\/fr\/recordings\/herbert\/\" \/>\n<meta property=\"og:locale\" content=\"fr_FR\" \/>\n<meta property=\"og:type\" content=\"article\" \/>\n<meta property=\"og:title\" content=\"Herbert - Carol Robinson\" \/>\n<meta property=\"og:description\" content=\"[vc_row][vc_column width=\u00a0\u00bb1\/2&Prime;][vc_single_image image=\u00a0\u00bb1406&Prime; img_size=\u00a0\u00bbfull\u00a0\u00bb][\/vc_column][vc_column width=\u00a0\u00bb1\/2&Prime;][vc_column_text] B-A-C-H a Chromatic Universe PETER HERBERT Ingrid Jensen \u2013 trompette...\" \/>\n<meta property=\"og:url\" content=\"http:\/\/carolrobinson.net\/fr\/recordings\/herbert\/\" \/>\n<meta property=\"og:site_name\" content=\"Carol Robinson\" \/>\n<meta property=\"article:modified_time\" content=\"2015-08-17T12:35:03+00:00\" \/>\n<meta name=\"twitter:card\" content=\"summary_large_image\" \/>\n<meta name=\"twitter:label1\" content=\"Dur\u00e9e de lecture estim\u00e9e\" \/>\n\t<meta name=\"twitter:data1\" content=\"4 minutes\" \/>\n<script type=\"application\/ld+json\" class=\"yoast-schema-graph\">{\"@context\":\"https:\/\/schema.org\",\"@graph\":[{\"@type\":\"WebPage\",\"@id\":\"http:\/\/carolrobinson.net\/fr\/recordings\/herbert\/\",\"url\":\"http:\/\/carolrobinson.net\/fr\/recordings\/herbert\/\",\"name\":\"Herbert - Carol Robinson\",\"isPartOf\":{\"@id\":\"https:\/\/carolrobinson.net\/fr\/#website\"},\"datePublished\":\"2015-08-03T10:35:56+00:00\",\"dateModified\":\"2015-08-17T12:35:03+00:00\",\"breadcrumb\":{\"@id\":\"http:\/\/carolrobinson.net\/fr\/recordings\/herbert\/#breadcrumb\"},\"inLanguage\":\"fr-FR\",\"potentialAction\":[{\"@type\":\"ReadAction\",\"target\":[\"http:\/\/carolrobinson.net\/fr\/recordings\/herbert\/\"]}]},{\"@type\":\"BreadcrumbList\",\"@id\":\"http:\/\/carolrobinson.net\/fr\/recordings\/herbert\/#breadcrumb\",\"itemListElement\":[{\"@type\":\"ListItem\",\"position\":1,\"name\":\"Home\",\"item\":\"https:\/\/carolrobinson.net\/fr\/\"},{\"@type\":\"ListItem\",\"position\":2,\"name\":\"recordings\",\"item\":\"https:\/\/carolrobinson.net\/fr\/recordings\/\"},{\"@type\":\"ListItem\",\"position\":3,\"name\":\"Herbert\"}]},{\"@type\":\"WebSite\",\"@id\":\"https:\/\/carolrobinson.net\/fr\/#website\",\"url\":\"https:\/\/carolrobinson.net\/fr\/\",\"name\":\"Carol Robinson\",\"description\":\"composer &amp; clarinetist\",\"potentialAction\":[{\"@type\":\"SearchAction\",\"target\":{\"@type\":\"EntryPoint\",\"urlTemplate\":\"https:\/\/carolrobinson.net\/fr\/?s={search_term_string}\"},\"query-input\":{\"@type\":\"PropertyValueSpecification\",\"valueRequired\":true,\"valueName\":\"search_term_string\"}}],\"inLanguage\":\"fr-FR\"}]}<\/script>\n<!-- \/ Yoast SEO plugin. -->","yoast_head_json":{"title":"Herbert - Carol Robinson","robots":{"index":"index","follow":"follow","max-snippet":"max-snippet:-1","max-image-preview":"max-image-preview:large","max-video-preview":"max-video-preview:-1"},"canonical":"http:\/\/carolrobinson.net\/fr\/recordings\/herbert\/","og_locale":"fr_FR","og_type":"article","og_title":"Herbert - Carol Robinson","og_description":"[vc_row][vc_column width=\u00a0\u00bb1\/2&Prime;][vc_single_image image=\u00a0\u00bb1406&Prime; img_size=\u00a0\u00bbfull\u00a0\u00bb][\/vc_column][vc_column width=\u00a0\u00bb1\/2&Prime;][vc_column_text] B-A-C-H a Chromatic Universe PETER HERBERT Ingrid Jensen \u2013 trompette...","og_url":"http:\/\/carolrobinson.net\/fr\/recordings\/herbert\/","og_site_name":"Carol Robinson","article_modified_time":"2015-08-17T12:35:03+00:00","twitter_card":"summary_large_image","twitter_misc":{"Dur\u00e9e de lecture estim\u00e9e":"4 minutes"},"schema":{"@context":"https:\/\/schema.org","@graph":[{"@type":"WebPage","@id":"http:\/\/carolrobinson.net\/fr\/recordings\/herbert\/","url":"http:\/\/carolrobinson.net\/fr\/recordings\/herbert\/","name":"Herbert - Carol Robinson","isPartOf":{"@id":"https:\/\/carolrobinson.net\/fr\/#website"},"datePublished":"2015-08-03T10:35:56+00:00","dateModified":"2015-08-17T12:35:03+00:00","breadcrumb":{"@id":"http:\/\/carolrobinson.net\/fr\/recordings\/herbert\/#breadcrumb"},"inLanguage":"fr-FR","potentialAction":[{"@type":"ReadAction","target":["http:\/\/carolrobinson.net\/fr\/recordings\/herbert\/"]}]},{"@type":"BreadcrumbList","@id":"http:\/\/carolrobinson.net\/fr\/recordings\/herbert\/#breadcrumb","itemListElement":[{"@type":"ListItem","position":1,"name":"Home","item":"https:\/\/carolrobinson.net\/fr\/"},{"@type":"ListItem","position":2,"name":"recordings","item":"https:\/\/carolrobinson.net\/fr\/recordings\/"},{"@type":"ListItem","position":3,"name":"Herbert"}]},{"@type":"WebSite","@id":"https:\/\/carolrobinson.net\/fr\/#website","url":"https:\/\/carolrobinson.net\/fr\/","name":"Carol Robinson","description":"composer &amp; clarinetist","potentialAction":[{"@type":"SearchAction","target":{"@type":"EntryPoint","urlTemplate":"https:\/\/carolrobinson.net\/fr\/?s={search_term_string}"},"query-input":{"@type":"PropertyValueSpecification","valueRequired":true,"valueName":"search_term_string"}}],"inLanguage":"fr-FR"}]}},"_links":{"self":[{"href":"http:\/\/carolrobinson.net\/fr\/wp-json\/wp\/v2\/pages\/2335","targetHints":{"allow":["GET"]}}],"collection":[{"href":"http:\/\/carolrobinson.net\/fr\/wp-json\/wp\/v2\/pages"}],"about":[{"href":"http:\/\/carolrobinson.net\/fr\/wp-json\/wp\/v2\/types\/page"}],"author":[{"embeddable":true,"href":"http:\/\/carolrobinson.net\/fr\/wp-json\/wp\/v2\/users\/6"}],"replies":[{"embeddable":true,"href":"http:\/\/carolrobinson.net\/fr\/wp-json\/wp\/v2\/comments?post=2335"}],"version-history":[{"count":5,"href":"http:\/\/carolrobinson.net\/fr\/wp-json\/wp\/v2\/pages\/2335\/revisions"}],"predecessor-version":[{"id":3025,"href":"http:\/\/carolrobinson.net\/fr\/wp-json\/wp\/v2\/pages\/2335\/revisions\/3025"}],"up":[{"embeddable":true,"href":"http:\/\/carolrobinson.net\/fr\/wp-json\/wp\/v2\/pages\/1355"}],"wp:attachment":[{"href":"http:\/\/carolrobinson.net\/fr\/wp-json\/wp\/v2\/media?parent=2335"}],"curies":[{"name":"wp","href":"https:\/\/api.w.org\/{rel}","templated":true}]}}