{"id":2354,"date":"2015-08-03T11:20:19","date_gmt":"2015-08-03T11:20:19","guid":{"rendered":"http:\/\/carolrobinson.net\/?page_id=2354"},"modified":"2017-12-19T11:52:09","modified_gmt":"2017-12-19T11:52:09","slug":"reinecke","status":"publish","type":"page","link":"http:\/\/carolrobinson.net\/fr\/recordings\/reinecke\/","title":{"rendered":"Reinecke"},"content":{"rendered":"<div class=\"wpb-content-wrapper\"><p>[vc_row][vc_column width=\u00a0\u00bb1\/2&Prime;][vc_single_image image=\u00a0\u00bb8114&Prime; img_size=\u00a0\u00bbfull\u00a0\u00bb][\/vc_column][vc_column width=\u00a0\u00bb1\/2&Prime;][vc_column_text]<\/p>\n<p class=\"lead\" style=\"text-align: justify;\"><strong>Trios pour Clarinette, <\/strong><\/p>\n<p class=\"lead\" style=\"text-align: justify;\"><strong>Alto &amp; Piano<\/strong><\/p>\n<p style=\"text-align: justify;\">CARL REINECKE<\/p>\n<p><strong>Trios pour Clarinette, Alto &amp; Piano<\/strong><\/p>\n<p><strong><em>Trio<\/em>\u00a0<\/strong>opus 264 en la majeur (24:49)<br \/>\n<strong><em>3 Phantasiest\u00fccke<\/em><\/strong>\u00a0opus 43 (5:27)<br \/>\n<strong><em>Trio<\/em><\/strong>\u00a0opus 274 en si b\u00e9mol majeur (25:17)<\/p>\n<p>Carol Robinson \u2013 clarinette<br \/>\nPierre L\u00e9nert \u2013 alto<br \/>\nJeff Cohen \u2013 piano<\/p>\n<p>SYRIUS 141356 (2001)[\/vc_column_text][\/vc_column][\/vc_row][vc_row][vc_column][vc_separator color=\u00a0\u00bbpurple\u00a0\u00bb][\/vc_column][\/vc_row][vc_row][vc_column][vc_column_text]<\/p>\n<p class=\"lead\"><strong>Presse<\/strong><\/p>\n<p>[\/vc_column_text][\/vc_column][\/vc_row][vc_row][vc_column width=\u00a0\u00bb1\/3&Prime;][vc_column_text]Jean-Claude Hulot<br \/>\n<strong>Diapason<\/strong><br \/>\nMai 2001[\/vc_column_text][\/vc_column][vc_column width=\u00a0\u00bb1\/3&Prime;][\/vc_column][vc_column width=\u00a0\u00bb1\/3&Prime;][\/vc_column][\/vc_row][vc_row][vc_column][vc_separator color=\u00a0\u00bbpurple\u00a0\u00bb][\/vc_column][\/vc_row][vc_row][vc_column][vc_column_text]<strong>Jean-Claude Hulot<\/strong><br \/>\nDiapason &#8211; Mai 2001<\/p>\n<p style=\"text-align: justify;\">Par leur formation instrumentale comme par leur style, les deux trios de Reinecke grav\u00e9s ici renvoient \u00e0 Schumann, celui pr\u00e9cis\u00e9ment des M\u00e4rchener\u00e4hlungen, mais avec une nuance de taille : \u00e9crits en 1904 et 1905, leur esth\u00e9tique dat\u00e9e \u00e9voque autant l\u2019Opus 83 de Bruch que Schumann. L&rsquo;\u00e9l\u00e9gance m\u00e9lodique de ces br\u00e8ves pages n&rsquo;en reste pas moins ind\u00e9niable. Les 3 Phantasiest\u00fccke pour alto et piano, miniatures d\u00e9licieuses de 1854, illustrent la m\u00eame proximit\u00e9 schumannienne, cette fois sans anachronisme. L&rsquo;interpr\u00e9tation de ces partitions d\u00e9nu\u00e9es de pr\u00e9tention mais non de charme est une r\u00e9ussite ; claire, chantante, tr\u00e8s enlev\u00e9e, jouant avec finesse des alliages de timbres, elle recr\u00e9e le climat chaleureux de ce romantisme de l\u00e9gende et ces parfums de for\u00eat germanique l\u2019Opus 264 (significa-tivement, l\u2019Opus 274 contient un mouvement intitul\u00e9 L\u00e9gende, Un conte). Elle remplace donc sans peine la gravure des Opus 43 et 264 r\u00e9alis\u00e9e par les Italiens du Trio Reinecke r\u00e9unis par Bongiovanni.<\/p>\n<p>[\/vc_column_text][\/vc_column][\/vc_row][vc_row][vc_column][vc_separator color=\u00a0\u00bbpurple\u00a0\u00bb][\/vc_column][\/vc_row]<\/p>\n<\/div>","protected":false},"excerpt":{"rendered":"<p>[vc_row][vc_column width=\u00a0\u00bb1\/2&Prime;][vc_single_image image=\u00a0\u00bb8114&Prime; img_size=\u00a0\u00bbfull\u00a0\u00bb][\/vc_column][vc_column width=\u00a0\u00bb1\/2&Prime;][vc_column_text] Trios pour Clarinette, Alto &amp; Piano CARL REINECKE Trios pour&#8230;<\/p>\n","protected":false},"author":6,"featured_media":0,"parent":1355,"menu_order":0,"comment_status":"closed","ping_status":"closed","template":"page_sidebar.php","meta":{"footnotes":""},"class_list":["post-2354","page","type-page","status-publish","hentry"],"yoast_head":"<!-- This site is optimized with the Yoast SEO plugin v27.2 - https:\/\/yoast.com\/product\/yoast-seo-wordpress\/ -->\n<title>Reinecke - Carol Robinson<\/title>\n<meta name=\"robots\" content=\"index, follow, max-snippet:-1, max-image-preview:large, max-video-preview:-1\" \/>\n<link rel=\"canonical\" href=\"http:\/\/carolrobinson.net\/fr\/recordings\/reinecke\/\" \/>\n<meta property=\"og:locale\" content=\"fr_FR\" \/>\n<meta property=\"og:type\" content=\"article\" \/>\n<meta property=\"og:title\" content=\"Reinecke - Carol Robinson\" \/>\n<meta property=\"og:description\" content=\"[vc_row][vc_column width=\u00a0\u00bb1\/2&Prime;][vc_single_image image=\u00a0\u00bb8114&Prime; img_size=\u00a0\u00bbfull\u00a0\u00bb][\/vc_column][vc_column width=\u00a0\u00bb1\/2&Prime;][vc_column_text] Trios pour Clarinette, Alto &amp; Piano CARL REINECKE Trios pour...\" \/>\n<meta property=\"og:url\" content=\"http:\/\/carolrobinson.net\/fr\/recordings\/reinecke\/\" \/>\n<meta property=\"og:site_name\" content=\"Carol Robinson\" \/>\n<meta property=\"article:modified_time\" content=\"2017-12-19T11:52:09+00:00\" \/>\n<meta name=\"twitter:card\" content=\"summary_large_image\" \/>\n<meta name=\"twitter:label1\" content=\"Dur\u00e9e de lecture estim\u00e9e\" \/>\n\t<meta name=\"twitter:data1\" content=\"2 minutes\" \/>\n<script type=\"application\/ld+json\" class=\"yoast-schema-graph\">{\"@context\":\"https:\/\/schema.org\",\"@graph\":[{\"@type\":\"WebPage\",\"@id\":\"http:\/\/carolrobinson.net\/fr\/recordings\/reinecke\/\",\"url\":\"http:\/\/carolrobinson.net\/fr\/recordings\/reinecke\/\",\"name\":\"Reinecke - Carol Robinson\",\"isPartOf\":{\"@id\":\"https:\/\/carolrobinson.net\/fr\/#website\"},\"datePublished\":\"2015-08-03T11:20:19+00:00\",\"dateModified\":\"2017-12-19T11:52:09+00:00\",\"breadcrumb\":{\"@id\":\"http:\/\/carolrobinson.net\/fr\/recordings\/reinecke\/#breadcrumb\"},\"inLanguage\":\"fr-FR\",\"potentialAction\":[{\"@type\":\"ReadAction\",\"target\":[\"http:\/\/carolrobinson.net\/fr\/recordings\/reinecke\/\"]}]},{\"@type\":\"BreadcrumbList\",\"@id\":\"http:\/\/carolrobinson.net\/fr\/recordings\/reinecke\/#breadcrumb\",\"itemListElement\":[{\"@type\":\"ListItem\",\"position\":1,\"name\":\"Home\",\"item\":\"https:\/\/carolrobinson.net\/fr\/\"},{\"@type\":\"ListItem\",\"position\":2,\"name\":\"recordings\",\"item\":\"https:\/\/carolrobinson.net\/fr\/recordings\/\"},{\"@type\":\"ListItem\",\"position\":3,\"name\":\"Reinecke\"}]},{\"@type\":\"WebSite\",\"@id\":\"https:\/\/carolrobinson.net\/fr\/#website\",\"url\":\"https:\/\/carolrobinson.net\/fr\/\",\"name\":\"Carol Robinson\",\"description\":\"composer &amp; clarinetist\",\"potentialAction\":[{\"@type\":\"SearchAction\",\"target\":{\"@type\":\"EntryPoint\",\"urlTemplate\":\"https:\/\/carolrobinson.net\/fr\/?s={search_term_string}\"},\"query-input\":{\"@type\":\"PropertyValueSpecification\",\"valueRequired\":true,\"valueName\":\"search_term_string\"}}],\"inLanguage\":\"fr-FR\"}]}<\/script>\n<!-- \/ Yoast SEO plugin. -->","yoast_head_json":{"title":"Reinecke - Carol Robinson","robots":{"index":"index","follow":"follow","max-snippet":"max-snippet:-1","max-image-preview":"max-image-preview:large","max-video-preview":"max-video-preview:-1"},"canonical":"http:\/\/carolrobinson.net\/fr\/recordings\/reinecke\/","og_locale":"fr_FR","og_type":"article","og_title":"Reinecke - Carol Robinson","og_description":"[vc_row][vc_column width=\u00a0\u00bb1\/2&Prime;][vc_single_image image=\u00a0\u00bb8114&Prime; img_size=\u00a0\u00bbfull\u00a0\u00bb][\/vc_column][vc_column width=\u00a0\u00bb1\/2&Prime;][vc_column_text] Trios pour Clarinette, Alto &amp; Piano CARL REINECKE Trios pour...","og_url":"http:\/\/carolrobinson.net\/fr\/recordings\/reinecke\/","og_site_name":"Carol Robinson","article_modified_time":"2017-12-19T11:52:09+00:00","twitter_card":"summary_large_image","twitter_misc":{"Dur\u00e9e de lecture estim\u00e9e":"2 minutes"},"schema":{"@context":"https:\/\/schema.org","@graph":[{"@type":"WebPage","@id":"http:\/\/carolrobinson.net\/fr\/recordings\/reinecke\/","url":"http:\/\/carolrobinson.net\/fr\/recordings\/reinecke\/","name":"Reinecke - Carol Robinson","isPartOf":{"@id":"https:\/\/carolrobinson.net\/fr\/#website"},"datePublished":"2015-08-03T11:20:19+00:00","dateModified":"2017-12-19T11:52:09+00:00","breadcrumb":{"@id":"http:\/\/carolrobinson.net\/fr\/recordings\/reinecke\/#breadcrumb"},"inLanguage":"fr-FR","potentialAction":[{"@type":"ReadAction","target":["http:\/\/carolrobinson.net\/fr\/recordings\/reinecke\/"]}]},{"@type":"BreadcrumbList","@id":"http:\/\/carolrobinson.net\/fr\/recordings\/reinecke\/#breadcrumb","itemListElement":[{"@type":"ListItem","position":1,"name":"Home","item":"https:\/\/carolrobinson.net\/fr\/"},{"@type":"ListItem","position":2,"name":"recordings","item":"https:\/\/carolrobinson.net\/fr\/recordings\/"},{"@type":"ListItem","position":3,"name":"Reinecke"}]},{"@type":"WebSite","@id":"https:\/\/carolrobinson.net\/fr\/#website","url":"https:\/\/carolrobinson.net\/fr\/","name":"Carol Robinson","description":"composer &amp; clarinetist","potentialAction":[{"@type":"SearchAction","target":{"@type":"EntryPoint","urlTemplate":"https:\/\/carolrobinson.net\/fr\/?s={search_term_string}"},"query-input":{"@type":"PropertyValueSpecification","valueRequired":true,"valueName":"search_term_string"}}],"inLanguage":"fr-FR"}]}},"_links":{"self":[{"href":"http:\/\/carolrobinson.net\/fr\/wp-json\/wp\/v2\/pages\/2354","targetHints":{"allow":["GET"]}}],"collection":[{"href":"http:\/\/carolrobinson.net\/fr\/wp-json\/wp\/v2\/pages"}],"about":[{"href":"http:\/\/carolrobinson.net\/fr\/wp-json\/wp\/v2\/types\/page"}],"author":[{"embeddable":true,"href":"http:\/\/carolrobinson.net\/fr\/wp-json\/wp\/v2\/users\/6"}],"replies":[{"embeddable":true,"href":"http:\/\/carolrobinson.net\/fr\/wp-json\/wp\/v2\/comments?post=2354"}],"version-history":[{"count":7,"href":"http:\/\/carolrobinson.net\/fr\/wp-json\/wp\/v2\/pages\/2354\/revisions"}],"predecessor-version":[{"id":8135,"href":"http:\/\/carolrobinson.net\/fr\/wp-json\/wp\/v2\/pages\/2354\/revisions\/8135"}],"up":[{"embeddable":true,"href":"http:\/\/carolrobinson.net\/fr\/wp-json\/wp\/v2\/pages\/1355"}],"wp:attachment":[{"href":"http:\/\/carolrobinson.net\/fr\/wp-json\/wp\/v2\/media?parent=2354"}],"curies":[{"name":"wp","href":"https:\/\/api.w.org\/{rel}","templated":true}]}}