{"id":9736,"date":"2021-10-05T09:06:40","date_gmt":"2021-10-05T09:06:40","guid":{"rendered":"https:\/\/carolrobinson.net\/recordings\/i-listened-to-the-wind-again\/"},"modified":"2021-10-09T08:41:13","modified_gmt":"2021-10-09T08:41:13","slug":"i-listened-to-the-wind-again","status":"publish","type":"page","link":"http:\/\/carolrobinson.net\/fr\/recordings\/i-listened-to-the-wind-again\/","title":{"rendered":"Frey"},"content":{"rendered":"<div class=\"wpb-content-wrapper\"><p>[vc_row][vc_column width=\u00a0\u00bb1\/2&Prime;][vc_single_image image=\u00a0\u00bb9678&Prime; img_size=\u00a0\u00bbfull\u00a0\u00bb][\/vc_column][vc_column width=\u00a0\u00bb1\/2&Prime;][vc_column_text]<\/p>\n<h2><span style=\"color: #000000;\"><strong>I LISTENED TO THE WIND AGAIN<\/strong><\/span><\/h2>\n<p>J\u00dcRG FREY<\/p>\n<p><strong><em>I Listened to the Wind Again <\/em><\/strong>(43: 39)<\/p>\n<p>H\u00e9l\u00e8ne Fauch\u00e8re &#8211; soprano<br \/>\nCarol Robinson &#8211; clarinette<br \/>\nNathalie Chabot &#8211; violon<br \/>\nGarth Knox &#8211; alto<br \/>\nAgn\u00e8s Vesterman &#8211; violoncelle<br \/>\nSylvain Lem\u00eatre &#8211; percussions<\/p>\n<p><strong>Louth Contemporary Music CGL <\/strong><strong>(2021)<\/strong><br \/>\n<a href=\"https:\/\/www.louthcms.org\">https:\/\/www.louthcms.org<\/a>[\/vc_column_text][\/vc_column][\/vc_row][vc_row][vc_column][vc_separator color=\u00a0\u00bbpurple\u00a0\u00bb][\/vc_column][\/vc_row]<\/p>\n<\/div>","protected":false},"excerpt":{"rendered":"<p>[vc_row][vc_column width=\u00a0\u00bb1\/2&Prime;][vc_single_image image=\u00a0\u00bb9678&Prime; img_size=\u00a0\u00bbfull\u00a0\u00bb][\/vc_column][vc_column width=\u00a0\u00bb1\/2&Prime;][vc_column_text] I LISTENED TO THE WIND AGAIN J\u00dcRG FREY I Listened&#8230;<\/p>\n","protected":false},"author":6,"featured_media":0,"parent":1355,"menu_order":0,"comment_status":"closed","ping_status":"closed","template":"","meta":{"footnotes":""},"class_list":["post-9736","page","type-page","status-publish","hentry"],"yoast_head":"<!-- This site is optimized with the Yoast SEO plugin v27.2 - https:\/\/yoast.com\/product\/yoast-seo-wordpress\/ -->\n<title>Frey - Carol Robinson<\/title>\n<meta name=\"robots\" content=\"index, follow, max-snippet:-1, max-image-preview:large, max-video-preview:-1\" \/>\n<link rel=\"canonical\" href=\"http:\/\/carolrobinson.net\/fr\/recordings\/i-listened-to-the-wind-again\/\" \/>\n<meta property=\"og:locale\" content=\"fr_FR\" \/>\n<meta property=\"og:type\" content=\"article\" \/>\n<meta property=\"og:title\" content=\"Frey - Carol Robinson\" \/>\n<meta property=\"og:description\" content=\"[vc_row][vc_column width=\u00a0\u00bb1\/2&Prime;][vc_single_image image=\u00a0\u00bb9678&Prime; img_size=\u00a0\u00bbfull\u00a0\u00bb][\/vc_column][vc_column width=\u00a0\u00bb1\/2&Prime;][vc_column_text] I LISTENED TO THE WIND AGAIN J\u00dcRG FREY I Listened...\" \/>\n<meta property=\"og:url\" content=\"http:\/\/carolrobinson.net\/fr\/recordings\/i-listened-to-the-wind-again\/\" \/>\n<meta property=\"og:site_name\" content=\"Carol Robinson\" \/>\n<meta property=\"article:modified_time\" content=\"2021-10-09T08:41:13+00:00\" \/>\n<meta name=\"twitter:card\" content=\"summary_large_image\" \/>\n<meta name=\"twitter:label1\" content=\"Dur\u00e9e de lecture estim\u00e9e\" \/>\n\t<meta name=\"twitter:data1\" content=\"1 minute\" \/>\n<script type=\"application\/ld+json\" class=\"yoast-schema-graph\">{\"@context\":\"https:\/\/schema.org\",\"@graph\":[{\"@type\":\"WebPage\",\"@id\":\"http:\/\/carolrobinson.net\/fr\/recordings\/i-listened-to-the-wind-again\/\",\"url\":\"http:\/\/carolrobinson.net\/fr\/recordings\/i-listened-to-the-wind-again\/\",\"name\":\"Frey - Carol Robinson\",\"isPartOf\":{\"@id\":\"https:\/\/carolrobinson.net\/fr\/#website\"},\"datePublished\":\"2021-10-05T09:06:40+00:00\",\"dateModified\":\"2021-10-09T08:41:13+00:00\",\"breadcrumb\":{\"@id\":\"http:\/\/carolrobinson.net\/fr\/recordings\/i-listened-to-the-wind-again\/#breadcrumb\"},\"inLanguage\":\"fr-FR\",\"potentialAction\":[{\"@type\":\"ReadAction\",\"target\":[\"http:\/\/carolrobinson.net\/fr\/recordings\/i-listened-to-the-wind-again\/\"]}]},{\"@type\":\"BreadcrumbList\",\"@id\":\"http:\/\/carolrobinson.net\/fr\/recordings\/i-listened-to-the-wind-again\/#breadcrumb\",\"itemListElement\":[{\"@type\":\"ListItem\",\"position\":1,\"name\":\"Home\",\"item\":\"https:\/\/carolrobinson.net\/fr\/\"},{\"@type\":\"ListItem\",\"position\":2,\"name\":\"recordings\",\"item\":\"https:\/\/carolrobinson.net\/fr\/recordings\/\"},{\"@type\":\"ListItem\",\"position\":3,\"name\":\"Frey\"}]},{\"@type\":\"WebSite\",\"@id\":\"https:\/\/carolrobinson.net\/fr\/#website\",\"url\":\"https:\/\/carolrobinson.net\/fr\/\",\"name\":\"Carol Robinson\",\"description\":\"composer &amp; clarinetist\",\"potentialAction\":[{\"@type\":\"SearchAction\",\"target\":{\"@type\":\"EntryPoint\",\"urlTemplate\":\"https:\/\/carolrobinson.net\/fr\/?s={search_term_string}\"},\"query-input\":{\"@type\":\"PropertyValueSpecification\",\"valueRequired\":true,\"valueName\":\"search_term_string\"}}],\"inLanguage\":\"fr-FR\"}]}<\/script>\n<!-- \/ Yoast SEO plugin. -->","yoast_head_json":{"title":"Frey - Carol Robinson","robots":{"index":"index","follow":"follow","max-snippet":"max-snippet:-1","max-image-preview":"max-image-preview:large","max-video-preview":"max-video-preview:-1"},"canonical":"http:\/\/carolrobinson.net\/fr\/recordings\/i-listened-to-the-wind-again\/","og_locale":"fr_FR","og_type":"article","og_title":"Frey - Carol Robinson","og_description":"[vc_row][vc_column width=\u00a0\u00bb1\/2&Prime;][vc_single_image image=\u00a0\u00bb9678&Prime; img_size=\u00a0\u00bbfull\u00a0\u00bb][\/vc_column][vc_column width=\u00a0\u00bb1\/2&Prime;][vc_column_text] I LISTENED TO THE WIND AGAIN J\u00dcRG FREY I Listened...","og_url":"http:\/\/carolrobinson.net\/fr\/recordings\/i-listened-to-the-wind-again\/","og_site_name":"Carol Robinson","article_modified_time":"2021-10-09T08:41:13+00:00","twitter_card":"summary_large_image","twitter_misc":{"Dur\u00e9e de lecture estim\u00e9e":"1 minute"},"schema":{"@context":"https:\/\/schema.org","@graph":[{"@type":"WebPage","@id":"http:\/\/carolrobinson.net\/fr\/recordings\/i-listened-to-the-wind-again\/","url":"http:\/\/carolrobinson.net\/fr\/recordings\/i-listened-to-the-wind-again\/","name":"Frey - Carol Robinson","isPartOf":{"@id":"https:\/\/carolrobinson.net\/fr\/#website"},"datePublished":"2021-10-05T09:06:40+00:00","dateModified":"2021-10-09T08:41:13+00:00","breadcrumb":{"@id":"http:\/\/carolrobinson.net\/fr\/recordings\/i-listened-to-the-wind-again\/#breadcrumb"},"inLanguage":"fr-FR","potentialAction":[{"@type":"ReadAction","target":["http:\/\/carolrobinson.net\/fr\/recordings\/i-listened-to-the-wind-again\/"]}]},{"@type":"BreadcrumbList","@id":"http:\/\/carolrobinson.net\/fr\/recordings\/i-listened-to-the-wind-again\/#breadcrumb","itemListElement":[{"@type":"ListItem","position":1,"name":"Home","item":"https:\/\/carolrobinson.net\/fr\/"},{"@type":"ListItem","position":2,"name":"recordings","item":"https:\/\/carolrobinson.net\/fr\/recordings\/"},{"@type":"ListItem","position":3,"name":"Frey"}]},{"@type":"WebSite","@id":"https:\/\/carolrobinson.net\/fr\/#website","url":"https:\/\/carolrobinson.net\/fr\/","name":"Carol Robinson","description":"composer &amp; clarinetist","potentialAction":[{"@type":"SearchAction","target":{"@type":"EntryPoint","urlTemplate":"https:\/\/carolrobinson.net\/fr\/?s={search_term_string}"},"query-input":{"@type":"PropertyValueSpecification","valueRequired":true,"valueName":"search_term_string"}}],"inLanguage":"fr-FR"}]}},"_links":{"self":[{"href":"http:\/\/carolrobinson.net\/fr\/wp-json\/wp\/v2\/pages\/9736","targetHints":{"allow":["GET"]}}],"collection":[{"href":"http:\/\/carolrobinson.net\/fr\/wp-json\/wp\/v2\/pages"}],"about":[{"href":"http:\/\/carolrobinson.net\/fr\/wp-json\/wp\/v2\/types\/page"}],"author":[{"embeddable":true,"href":"http:\/\/carolrobinson.net\/fr\/wp-json\/wp\/v2\/users\/6"}],"replies":[{"embeddable":true,"href":"http:\/\/carolrobinson.net\/fr\/wp-json\/wp\/v2\/comments?post=9736"}],"version-history":[{"count":2,"href":"http:\/\/carolrobinson.net\/fr\/wp-json\/wp\/v2\/pages\/9736\/revisions"}],"predecessor-version":[{"id":9756,"href":"http:\/\/carolrobinson.net\/fr\/wp-json\/wp\/v2\/pages\/9736\/revisions\/9756"}],"up":[{"embeddable":true,"href":"http:\/\/carolrobinson.net\/fr\/wp-json\/wp\/v2\/pages\/1355"}],"wp:attachment":[{"href":"http:\/\/carolrobinson.net\/fr\/wp-json\/wp\/v2\/media?parent=9736"}],"curies":[{"name":"wp","href":"https:\/\/api.w.org\/{rel}","templated":true}]}}