{"id":10711,"date":"2024-01-19T17:17:35","date_gmt":"2024-01-19T17:17:35","guid":{"rendered":"https:\/\/carolrobinson.net\/?page_id=10711\/"},"modified":"2024-01-22T14:29:12","modified_gmt":"2024-01-22T14:29:12","slug":"mr-barbe-bleue","status":"publish","type":"page","link":"https:\/\/carolrobinson.net\/fr\/compositions\/voix\/mr-barbe-bleue\/","title":{"rendered":"Mr Barbe bleue"},"content":{"rendered":"<div class=\"wpb-content-wrapper\"><p>[vc_row][vc_column width=\u00a0\u00bb1\/2&Prime;][vc_single_image image=\u00a0\u00bb7607&Prime; img_size=\u00a0\u00bbfull\u00a0\u00bb onclick=\u00a0\u00bbcustom_link\u00a0\u00bb link=\u00a0\u00bbhttp:\/\/carolrobinson.net\/wp-content\/uploads\/2015\/06\/CR-Rockaby.png\u00a0\u00bb][vc_column_text]<\/p>\n<p style=\"text-align: center;\"><span style=\"font-size: 8pt;\">photo \u00a9 Axel Coeuret<\/span><\/p>\n<p>[\/vc_column_text][\/vc_column][vc_column width=\u00a0\u00bb1\/2&Prime;][vc_column_text]<\/p>\n<p class=\"lead\"><strong>Mr Barbe bleue<\/strong><\/p>\n<p><strong>50&prime; (2016)<\/strong><\/p>\n<p><strong>un \u201cop\u00e9ra de poche\u201d pour soprano, r\u00e9citant, violoncelle baroque, clavecin, voix enregistr\u00e9es, percussions enregistr\u00e9es<\/strong><\/p>\n<p>pour Les Monts de Reuil<\/p>\n<p>(cr\u00e9ation le 12 janvier 2016 &#8211; Op\u00e9ra de Reims \u2013 Reims)<\/p>\n<p style=\"text-align: justify;\">Ce travail a \u00e9t\u00e9 subventionn\u00e9 par le Minist\u00e8re de la Culture, Aide \u00e0 l\u2019\u00e9criture d\u2019une oeuvre musicale originale du Ministre de la Culture et Communication, (ex Commande de l&rsquo;Etat)<\/p>\n<p>[\/vc_column_text][\/vc_column][\/vc_row]<\/p>\n<\/div>","protected":false},"excerpt":{"rendered":"<p>[vc_row][vc_column width=\u00a0\u00bb1\/2&Prime;][vc_single_image image=\u00a0\u00bb7607&Prime; img_size=\u00a0\u00bbfull\u00a0\u00bb onclick=\u00a0\u00bbcustom_link\u00a0\u00bb link=\u00a0\u00bbhttp:\/\/carolrobinson.net\/wp-content\/uploads\/2015\/06\/CR-Rockaby.png\u00a0\u00bb][vc_column_text] photo \u00a9 Axel Coeuret [\/vc_column_text][\/vc_column][vc_column width=\u00a0\u00bb1\/2&Prime;][vc_column_text] Mr Barbe bleue&#8230;<\/p>\n","protected":false},"author":6,"featured_media":0,"parent":10652,"menu_order":0,"comment_status":"closed","ping_status":"closed","template":"page_sidebar.php","meta":{"footnotes":""},"class_list":["post-10711","page","type-page","status-publish","hentry"],"yoast_head":"<!-- This site is optimized with the Yoast SEO plugin v27.2 - https:\/\/yoast.com\/product\/yoast-seo-wordpress\/ -->\n<title>Mr Barbe bleue - Carol Robinson<\/title>\n<meta name=\"robots\" content=\"index, follow, max-snippet:-1, max-image-preview:large, max-video-preview:-1\" \/>\n<link rel=\"canonical\" href=\"https:\/\/carolrobinson.net\/fr\/compositions\/voix\/mr-barbe-bleue\/\" \/>\n<meta property=\"og:locale\" content=\"fr_FR\" \/>\n<meta property=\"og:type\" content=\"article\" \/>\n<meta property=\"og:title\" content=\"Mr Barbe bleue - Carol Robinson\" \/>\n<meta property=\"og:description\" content=\"[vc_row][vc_column width=\u00a0\u00bb1\/2&Prime;][vc_single_image image=\u00a0\u00bb7607&Prime; img_size=\u00a0\u00bbfull\u00a0\u00bb onclick=\u00a0\u00bbcustom_link\u00a0\u00bb link=\u00a0\u00bbhttp:\/\/carolrobinson.net\/wp-content\/uploads\/2015\/06\/CR-Rockaby.png\u00a0\u00bb][vc_column_text] photo \u00a9 Axel Coeuret [\/vc_column_text][\/vc_column][vc_column width=\u00a0\u00bb1\/2&Prime;][vc_column_text] Mr Barbe bleue...\" \/>\n<meta property=\"og:url\" content=\"https:\/\/carolrobinson.net\/fr\/compositions\/voix\/mr-barbe-bleue\/\" \/>\n<meta property=\"og:site_name\" content=\"Carol Robinson\" \/>\n<meta property=\"article:modified_time\" content=\"2024-01-22T14:29:12+00:00\" \/>\n<meta name=\"twitter:card\" content=\"summary_large_image\" \/>\n<meta name=\"twitter:label1\" content=\"Dur\u00e9e de lecture estim\u00e9e\" \/>\n\t<meta name=\"twitter:data1\" content=\"1 minute\" \/>\n<script type=\"application\/ld+json\" class=\"yoast-schema-graph\">{\"@context\":\"https:\/\/schema.org\",\"@graph\":[{\"@type\":\"WebPage\",\"@id\":\"https:\/\/carolrobinson.net\/fr\/compositions\/voix\/mr-barbe-bleue\/\",\"url\":\"https:\/\/carolrobinson.net\/fr\/compositions\/voix\/mr-barbe-bleue\/\",\"name\":\"Mr Barbe bleue - Carol Robinson\",\"isPartOf\":{\"@id\":\"http:\/\/carolrobinson.net\/fr\/#website\"},\"datePublished\":\"2024-01-19T17:17:35+00:00\",\"dateModified\":\"2024-01-22T14:29:12+00:00\",\"breadcrumb\":{\"@id\":\"https:\/\/carolrobinson.net\/fr\/compositions\/voix\/mr-barbe-bleue\/#breadcrumb\"},\"inLanguage\":\"fr-FR\",\"potentialAction\":[{\"@type\":\"ReadAction\",\"target\":[\"https:\/\/carolrobinson.net\/fr\/compositions\/voix\/mr-barbe-bleue\/\"]}]},{\"@type\":\"BreadcrumbList\",\"@id\":\"https:\/\/carolrobinson.net\/fr\/compositions\/voix\/mr-barbe-bleue\/#breadcrumb\",\"itemListElement\":[{\"@type\":\"ListItem\",\"position\":1,\"name\":\"Home\",\"item\":\"http:\/\/carolrobinson.net\/fr\/\"},{\"@type\":\"ListItem\",\"position\":2,\"name\":\"compositions\",\"item\":\"http:\/\/carolrobinson.net\/fr\/compositions\/\"},{\"@type\":\"ListItem\",\"position\":3,\"name\":\"voix\",\"item\":\"https:\/\/carolrobinson.net\/fr\/compositions\/voix\/\"},{\"@type\":\"ListItem\",\"position\":4,\"name\":\"Mr Barbe bleue\"}]},{\"@type\":\"WebSite\",\"@id\":\"http:\/\/carolrobinson.net\/fr\/#website\",\"url\":\"http:\/\/carolrobinson.net\/fr\/\",\"name\":\"Carol Robinson\",\"description\":\"composer &amp; clarinetist\",\"potentialAction\":[{\"@type\":\"SearchAction\",\"target\":{\"@type\":\"EntryPoint\",\"urlTemplate\":\"http:\/\/carolrobinson.net\/fr\/?s={search_term_string}\"},\"query-input\":{\"@type\":\"PropertyValueSpecification\",\"valueRequired\":true,\"valueName\":\"search_term_string\"}}],\"inLanguage\":\"fr-FR\"}]}<\/script>\n<!-- \/ Yoast SEO plugin. -->","yoast_head_json":{"title":"Mr Barbe bleue - Carol Robinson","robots":{"index":"index","follow":"follow","max-snippet":"max-snippet:-1","max-image-preview":"max-image-preview:large","max-video-preview":"max-video-preview:-1"},"canonical":"https:\/\/carolrobinson.net\/fr\/compositions\/voix\/mr-barbe-bleue\/","og_locale":"fr_FR","og_type":"article","og_title":"Mr Barbe bleue - Carol Robinson","og_description":"[vc_row][vc_column width=\u00a0\u00bb1\/2&Prime;][vc_single_image image=\u00a0\u00bb7607&Prime; img_size=\u00a0\u00bbfull\u00a0\u00bb onclick=\u00a0\u00bbcustom_link\u00a0\u00bb link=\u00a0\u00bbhttp:\/\/carolrobinson.net\/wp-content\/uploads\/2015\/06\/CR-Rockaby.png\u00a0\u00bb][vc_column_text] photo \u00a9 Axel Coeuret [\/vc_column_text][\/vc_column][vc_column width=\u00a0\u00bb1\/2&Prime;][vc_column_text] Mr Barbe bleue...","og_url":"https:\/\/carolrobinson.net\/fr\/compositions\/voix\/mr-barbe-bleue\/","og_site_name":"Carol Robinson","article_modified_time":"2024-01-22T14:29:12+00:00","twitter_card":"summary_large_image","twitter_misc":{"Dur\u00e9e de lecture estim\u00e9e":"1 minute"},"schema":{"@context":"https:\/\/schema.org","@graph":[{"@type":"WebPage","@id":"https:\/\/carolrobinson.net\/fr\/compositions\/voix\/mr-barbe-bleue\/","url":"https:\/\/carolrobinson.net\/fr\/compositions\/voix\/mr-barbe-bleue\/","name":"Mr Barbe bleue - Carol Robinson","isPartOf":{"@id":"http:\/\/carolrobinson.net\/fr\/#website"},"datePublished":"2024-01-19T17:17:35+00:00","dateModified":"2024-01-22T14:29:12+00:00","breadcrumb":{"@id":"https:\/\/carolrobinson.net\/fr\/compositions\/voix\/mr-barbe-bleue\/#breadcrumb"},"inLanguage":"fr-FR","potentialAction":[{"@type":"ReadAction","target":["https:\/\/carolrobinson.net\/fr\/compositions\/voix\/mr-barbe-bleue\/"]}]},{"@type":"BreadcrumbList","@id":"https:\/\/carolrobinson.net\/fr\/compositions\/voix\/mr-barbe-bleue\/#breadcrumb","itemListElement":[{"@type":"ListItem","position":1,"name":"Home","item":"http:\/\/carolrobinson.net\/fr\/"},{"@type":"ListItem","position":2,"name":"compositions","item":"http:\/\/carolrobinson.net\/fr\/compositions\/"},{"@type":"ListItem","position":3,"name":"voix","item":"https:\/\/carolrobinson.net\/fr\/compositions\/voix\/"},{"@type":"ListItem","position":4,"name":"Mr Barbe bleue"}]},{"@type":"WebSite","@id":"http:\/\/carolrobinson.net\/fr\/#website","url":"http:\/\/carolrobinson.net\/fr\/","name":"Carol Robinson","description":"composer &amp; clarinetist","potentialAction":[{"@type":"SearchAction","target":{"@type":"EntryPoint","urlTemplate":"http:\/\/carolrobinson.net\/fr\/?s={search_term_string}"},"query-input":{"@type":"PropertyValueSpecification","valueRequired":true,"valueName":"search_term_string"}}],"inLanguage":"fr-FR"}]}},"_links":{"self":[{"href":"https:\/\/carolrobinson.net\/fr\/wp-json\/wp\/v2\/pages\/10711","targetHints":{"allow":["GET"]}}],"collection":[{"href":"https:\/\/carolrobinson.net\/fr\/wp-json\/wp\/v2\/pages"}],"about":[{"href":"https:\/\/carolrobinson.net\/fr\/wp-json\/wp\/v2\/types\/page"}],"author":[{"embeddable":true,"href":"https:\/\/carolrobinson.net\/fr\/wp-json\/wp\/v2\/users\/6"}],"replies":[{"embeddable":true,"href":"https:\/\/carolrobinson.net\/fr\/wp-json\/wp\/v2\/comments?post=10711"}],"version-history":[{"count":4,"href":"https:\/\/carolrobinson.net\/fr\/wp-json\/wp\/v2\/pages\/10711\/revisions"}],"predecessor-version":[{"id":10786,"href":"https:\/\/carolrobinson.net\/fr\/wp-json\/wp\/v2\/pages\/10711\/revisions\/10786"}],"up":[{"embeddable":true,"href":"https:\/\/carolrobinson.net\/fr\/wp-json\/wp\/v2\/pages\/10652"}],"wp:attachment":[{"href":"https:\/\/carolrobinson.net\/fr\/wp-json\/wp\/v2\/media?parent=10711"}],"curies":[{"name":"wp","href":"https:\/\/api.w.org\/{rel}","templated":true}]}}