{"id":11583,"date":"2026-04-21T21:06:37","date_gmt":"2026-04-21T21:06:37","guid":{"rendered":"http:\/\/carolrobinson.net\/?page_id=11583"},"modified":"2026-04-24T20:43:14","modified_gmt":"2026-04-24T20:43:14","slug":"cette-ligne","status":"publish","type":"page","link":"https:\/\/carolrobinson.net\/fr\/compositions\/voix\/cette-ligne\/","title":{"rendered":"Cette ligne"},"content":{"rendered":"<div class=\"wpb-content-wrapper\"><p>[vc_row][vc_column width=\u00a0\u00bb1\/2&Prime;][vc_single_image image=\u00a0\u00bb11587&Prime; img_size=\u00a0\u00bbfull\u00a0\u00bb onclick=\u00a0\u00bbcustom_link\u00a0\u00bb css=\u00a0\u00bb\u00a0\u00bb link=\u00a0\u00bbhttp:\/\/carolrobinson.net\/wp-content\/uploads\/2015\/06\/CR-Rockaby.png\u00a0\u00bb][\/vc_column][vc_column width=\u00a0\u00bb1\/2&Prime;][vc_column_text css=\u00a0\u00bb\u00a0\u00bb]<\/p>\n<p style=\"font-weight: 400;\"><span style=\"font-size: 18pt;\"><strong>Cette ligne<br \/>\n<\/strong><\/span><span style=\"font-size: 12pt;\"><strong>6\u2032 (2022)<\/strong><\/span><\/p>\n<p style=\"font-weight: 400;\"><span style=\"font-size: 12pt;\"><strong>baryton et piano<\/strong><\/span><\/p>\n<p style=\"font-weight: 400;\"><span style=\"font-size: 12pt;\">\u00e0 \u00a0S. T.<\/span><\/p>\n<p style=\"font-weight: 400;\"><span style=\"font-size: 10pt;\">(cr\u00e9ation le 23 juin, 2022 \u2013 Gew\u00f6lbe \u2013 Vienna &#8211; Marko Trajkovski, voix &amp; Mennan Berveniku, piano)<\/span><br \/>\n<span style=\"font-size: 10pt;\">Independent Music Association<\/span><\/p>\n<p style=\"font-weight: 400; text-align: justify;\"><em>Ce qui avait \u00e9t\u00e9 imagin\u00e9 comme une simple chanson abstraite sur l\u2019horizon a pris une autre tournure fin f\u00e9vrier 2022. Le monde a chang\u00e9, et la musique aussi. Il a fallu trouver de nouveaux mots, les \u00e9crire, et \u00ab Cette ligne \u00bb s\u2019est transform\u00e9e en une observation \u00e0 distance de la trag\u00e9die ukrainienne\u2026<\/em><\/p>\n<p>[\/vc_column_text][\/vc_column][\/vc_row]<\/p>\n<\/div>","protected":false},"excerpt":{"rendered":"<p>[vc_row][vc_column width=\u00a0\u00bb1\/2&Prime;][vc_single_image image=\u00a0\u00bb11587&Prime; img_size=\u00a0\u00bbfull\u00a0\u00bb onclick=\u00a0\u00bbcustom_link\u00a0\u00bb css=\u00a0\u00bb\u00a0\u00bb link=\u00a0\u00bbhttp:\/\/carolrobinson.net\/wp-content\/uploads\/2015\/06\/CR-Rockaby.png\u00a0\u00bb][\/vc_column][vc_column width=\u00a0\u00bb1\/2&Prime;][vc_column_text css=\u00a0\u00bb\u00a0\u00bb] Cette ligne 6\u2032 (2022) baryton et&#8230;<\/p>\n","protected":false},"author":6,"featured_media":0,"parent":10652,"menu_order":0,"comment_status":"closed","ping_status":"closed","template":"page_sidebar.php","meta":{"footnotes":""},"class_list":["post-11583","page","type-page","status-publish","hentry"],"yoast_head":"<!-- This site is optimized with the Yoast SEO plugin v27.2 - https:\/\/yoast.com\/product\/yoast-seo-wordpress\/ -->\n<title>Cette ligne - Carol Robinson<\/title>\n<meta name=\"robots\" content=\"index, follow, max-snippet:-1, max-image-preview:large, max-video-preview:-1\" \/>\n<link rel=\"canonical\" href=\"https:\/\/carolrobinson.net\/fr\/compositions\/voix\/cette-ligne\/\" \/>\n<meta property=\"og:locale\" content=\"fr_FR\" \/>\n<meta property=\"og:type\" content=\"article\" \/>\n<meta property=\"og:title\" content=\"Cette ligne - Carol Robinson\" \/>\n<meta property=\"og:description\" content=\"[vc_row][vc_column width=\u00a0\u00bb1\/2&Prime;][vc_single_image image=\u00a0\u00bb11587&Prime; img_size=\u00a0\u00bbfull\u00a0\u00bb onclick=\u00a0\u00bbcustom_link\u00a0\u00bb css=\u00a0\u00bb\u00a0\u00bb link=\u00a0\u00bbhttp:\/\/carolrobinson.net\/wp-content\/uploads\/2015\/06\/CR-Rockaby.png\u00a0\u00bb][\/vc_column][vc_column width=\u00a0\u00bb1\/2&Prime;][vc_column_text css=\u00a0\u00bb\u00a0\u00bb] Cette ligne 6\u2032 (2022) baryton et...\" \/>\n<meta property=\"og:url\" content=\"https:\/\/carolrobinson.net\/fr\/compositions\/voix\/cette-ligne\/\" \/>\n<meta property=\"og:site_name\" content=\"Carol Robinson\" \/>\n<meta property=\"article:modified_time\" content=\"2026-04-24T20:43:14+00:00\" \/>\n<meta name=\"twitter:card\" content=\"summary_large_image\" \/>\n<meta name=\"twitter:label1\" content=\"Dur\u00e9e de lecture estim\u00e9e\" \/>\n\t<meta name=\"twitter:data1\" content=\"1 minute\" \/>\n<script type=\"application\/ld+json\" class=\"yoast-schema-graph\">{\"@context\":\"https:\/\/schema.org\",\"@graph\":[{\"@type\":\"WebPage\",\"@id\":\"https:\/\/carolrobinson.net\/fr\/compositions\/voix\/cette-ligne\/\",\"url\":\"https:\/\/carolrobinson.net\/fr\/compositions\/voix\/cette-ligne\/\",\"name\":\"Cette ligne - Carol Robinson\",\"isPartOf\":{\"@id\":\"http:\/\/carolrobinson.net\/fr\/#website\"},\"datePublished\":\"2026-04-21T21:06:37+00:00\",\"dateModified\":\"2026-04-24T20:43:14+00:00\",\"breadcrumb\":{\"@id\":\"https:\/\/carolrobinson.net\/fr\/compositions\/voix\/cette-ligne\/#breadcrumb\"},\"inLanguage\":\"fr-FR\",\"potentialAction\":[{\"@type\":\"ReadAction\",\"target\":[\"https:\/\/carolrobinson.net\/fr\/compositions\/voix\/cette-ligne\/\"]}]},{\"@type\":\"BreadcrumbList\",\"@id\":\"https:\/\/carolrobinson.net\/fr\/compositions\/voix\/cette-ligne\/#breadcrumb\",\"itemListElement\":[{\"@type\":\"ListItem\",\"position\":1,\"name\":\"Home\",\"item\":\"http:\/\/carolrobinson.net\/fr\/\"},{\"@type\":\"ListItem\",\"position\":2,\"name\":\"compositions\",\"item\":\"http:\/\/carolrobinson.net\/fr\/compositions\/\"},{\"@type\":\"ListItem\",\"position\":3,\"name\":\"voix\",\"item\":\"https:\/\/carolrobinson.net\/fr\/compositions\/voix\/\"},{\"@type\":\"ListItem\",\"position\":4,\"name\":\"Cette ligne\"}]},{\"@type\":\"WebSite\",\"@id\":\"http:\/\/carolrobinson.net\/fr\/#website\",\"url\":\"http:\/\/carolrobinson.net\/fr\/\",\"name\":\"Carol Robinson\",\"description\":\"composer &amp; clarinetist\",\"potentialAction\":[{\"@type\":\"SearchAction\",\"target\":{\"@type\":\"EntryPoint\",\"urlTemplate\":\"http:\/\/carolrobinson.net\/fr\/?s={search_term_string}\"},\"query-input\":{\"@type\":\"PropertyValueSpecification\",\"valueRequired\":true,\"valueName\":\"search_term_string\"}}],\"inLanguage\":\"fr-FR\"}]}<\/script>\n<!-- \/ Yoast SEO plugin. -->","yoast_head_json":{"title":"Cette ligne - Carol Robinson","robots":{"index":"index","follow":"follow","max-snippet":"max-snippet:-1","max-image-preview":"max-image-preview:large","max-video-preview":"max-video-preview:-1"},"canonical":"https:\/\/carolrobinson.net\/fr\/compositions\/voix\/cette-ligne\/","og_locale":"fr_FR","og_type":"article","og_title":"Cette ligne - Carol Robinson","og_description":"[vc_row][vc_column width=\u00a0\u00bb1\/2&Prime;][vc_single_image image=\u00a0\u00bb11587&Prime; img_size=\u00a0\u00bbfull\u00a0\u00bb onclick=\u00a0\u00bbcustom_link\u00a0\u00bb css=\u00a0\u00bb\u00a0\u00bb link=\u00a0\u00bbhttp:\/\/carolrobinson.net\/wp-content\/uploads\/2015\/06\/CR-Rockaby.png\u00a0\u00bb][\/vc_column][vc_column width=\u00a0\u00bb1\/2&Prime;][vc_column_text css=\u00a0\u00bb\u00a0\u00bb] Cette ligne 6\u2032 (2022) baryton et...","og_url":"https:\/\/carolrobinson.net\/fr\/compositions\/voix\/cette-ligne\/","og_site_name":"Carol Robinson","article_modified_time":"2026-04-24T20:43:14+00:00","twitter_card":"summary_large_image","twitter_misc":{"Dur\u00e9e de lecture estim\u00e9e":"1 minute"},"schema":{"@context":"https:\/\/schema.org","@graph":[{"@type":"WebPage","@id":"https:\/\/carolrobinson.net\/fr\/compositions\/voix\/cette-ligne\/","url":"https:\/\/carolrobinson.net\/fr\/compositions\/voix\/cette-ligne\/","name":"Cette ligne - Carol Robinson","isPartOf":{"@id":"http:\/\/carolrobinson.net\/fr\/#website"},"datePublished":"2026-04-21T21:06:37+00:00","dateModified":"2026-04-24T20:43:14+00:00","breadcrumb":{"@id":"https:\/\/carolrobinson.net\/fr\/compositions\/voix\/cette-ligne\/#breadcrumb"},"inLanguage":"fr-FR","potentialAction":[{"@type":"ReadAction","target":["https:\/\/carolrobinson.net\/fr\/compositions\/voix\/cette-ligne\/"]}]},{"@type":"BreadcrumbList","@id":"https:\/\/carolrobinson.net\/fr\/compositions\/voix\/cette-ligne\/#breadcrumb","itemListElement":[{"@type":"ListItem","position":1,"name":"Home","item":"http:\/\/carolrobinson.net\/fr\/"},{"@type":"ListItem","position":2,"name":"compositions","item":"http:\/\/carolrobinson.net\/fr\/compositions\/"},{"@type":"ListItem","position":3,"name":"voix","item":"https:\/\/carolrobinson.net\/fr\/compositions\/voix\/"},{"@type":"ListItem","position":4,"name":"Cette ligne"}]},{"@type":"WebSite","@id":"http:\/\/carolrobinson.net\/fr\/#website","url":"http:\/\/carolrobinson.net\/fr\/","name":"Carol Robinson","description":"composer &amp; clarinetist","potentialAction":[{"@type":"SearchAction","target":{"@type":"EntryPoint","urlTemplate":"http:\/\/carolrobinson.net\/fr\/?s={search_term_string}"},"query-input":{"@type":"PropertyValueSpecification","valueRequired":true,"valueName":"search_term_string"}}],"inLanguage":"fr-FR"}]}},"_links":{"self":[{"href":"https:\/\/carolrobinson.net\/fr\/wp-json\/wp\/v2\/pages\/11583","targetHints":{"allow":["GET"]}}],"collection":[{"href":"https:\/\/carolrobinson.net\/fr\/wp-json\/wp\/v2\/pages"}],"about":[{"href":"https:\/\/carolrobinson.net\/fr\/wp-json\/wp\/v2\/types\/page"}],"author":[{"embeddable":true,"href":"https:\/\/carolrobinson.net\/fr\/wp-json\/wp\/v2\/users\/6"}],"replies":[{"embeddable":true,"href":"https:\/\/carolrobinson.net\/fr\/wp-json\/wp\/v2\/comments?post=11583"}],"version-history":[{"count":4,"href":"https:\/\/carolrobinson.net\/fr\/wp-json\/wp\/v2\/pages\/11583\/revisions"}],"predecessor-version":[{"id":11600,"href":"https:\/\/carolrobinson.net\/fr\/wp-json\/wp\/v2\/pages\/11583\/revisions\/11600"}],"up":[{"embeddable":true,"href":"https:\/\/carolrobinson.net\/fr\/wp-json\/wp\/v2\/pages\/10652"}],"wp:attachment":[{"href":"https:\/\/carolrobinson.net\/fr\/wp-json\/wp\/v2\/media?parent=11583"}],"curies":[{"name":"wp","href":"https:\/\/api.w.org\/{rel}","templated":true}]}}