{"id":1311,"date":"2015-07-16T10:56:18","date_gmt":"2015-07-16T10:56:18","guid":{"rendered":"http:\/\/carolrobinson.net\/?page_id=1311"},"modified":"2025-12-23T12:16:19","modified_gmt":"2025-12-23T12:16:19","slug":"carol-robinson-clarinettiste-compositrice-cv","status":"publish","type":"page","link":"https:\/\/carolrobinson.net\/fr\/carol-robinson-clarinettiste-compositrice-cv\/","title":{"rendered":"biographie"},"content":{"rendered":"<div class=\"wpb-content-wrapper\"><p>[vc_row][vc_column width=\u00a0\u00bb1\/2&Prime;][vc_column_text]<\/p>\n<div align=\"right\">\n<p style=\"text-align: justify;\">Dire que <strong>Carol Robinson<\/strong> est une compositrice et clarinettiste franco-am\u00e9ricaine est bien r\u00e9ducteur pour embrasser l\u2019\u00e9clectisme de son parcours et de ses passions. En fait, elle semble s\u2019int\u00e9resser \u00e0 tout ce qui touche au son. Elle n\u2019est pas quelqu\u2019un qui aime les positions interm\u00e9diaires, pr\u00e9f\u00e9rant les bords, les extr\u00eames. Sa musique se situe dans ces lieux de tendresse et de rage, de douceur et de puissance qui viennent de l\u2019exp\u00e9rience et de la ma\u00eetrise.<\/p>\n<p style=\"text-align: justify;\">Form\u00e9e comme clarinettiste classique, dipl\u00f4m\u00e9e du Conservatoire d\u2019Oberlin aux Etats-Unis, c\u2019est la foisonnante sc\u00e8ne europ\u00e9enne de la musique contemporaine qui l\u2019a attir\u00e9 \u00e0 Paris. Gr\u00e2ce \u00e0 une bourse H.H. Woolley, elle y est rest\u00e9e le temps n\u00e9cessaire pour trouver sa place, avant de s\u2019y installer pour toujours. Carol est aussi \u00e0 son aise dans le r\u00e9pertoire classique qu\u2019avec la cr\u00e9ation contemporaine voire exp\u00e9rimentale, et se produit dans les salles et festivals internationaux les plus prestigieux, comme le Festival d\u2019Automne \u00e0 Paris, MaerzMuzik, Archipel, RomaEuropa, Wien Modern, Huddersfield, Geometry of Now, Angelica, Crossing the Line<strong>\u2026<\/strong> tout en travaillant avec d\u2019autres compositeurs et musiciens de divers horizons. Passionn\u00e9e par l\u2019improvisation, elle choisit de se mettre autant que possible dans des situations musicales les plus ouvertes et collabore r\u00e9guli\u00e8rement avec des chor\u00e9graphes, des photographes, des plasticiens, des vid\u00e9astes. Sa r\u00e9flexion tr\u00e8s pouss\u00e9e sur la sonorisation d\u2019un lieu donn\u00e9 l\u2019a en effet conduit \u00e0 concevoir des installations.<\/p>\n<div>\n<p style=\"text-align: justify;\">En outre, en lien avec son parcours d\u2019interpr\u00e8te, Carol a d\u00e9velopp\u00e9 un univers personnel au travers de cr\u00e9ations de th\u00e9\u00e2tre musical pr\u00e9sent\u00e9 en France, en Allemagne, en Suisse\u2026 Et c\u2019est pour r\u00e9pondre \u00e0 des exigences d\u2019expression de plus en plus pointues que la composition a pris peu \u00e0 peu une place pr\u00e9pond\u00e9rante dans sa cr\u00e9ation artistique. Elle a commenc\u00e9 par composer pour de petites formations, et rapidement elle a re\u00e7u des commandes pour des \u0153uvres de plus grande envergure. Derni\u00e8rement, elle a \u00e9crit <b><i>Can You See<\/i><\/b> (Commande de l\u2019\u00c9tat) pour 8 voix, mandoline, guitare et harpe, <b><i>Blanc de Neige<\/i><\/b> (Commande de l\u2019\u00c9tat) pour le trio archipel -saxophone &#8211; guitare \u00e9lectrique \u2013 contrebasse &#8211; \u00e9lectronique, <em><b>Forest Gazing <\/b><\/em>(commande \u2013 Radio France),<span class=\"apple-converted-space\">\u00a0<\/span><em><b>\u00a0<\/b><\/em>pour birbyn\u0117<span class=\"apple-converted-space\">\u00a0<\/span> et quatuor \u00e0 cordes, <em><b>GEORG<\/b><\/em><span class=\"apple-converted-space\">\u00a0<\/span>(cr\u00e9ation \u2013 CCAM \u2013 Vand\u0153uvre-l\u00e8s-Nancy) pour clarinette basse, guitare \u00e9lectrique et traitement en temps r\u00e9el, <b><i>L\u2018illusion des \u00e9tangs <\/i><\/b>(cr\u00e9ation \u2013 Philharmonie de Paris) pour birbyn\u0117<span class=\"apple-converted-space\">\u00a0<\/span> et quatuor \u00e0 cordes, \u00a0<em><b>Mr Barbe Bleue<\/b><\/em><span class=\"apple-converted-space\">\u00a0<\/span>(Commande de l\u2019\u00c9tat) un op\u00e9ra de poche pour\u00a0l\u2019Op\u00e9ra de Reims destin\u00e9 \u00e0 l\u2019ensemble baroque Les Monts de Reuil,<\/p>\n<p>&nbsp;<\/p>\n<\/div>\n<div>\n<p style=\"text-align: justify;\">Fascin\u00e9e depuis longtemps par les possibilit\u00e9s qu\u2019offre la musique \u00e9lectronique, notamment le traitement en temps r\u00e9el, elle a con\u00e7u de nombreuses pi\u00e8ces en la mariant avec des instruments acoustiques. Son approfondissement de l\u2019utilisation des processus al\u00e9atoires est une de ses singularit\u00e9s. En 2012, Carol commence le cycle<span class=\"apple-converted-space\">\u00a0<\/span><em><b>The Weather Pieces<\/b><\/em>, qui assimilent ces processus dans un questionnement sur la perception des ph\u00e9nom\u00e8nes m\u00e9t\u00e9orologiques. Trois d\u2019entre elles sont sortie sur MODE RECORDS :\u00a0<em><b>Nacarat<\/b><\/em><em>\u00a0<\/em>pour guitare \u00e9lectrique et dispositif quadriphonique (co-production La Muse en Circuit, C\u00e9sar\u00e9, Art Zoyd)<em>,<\/em>\u00a0<em><b>Black on Green<\/b><\/em>\u00a0pour contrebasse et dispositif tri-phonique (commande \u2013 GMEM)<em>,<\/em>\u00a0et\u00a0<em><b>Les si doux redoux<\/b><\/em><span class=\"apple-converted-space\">\u00a0<\/span>pour cor de basset et dispositif st\u00e9r\u00e9o mobile.<\/p>\n<\/div>\n<\/div>\n<p>[\/vc_column_text][vc_column_text][\/vc_column_text][\/vc_column][vc_column width=\u00a0\u00bb1\/2&Prime;][vc_single_image image=\u00a0\u00bb9384&Prime; img_size=\u00a0\u00bbfull\u00a0\u00bb][vc_column_text css=\u00a0\u00bb\u00a0\u00bb]<\/p>\n<div>\n<p style=\"text-align: justify;\">Carol aime particuli\u00e8rement de composer pour la danse, et collabore souvent avec les chor\u00e9graphes. Elle signe les musiques pour Nad\u00e8ge MacLeay:\u00a0<em><b>Le Carreau<\/b><\/em><span class=\"apple-converted-space\">\u00a0<\/span>(Commande de l\u2019\u00c9tat) <em><b>M-Music<\/b><\/em><em>,<\/em><span class=\"apple-converted-space\"><i>\u00a0<\/i><\/span><strong><i>Just Let it Go<\/i><\/strong>,\u00a0<em><b>Nana\u2019s Flight<\/b><\/em><em>,<\/em><span class=\"apple-converted-space\"><i>\u00a0<\/i><\/span><strong><i>Ratatatat<\/i><\/strong><em>,<\/em><span class=\"apple-converted-space\"><i>\u00a0<\/i><\/span><strong><i>P\u00f4les<\/i><\/strong><em>,<\/em><span class=\"apple-converted-space\"><i>\u00a0<\/i><\/span><strong><i>Creases<\/i><\/strong>, ainsi que Susan Buirge<em>\u00a0<\/em><strong><i>La terrasse \u00e0 l\u2019ombre de la lune<\/i><\/strong>,\u00a0<em><b>Le chasseur au lac<\/b><\/em><em>\u00a0<\/em>et<em>\u00a0<\/em><strong><i>Dogu D\u00e9terr\u00e9<\/i><\/strong><em>\u00a0<\/em>(toutes command\u00e9s par la Fondation Royaumont)<em>,\u00a0<\/em><span class=\"apple-converted-space\">\u00a0<\/span>Young Ho Nam\u00a0<em><b>Compos\u00e9 \/ D\u00e9compos\u00e9<\/b><\/em>\u00a0(commande \u2013 Radio France), Robert Swinston,<span class=\"apple-converted-space\">\u00a0<\/span><em><b>Event<\/b><\/em>, Youngdoo <b><i>Matisse Jazz<\/i><\/b> ou Fran\u00e7ois Verret\u00a0<em><b>Contrecoup<\/b><\/em><strong>\u2026<\/strong><\/p>\n<p style=\"text-align: justify;\"><span style=\"font-size: 10pt;\">Depuis 2006, elle travaille \u00e9troitement avec \u00c9liane Radigue, cr\u00e9ant<span class=\"apple-converted-space\">\u00a0<\/span><em><b>Naldjorlak <\/b><\/em>et vingt pi\u00e8ces du cycle<span class=\"apple-converted-space\">\u00a0<\/span><em><b>OCCAM OCEAN<\/b><\/em>. Depuis 2015, Radigue et Robinson co-composent des pi\u00e8ces pour le cycle Occam :\u00a0<em><b>OCCAM HEXA<\/b><\/em><strong><i> II <\/i><\/strong>(Decibel \u2013 Perth, Australie),<span class=\"apple-converted-space\"> <span lang=\"EN-US\"><em><b>OCCAM RIVER XXII<\/b><\/em>\u00a0(clarinette basse &amp; saxophone \u2013 Festival d&rsquo;automne, Paris, France),\u00a0<em><b>OCCAM HEXA V<\/b><\/em>\u00a0(Ensemble Klang \u2013 November Music, Den Bosch, Holland), <em><b>OCCAM HEXA<\/b><\/em><i>\u00a0<\/i><em><b>VI<\/b><\/em>\u00a0(ensemble de solistes \u2013 Fondation Cartier, Paris, France),\u00a0<b><i>Occam Oc\u00e9an Cinquanta\u00a0<\/i><\/b>(Stuttgart Radio Orchestra \u2013 Donaueschinger Musik Tage, Donaueschingen, Germany),<\/span><strong><em>OCCAM DELTA XXIII <\/em><\/strong>(Ensemble Klang \u2013 Wigmore Hall, London, England) and <strong><em>OCCAM HEXA 8<\/em><\/strong> (Echoi ensemble \u2013 MEC \u2013 Zipper Hall, Los Angeles, USA) l&rsquo;oeuvre qui clore le cycle.<\/span><\/span><\/p>\n<p style=\"text-align: justify;\"><span style=\"font-size: small;\">La discographie r\u00e9cente de<\/span><span class=\"apple-converted-space\" style=\"font-size: 10pt;\">\u00a0<\/span><strong style=\"font-size: 10pt;\">Carol Robinson<\/strong><span class=\"apple-converted-space\" style=\"font-size: 10pt;\">\u00a0<\/span><span style=\"font-size: small;\">refl\u00e8te l\u2019ampleur de son travail : on y retrouve ses compositions comme <\/span><em><strong><span style=\"font-size: small;\">Stop Killing Us<\/span><\/strong><\/em><em><span style=\"font-size: small;\">, <\/span><\/em><span style=\"font-size: small;\">\u00a0<\/span><em style=\"font-size: 10pt;\"><b>Billows<\/b><\/em><em style=\"font-size: 10pt;\">,<\/em><span style=\"font-size: small;\">(PLUSH),\u00a0<\/span><em style=\"font-size: 10pt;\"><b>Laima<\/b><\/em><span style=\"font-size: small;\">\u00a0(Exp\u00e9riences de Vol),\u00a0<\/span><em style=\"font-size: 10pt;\"><b>Cross-Currents<\/b><\/em><span style=\"font-size: small;\">\u00a0(SHIIIN), <\/span><b style=\"font-size: 10pt;\"><i>The Weather Pieces<\/i><\/b><span style=\"font-size: small;\"> (MODE). Mais on compte aussi des monographies de compositeurs contemporains, comme Giacinto Scelsi, Luigi Nono, Morton Feldman, Luciano Berio (MODE), Eliane Radigue (SHIIIN), J\u00fcrg Frey (LCMS), Phill Niblock (TOUCH), ainsi que du rock alternatif, du jazz, ou de la musique classique (AYLER, NATO, BTL et SYRIUS).<\/span><\/p>\n<\/div>\n<p>[\/vc_column_text][\/vc_column][\/vc_row][vc_row][vc_column][vc_column_text]<\/p>\n<p>[\/vc_column_text][\/vc_column][\/vc_row]<\/p>\n<\/div>","protected":false},"excerpt":{"rendered":"<p>[vc_row][vc_column width=\u00a0\u00bb1\/2&Prime;][vc_column_text] Dire que Carol Robinson est une compositrice et clarinettiste franco-am\u00e9ricaine est bien r\u00e9ducteur&#8230;<\/p>\n","protected":false},"author":6,"featured_media":0,"parent":0,"menu_order":0,"comment_status":"closed","ping_status":"closed","template":"","meta":{"footnotes":""},"class_list":["post-1311","page","type-page","status-publish","hentry"],"yoast_head":"<!-- This site is optimized with the Yoast SEO plugin v27.2 - https:\/\/yoast.com\/product\/yoast-seo-wordpress\/ -->\n<title>biographie - Carol Robinson<\/title>\n<meta name=\"robots\" content=\"index, follow, max-snippet:-1, max-image-preview:large, max-video-preview:-1\" \/>\n<link rel=\"canonical\" href=\"https:\/\/carolrobinson.net\/fr\/carol-robinson-clarinettiste-compositrice-cv\/\" \/>\n<meta property=\"og:locale\" content=\"fr_FR\" \/>\n<meta property=\"og:type\" content=\"article\" \/>\n<meta property=\"og:title\" content=\"biographie - Carol Robinson\" \/>\n<meta property=\"og:description\" content=\"[vc_row][vc_column width=\u00a0\u00bb1\/2&Prime;][vc_column_text] Dire que Carol Robinson est une compositrice et clarinettiste franco-am\u00e9ricaine est bien r\u00e9ducteur...\" \/>\n<meta property=\"og:url\" content=\"https:\/\/carolrobinson.net\/fr\/carol-robinson-clarinettiste-compositrice-cv\/\" \/>\n<meta property=\"og:site_name\" content=\"Carol Robinson\" \/>\n<meta property=\"article:modified_time\" content=\"2025-12-23T12:16:19+00:00\" \/>\n<meta name=\"twitter:card\" content=\"summary_large_image\" \/>\n<meta name=\"twitter:label1\" content=\"Dur\u00e9e de lecture estim\u00e9e\" \/>\n\t<meta name=\"twitter:data1\" content=\"4 minutes\" \/>\n<script type=\"application\/ld+json\" class=\"yoast-schema-graph\">{\"@context\":\"https:\/\/schema.org\",\"@graph\":[{\"@type\":\"WebPage\",\"@id\":\"https:\/\/carolrobinson.net\/fr\/carol-robinson-clarinettiste-compositrice-cv\/\",\"url\":\"https:\/\/carolrobinson.net\/fr\/carol-robinson-clarinettiste-compositrice-cv\/\",\"name\":\"biographie - Carol Robinson\",\"isPartOf\":{\"@id\":\"https:\/\/carolrobinson.net\/fr\/#website\"},\"datePublished\":\"2015-07-16T10:56:18+00:00\",\"dateModified\":\"2025-12-23T12:16:19+00:00\",\"breadcrumb\":{\"@id\":\"https:\/\/carolrobinson.net\/fr\/carol-robinson-clarinettiste-compositrice-cv\/#breadcrumb\"},\"inLanguage\":\"fr-FR\",\"potentialAction\":[{\"@type\":\"ReadAction\",\"target\":[\"https:\/\/carolrobinson.net\/fr\/carol-robinson-clarinettiste-compositrice-cv\/\"]}]},{\"@type\":\"BreadcrumbList\",\"@id\":\"https:\/\/carolrobinson.net\/fr\/carol-robinson-clarinettiste-compositrice-cv\/#breadcrumb\",\"itemListElement\":[{\"@type\":\"ListItem\",\"position\":1,\"name\":\"Home\",\"item\":\"https:\/\/carolrobinson.net\/fr\/\"},{\"@type\":\"ListItem\",\"position\":2,\"name\":\"biographie\"}]},{\"@type\":\"WebSite\",\"@id\":\"https:\/\/carolrobinson.net\/fr\/#website\",\"url\":\"https:\/\/carolrobinson.net\/fr\/\",\"name\":\"Carol Robinson\",\"description\":\"composer &amp; clarinetist\",\"potentialAction\":[{\"@type\":\"SearchAction\",\"target\":{\"@type\":\"EntryPoint\",\"urlTemplate\":\"https:\/\/carolrobinson.net\/fr\/?s={search_term_string}\"},\"query-input\":{\"@type\":\"PropertyValueSpecification\",\"valueRequired\":true,\"valueName\":\"search_term_string\"}}],\"inLanguage\":\"fr-FR\"}]}<\/script>\n<!-- \/ Yoast SEO plugin. -->","yoast_head_json":{"title":"biographie - Carol Robinson","robots":{"index":"index","follow":"follow","max-snippet":"max-snippet:-1","max-image-preview":"max-image-preview:large","max-video-preview":"max-video-preview:-1"},"canonical":"https:\/\/carolrobinson.net\/fr\/carol-robinson-clarinettiste-compositrice-cv\/","og_locale":"fr_FR","og_type":"article","og_title":"biographie - Carol Robinson","og_description":"[vc_row][vc_column width=\u00a0\u00bb1\/2&Prime;][vc_column_text] Dire que Carol Robinson est une compositrice et clarinettiste franco-am\u00e9ricaine est bien r\u00e9ducteur...","og_url":"https:\/\/carolrobinson.net\/fr\/carol-robinson-clarinettiste-compositrice-cv\/","og_site_name":"Carol Robinson","article_modified_time":"2025-12-23T12:16:19+00:00","twitter_card":"summary_large_image","twitter_misc":{"Dur\u00e9e de lecture estim\u00e9e":"4 minutes"},"schema":{"@context":"https:\/\/schema.org","@graph":[{"@type":"WebPage","@id":"https:\/\/carolrobinson.net\/fr\/carol-robinson-clarinettiste-compositrice-cv\/","url":"https:\/\/carolrobinson.net\/fr\/carol-robinson-clarinettiste-compositrice-cv\/","name":"biographie - Carol Robinson","isPartOf":{"@id":"https:\/\/carolrobinson.net\/fr\/#website"},"datePublished":"2015-07-16T10:56:18+00:00","dateModified":"2025-12-23T12:16:19+00:00","breadcrumb":{"@id":"https:\/\/carolrobinson.net\/fr\/carol-robinson-clarinettiste-compositrice-cv\/#breadcrumb"},"inLanguage":"fr-FR","potentialAction":[{"@type":"ReadAction","target":["https:\/\/carolrobinson.net\/fr\/carol-robinson-clarinettiste-compositrice-cv\/"]}]},{"@type":"BreadcrumbList","@id":"https:\/\/carolrobinson.net\/fr\/carol-robinson-clarinettiste-compositrice-cv\/#breadcrumb","itemListElement":[{"@type":"ListItem","position":1,"name":"Home","item":"https:\/\/carolrobinson.net\/fr\/"},{"@type":"ListItem","position":2,"name":"biographie"}]},{"@type":"WebSite","@id":"https:\/\/carolrobinson.net\/fr\/#website","url":"https:\/\/carolrobinson.net\/fr\/","name":"Carol Robinson","description":"composer &amp; clarinetist","potentialAction":[{"@type":"SearchAction","target":{"@type":"EntryPoint","urlTemplate":"https:\/\/carolrobinson.net\/fr\/?s={search_term_string}"},"query-input":{"@type":"PropertyValueSpecification","valueRequired":true,"valueName":"search_term_string"}}],"inLanguage":"fr-FR"}]}},"_links":{"self":[{"href":"https:\/\/carolrobinson.net\/fr\/wp-json\/wp\/v2\/pages\/1311","targetHints":{"allow":["GET"]}}],"collection":[{"href":"https:\/\/carolrobinson.net\/fr\/wp-json\/wp\/v2\/pages"}],"about":[{"href":"https:\/\/carolrobinson.net\/fr\/wp-json\/wp\/v2\/types\/page"}],"author":[{"embeddable":true,"href":"https:\/\/carolrobinson.net\/fr\/wp-json\/wp\/v2\/users\/6"}],"replies":[{"embeddable":true,"href":"https:\/\/carolrobinson.net\/fr\/wp-json\/wp\/v2\/comments?post=1311"}],"version-history":[{"count":27,"href":"https:\/\/carolrobinson.net\/fr\/wp-json\/wp\/v2\/pages\/1311\/revisions"}],"predecessor-version":[{"id":11408,"href":"https:\/\/carolrobinson.net\/fr\/wp-json\/wp\/v2\/pages\/1311\/revisions\/11408"}],"wp:attachment":[{"href":"https:\/\/carolrobinson.net\/fr\/wp-json\/wp\/v2\/media?parent=1311"}],"curies":[{"name":"wp","href":"https:\/\/api.w.org\/{rel}","templated":true}]}}