{"id":2132,"date":"2014-05-31T10:49:59","date_gmt":"2014-05-31T10:49:59","guid":{"rendered":"http:\/\/carolrobinson.net\/?page_id=2132"},"modified":"2024-02-19T10:59:46","modified_gmt":"2024-02-19T10:59:46","slug":"theatre-musical","status":"publish","type":"page","link":"https:\/\/carolrobinson.net\/fr\/compositions\/theatre-musical\/","title":{"rendered":"th\u00e9\u00e2tre musical"},"content":{"rendered":"<div class=\"wpb-content-wrapper\"><p>[vc_row][vc_column width=\u00a0\u00bb1\/2&Prime;][vc_single_image image=\u00a0\u00bb1931&Prime; img_size=\u00a0\u00bbfull\u00a0\u00bb link=\u00a0\u00bbhttp:\/\/carolrobinson.net\/wp-content\/uploads\/2015\/06\/Les-Chances2LARGE.jpg\u00a0\u00bb][\/vc_column][vc_column width=\u00a0\u00bb1\/2&Prime;][vc_column_text]<\/p>\n<p class=\"lead\"><strong>Les Chances<\/strong><\/p>\n<p><strong>40\u2019 (2009)<\/strong><\/p>\n<p><strong>Des r\u00e9sonances dans l\u2019espace, des cycles, des bascules, des traces<\/strong><\/p>\n<p style=\"text-align: justify;\">Chaque interaction cr\u00e9e une r\u00e9f\u00e9rence, un rythme, un cycle. On entend de l\u2019air qui bouge, et l\u2019\u0153il suit le balancement, le bercement. On fait confiance \u00e0 cette douceur. Il n\u2019y a que des passages plus ou moins brefs, plus ou moins profonds, et puis le son recule, s\u2019\u00e9loigne\u2026<\/p>\n<p>Carol Robinson \u2013 musique<br \/>\nLucas Manganelli \u2013 danse<br \/>\nEtienne Bultingaire \u2013 espace sonore<\/p>\n<p>(pr\u00e9sentation &#8211; Th\u00e9\u00e2tre de la Cit\u00e9 Internationale \u2013 Paris)<\/p>\n<p>photo \u00a9 Brigitte Engu\u00e9rand[\/vc_column_text][\/vc_column][\/vc_row][vc_row][vc_column][vc_column_text]<iframe loading=\"lazy\" src=\"https:\/\/www.youtube.com\/embed\/szLZk862gNI\" width=\"420\" height=\"315\" frameborder=\"0\" allowfullscreen=\"allowfullscreen\"><\/iframe>[\/vc_column_text][\/vc_column][\/vc_row]<\/p>\n<\/div>","protected":false},"excerpt":{"rendered":"<p>[vc_row][vc_column width=\u00a0\u00bb1\/2&Prime;][vc_single_image image=\u00a0\u00bb1931&Prime; img_size=\u00a0\u00bbfull\u00a0\u00bb link=\u00a0\u00bbhttp:\/\/carolrobinson.net\/wp-content\/uploads\/2015\/06\/Les-Chances2LARGE.jpg\u00a0\u00bb][\/vc_column][vc_column width=\u00a0\u00bb1\/2&Prime;][vc_column_text] Les Chances 40\u2019 (2009) Des r\u00e9sonances dans l\u2019espace, des&#8230;<\/p>\n","protected":false},"author":6,"featured_media":0,"parent":1340,"menu_order":0,"comment_status":"closed","ping_status":"closed","template":"page_sidebar.php","meta":{"footnotes":""},"class_list":["post-2132","page","type-page","status-publish","hentry"],"yoast_head":"<!-- This site is optimized with the Yoast SEO plugin v27.2 - https:\/\/yoast.com\/product\/yoast-seo-wordpress\/ -->\n<title>th\u00e9\u00e2tre musical - Carol Robinson<\/title>\n<meta name=\"robots\" content=\"index, follow, max-snippet:-1, max-image-preview:large, max-video-preview:-1\" \/>\n<link rel=\"canonical\" href=\"https:\/\/carolrobinson.net\/fr\/compositions\/theatre-musical\/\" \/>\n<meta property=\"og:locale\" content=\"fr_FR\" \/>\n<meta property=\"og:type\" content=\"article\" \/>\n<meta property=\"og:title\" content=\"th\u00e9\u00e2tre musical - Carol Robinson\" \/>\n<meta property=\"og:description\" content=\"[vc_row][vc_column width=\u00a0\u00bb1\/2&Prime;][vc_single_image image=\u00a0\u00bb1931&Prime; img_size=\u00a0\u00bbfull\u00a0\u00bb link=\u00a0\u00bbhttp:\/\/carolrobinson.net\/wp-content\/uploads\/2015\/06\/Les-Chances2LARGE.jpg\u00a0\u00bb][\/vc_column][vc_column width=\u00a0\u00bb1\/2&Prime;][vc_column_text] Les Chances 40\u2019 (2009) Des r\u00e9sonances dans l\u2019espace, des...\" \/>\n<meta property=\"og:url\" content=\"https:\/\/carolrobinson.net\/fr\/compositions\/theatre-musical\/\" \/>\n<meta property=\"og:site_name\" content=\"Carol Robinson\" \/>\n<meta property=\"article:modified_time\" content=\"2024-02-19T10:59:46+00:00\" \/>\n<meta name=\"twitter:card\" content=\"summary_large_image\" \/>\n<meta name=\"twitter:label1\" content=\"Dur\u00e9e de lecture estim\u00e9e\" \/>\n\t<meta name=\"twitter:data1\" content=\"1 minute\" \/>\n<script type=\"application\/ld+json\" class=\"yoast-schema-graph\">{\"@context\":\"https:\/\/schema.org\",\"@graph\":[{\"@type\":\"WebPage\",\"@id\":\"https:\/\/carolrobinson.net\/fr\/compositions\/theatre-musical\/\",\"url\":\"https:\/\/carolrobinson.net\/fr\/compositions\/theatre-musical\/\",\"name\":\"th\u00e9\u00e2tre musical - Carol Robinson\",\"isPartOf\":{\"@id\":\"https:\/\/carolrobinson.net\/fr\/#website\"},\"datePublished\":\"2014-05-31T10:49:59+00:00\",\"dateModified\":\"2024-02-19T10:59:46+00:00\",\"breadcrumb\":{\"@id\":\"https:\/\/carolrobinson.net\/fr\/compositions\/theatre-musical\/#breadcrumb\"},\"inLanguage\":\"fr-FR\",\"potentialAction\":[{\"@type\":\"ReadAction\",\"target\":[\"https:\/\/carolrobinson.net\/fr\/compositions\/theatre-musical\/\"]}]},{\"@type\":\"BreadcrumbList\",\"@id\":\"https:\/\/carolrobinson.net\/fr\/compositions\/theatre-musical\/#breadcrumb\",\"itemListElement\":[{\"@type\":\"ListItem\",\"position\":1,\"name\":\"Home\",\"item\":\"http:\/\/carolrobinson.net\/fr\/\"},{\"@type\":\"ListItem\",\"position\":2,\"name\":\"compositions\",\"item\":\"https:\/\/carolrobinson.net\/fr\/compositions\/\"},{\"@type\":\"ListItem\",\"position\":3,\"name\":\"th\u00e9\u00e2tre musical\"}]},{\"@type\":\"WebSite\",\"@id\":\"https:\/\/carolrobinson.net\/fr\/#website\",\"url\":\"https:\/\/carolrobinson.net\/fr\/\",\"name\":\"Carol Robinson\",\"description\":\"composer &amp; clarinetist\",\"potentialAction\":[{\"@type\":\"SearchAction\",\"target\":{\"@type\":\"EntryPoint\",\"urlTemplate\":\"https:\/\/carolrobinson.net\/fr\/?s={search_term_string}\"},\"query-input\":{\"@type\":\"PropertyValueSpecification\",\"valueRequired\":true,\"valueName\":\"search_term_string\"}}],\"inLanguage\":\"fr-FR\"}]}<\/script>\n<!-- \/ Yoast SEO plugin. -->","yoast_head_json":{"title":"th\u00e9\u00e2tre musical - Carol Robinson","robots":{"index":"index","follow":"follow","max-snippet":"max-snippet:-1","max-image-preview":"max-image-preview:large","max-video-preview":"max-video-preview:-1"},"canonical":"https:\/\/carolrobinson.net\/fr\/compositions\/theatre-musical\/","og_locale":"fr_FR","og_type":"article","og_title":"th\u00e9\u00e2tre musical - Carol Robinson","og_description":"[vc_row][vc_column width=\u00a0\u00bb1\/2&Prime;][vc_single_image image=\u00a0\u00bb1931&Prime; img_size=\u00a0\u00bbfull\u00a0\u00bb link=\u00a0\u00bbhttp:\/\/carolrobinson.net\/wp-content\/uploads\/2015\/06\/Les-Chances2LARGE.jpg\u00a0\u00bb][\/vc_column][vc_column width=\u00a0\u00bb1\/2&Prime;][vc_column_text] Les Chances 40\u2019 (2009) Des r\u00e9sonances dans l\u2019espace, des...","og_url":"https:\/\/carolrobinson.net\/fr\/compositions\/theatre-musical\/","og_site_name":"Carol Robinson","article_modified_time":"2024-02-19T10:59:46+00:00","twitter_card":"summary_large_image","twitter_misc":{"Dur\u00e9e de lecture estim\u00e9e":"1 minute"},"schema":{"@context":"https:\/\/schema.org","@graph":[{"@type":"WebPage","@id":"https:\/\/carolrobinson.net\/fr\/compositions\/theatre-musical\/","url":"https:\/\/carolrobinson.net\/fr\/compositions\/theatre-musical\/","name":"th\u00e9\u00e2tre musical - Carol Robinson","isPartOf":{"@id":"https:\/\/carolrobinson.net\/fr\/#website"},"datePublished":"2014-05-31T10:49:59+00:00","dateModified":"2024-02-19T10:59:46+00:00","breadcrumb":{"@id":"https:\/\/carolrobinson.net\/fr\/compositions\/theatre-musical\/#breadcrumb"},"inLanguage":"fr-FR","potentialAction":[{"@type":"ReadAction","target":["https:\/\/carolrobinson.net\/fr\/compositions\/theatre-musical\/"]}]},{"@type":"BreadcrumbList","@id":"https:\/\/carolrobinson.net\/fr\/compositions\/theatre-musical\/#breadcrumb","itemListElement":[{"@type":"ListItem","position":1,"name":"Home","item":"http:\/\/carolrobinson.net\/fr\/"},{"@type":"ListItem","position":2,"name":"compositions","item":"https:\/\/carolrobinson.net\/fr\/compositions\/"},{"@type":"ListItem","position":3,"name":"th\u00e9\u00e2tre musical"}]},{"@type":"WebSite","@id":"https:\/\/carolrobinson.net\/fr\/#website","url":"https:\/\/carolrobinson.net\/fr\/","name":"Carol Robinson","description":"composer &amp; clarinetist","potentialAction":[{"@type":"SearchAction","target":{"@type":"EntryPoint","urlTemplate":"https:\/\/carolrobinson.net\/fr\/?s={search_term_string}"},"query-input":{"@type":"PropertyValueSpecification","valueRequired":true,"valueName":"search_term_string"}}],"inLanguage":"fr-FR"}]}},"_links":{"self":[{"href":"https:\/\/carolrobinson.net\/fr\/wp-json\/wp\/v2\/pages\/2132","targetHints":{"allow":["GET"]}}],"collection":[{"href":"https:\/\/carolrobinson.net\/fr\/wp-json\/wp\/v2\/pages"}],"about":[{"href":"https:\/\/carolrobinson.net\/fr\/wp-json\/wp\/v2\/types\/page"}],"author":[{"embeddable":true,"href":"https:\/\/carolrobinson.net\/fr\/wp-json\/wp\/v2\/users\/6"}],"replies":[{"embeddable":true,"href":"https:\/\/carolrobinson.net\/fr\/wp-json\/wp\/v2\/comments?post=2132"}],"version-history":[{"count":3,"href":"https:\/\/carolrobinson.net\/fr\/wp-json\/wp\/v2\/pages\/2132\/revisions"}],"predecessor-version":[{"id":2293,"href":"https:\/\/carolrobinson.net\/fr\/wp-json\/wp\/v2\/pages\/2132\/revisions\/2293"}],"up":[{"embeddable":true,"href":"https:\/\/carolrobinson.net\/fr\/wp-json\/wp\/v2\/pages\/1340"}],"wp:attachment":[{"href":"https:\/\/carolrobinson.net\/fr\/wp-json\/wp\/v2\/media?parent=2132"}],"curies":[{"name":"wp","href":"https:\/\/api.w.org\/{rel}","templated":true}]}}