{"id":2228,"date":"2015-07-31T11:52:56","date_gmt":"2015-07-31T11:52:56","guid":{"rendered":"http:\/\/carolrobinson.net\/?page_id=2228"},"modified":"2022-02-10T13:30:51","modified_gmt":"2022-02-10T13:30:51","slug":"birbyne","status":"publish","type":"page","link":"https:\/\/carolrobinson.net\/fr\/repertoire\/birbyne\/","title":{"rendered":"Birbyn\u0117"},"content":{"rendered":"<div class=\"wpb-content-wrapper\"><p>[vc_row][vc_column width=\u00a0\u00bb1\/2&Prime;][vc_single_image image=\u00a0\u00bb8654&Prime; img_size=\u00a0\u00bblarge\u00a0\u00bb][\/vc_column][vc_column width=\u00a0\u00bb1\/2&Prime;][vc_column_text]<\/p>\n<p style=\"text-align: justify;\">La birbyn\u0117 est un instrument traditionnel qui ne se trouve qu\u2019en Lituanie. Elle est muni d&rsquo;une anche simple maintenue par une cordelette bien serr\u00e9e, comme une clarinette du syst\u00e8me Oehler. Elle est g\u00e9n\u00e9ralement r\u00e9alis\u00e9e en bois d&rsquo;\u00e9rable ou de cerisier, trait\u00e9 \u00e0 l&rsquo;huile de lin bouillante ou \u00e0 la r\u00e9sine. Un pavillon en corne de vache est fix\u00e9 sur la partie inf\u00e9rieure de l\u2019instrument. Le mod\u00e8le le plus r\u00e9pandu compte dix trous et une cl\u00e9 de registre. La perce n&rsquo;\u00e9tant ni v\u00e9ritablement cylindrique, ni v\u00e9ritablement conique, la cl\u00e9 de registre produit un surprenant intervalle d\u2019un dixi\u00e8me. Les propri\u00e9t\u00e9s physiques de la birbyn\u0117 permettent donc de produire un son riche et profond proche de la voix humaine, d&rsquo;une fl\u00fbte asiatique ou d&rsquo;un doudouk arm\u00e9nien, la rendant tout \u00e0 fait adapt\u00e9e aux compositions contemporaines.<\/p>\n<p>[\/vc_column_text][\/vc_column][\/vc_row][vc_row][vc_column width=\u00a0\u00bb1\/2&Prime;][vc_column_text]<strong><em>Echo Nocturne<\/em><\/strong> (2021) 6&prime; de\u00a0<strong>Xu Yi<\/strong><\/p>\n<p><em><strong>Forest Gazing<\/strong><\/em> (2020) 11&prime; de <strong>Carol Robinson <\/strong>&#8211;\u00a0commande de Radio France, pour birbyne et quatuor \u00e0 cordes<\/p>\n<p><em><strong>Toucher l&rsquo;Air<\/strong><\/em> (2019) 21&prime; de <strong>J\u00fcrg Frey<\/strong><\/p>\n<p><em><strong>As far as will fill up the time <\/strong><\/em>(2016) 10&prime; de\u00a0<strong>Zad Moultaka<\/strong> &#8211; commande de Radio France, pour birbyne et sons fixes<\/p>\n<p><strong><em>Sei studi di vertigine<\/em>\u00a0<\/strong>(2015) 14&prime; de\u00a0<strong>Nadir Vassena \u00a0&#8211; <\/strong>commande du Festival Archipel<\/p>\n<p><em><strong>Arb\u014ds <\/strong><\/em>(2015) 9\u2019 de <strong>Janis Petraskevics\u00a0\u00a0&#8211;<\/strong> commande du Festival Archipel<\/p>\n<p><em><strong>OCCAM III<\/strong><\/em> (2012) 20\u2019 de <strong>Eliane Radigue<\/strong><\/p>\n<p><em><strong>Billows<\/strong><\/em> (2009) 20&prime; de <strong>Carol Robinson<\/strong> &#8211; sortie sur PLUSH, pour birbyne et traitement en temps r\u00e9el<\/p>\n<p><em><strong>Day \/ Light Times<\/strong><\/em> (2008) 10\u2019 de <strong>Carol Robinson<\/strong><\/p>\n<p><strong>\u00a0<\/strong>[\/vc_column_text][\/vc_column][vc_column width=\u00a0\u00bb1\/2&Prime;][vc_empty_space height=\u00a0\u00bb52px\u00a0\u00bb][vc_single_image image=\u00a0\u00bb9600&Prime;][vc_single_image image=\u00a0\u00bb2028&Prime;][\/vc_column][\/vc_row]<\/p>\n<\/div>","protected":false},"excerpt":{"rendered":"<p>[vc_row][vc_column width=\u00a0\u00bb1\/2&Prime;][vc_single_image image=\u00a0\u00bb8654&Prime; img_size=\u00a0\u00bblarge\u00a0\u00bb][\/vc_column][vc_column width=\u00a0\u00bb1\/2&Prime;][vc_column_text] La birbyn\u0117 est un instrument traditionnel qui ne se trouve&#8230;<\/p>\n","protected":false},"author":6,"featured_media":0,"parent":2136,"menu_order":0,"comment_status":"closed","ping_status":"closed","template":"page_sidebar.php","meta":{"footnotes":""},"class_list":["post-2228","page","type-page","status-publish","hentry"],"yoast_head":"<!-- This site is optimized with the Yoast SEO plugin v27.2 - https:\/\/yoast.com\/product\/yoast-seo-wordpress\/ -->\n<title>Birbyn\u0117 - Carol Robinson<\/title>\n<meta name=\"robots\" content=\"index, follow, max-snippet:-1, max-image-preview:large, max-video-preview:-1\" \/>\n<link rel=\"canonical\" href=\"https:\/\/carolrobinson.net\/fr\/repertoire\/birbyne\/\" \/>\n<meta property=\"og:locale\" content=\"fr_FR\" \/>\n<meta property=\"og:type\" content=\"article\" \/>\n<meta property=\"og:title\" content=\"Birbyn\u0117 - Carol Robinson\" \/>\n<meta property=\"og:description\" content=\"[vc_row][vc_column width=\u00a0\u00bb1\/2&Prime;][vc_single_image image=\u00a0\u00bb8654&Prime; img_size=\u00a0\u00bblarge\u00a0\u00bb][\/vc_column][vc_column width=\u00a0\u00bb1\/2&Prime;][vc_column_text] La birbyn\u0117 est un instrument traditionnel qui ne se trouve...\" \/>\n<meta property=\"og:url\" content=\"https:\/\/carolrobinson.net\/fr\/repertoire\/birbyne\/\" \/>\n<meta property=\"og:site_name\" content=\"Carol Robinson\" \/>\n<meta property=\"article:modified_time\" content=\"2022-02-10T13:30:51+00:00\" \/>\n<meta name=\"twitter:card\" content=\"summary_large_image\" \/>\n<meta name=\"twitter:label1\" content=\"Dur\u00e9e de lecture estim\u00e9e\" \/>\n\t<meta name=\"twitter:data1\" content=\"2 minutes\" \/>\n<script type=\"application\/ld+json\" class=\"yoast-schema-graph\">{\"@context\":\"https:\/\/schema.org\",\"@graph\":[{\"@type\":\"WebPage\",\"@id\":\"https:\/\/carolrobinson.net\/fr\/repertoire\/birbyne\/\",\"url\":\"https:\/\/carolrobinson.net\/fr\/repertoire\/birbyne\/\",\"name\":\"Birbyn\u0117 - Carol Robinson\",\"isPartOf\":{\"@id\":\"https:\/\/carolrobinson.net\/fr\/#website\"},\"datePublished\":\"2015-07-31T11:52:56+00:00\",\"dateModified\":\"2022-02-10T13:30:51+00:00\",\"breadcrumb\":{\"@id\":\"https:\/\/carolrobinson.net\/fr\/repertoire\/birbyne\/#breadcrumb\"},\"inLanguage\":\"fr-FR\",\"potentialAction\":[{\"@type\":\"ReadAction\",\"target\":[\"https:\/\/carolrobinson.net\/fr\/repertoire\/birbyne\/\"]}]},{\"@type\":\"BreadcrumbList\",\"@id\":\"https:\/\/carolrobinson.net\/fr\/repertoire\/birbyne\/#breadcrumb\",\"itemListElement\":[{\"@type\":\"ListItem\",\"position\":1,\"name\":\"Home\",\"item\":\"https:\/\/carolrobinson.net\/fr\/\"},{\"@type\":\"ListItem\",\"position\":2,\"name\":\"repertoire\",\"item\":\"https:\/\/carolrobinson.net\/fr\/repertoire\/\"},{\"@type\":\"ListItem\",\"position\":3,\"name\":\"Birbyn\u0117\"}]},{\"@type\":\"WebSite\",\"@id\":\"https:\/\/carolrobinson.net\/fr\/#website\",\"url\":\"https:\/\/carolrobinson.net\/fr\/\",\"name\":\"Carol Robinson\",\"description\":\"composer &amp; clarinetist\",\"potentialAction\":[{\"@type\":\"SearchAction\",\"target\":{\"@type\":\"EntryPoint\",\"urlTemplate\":\"https:\/\/carolrobinson.net\/fr\/?s={search_term_string}\"},\"query-input\":{\"@type\":\"PropertyValueSpecification\",\"valueRequired\":true,\"valueName\":\"search_term_string\"}}],\"inLanguage\":\"fr-FR\"}]}<\/script>\n<!-- \/ Yoast SEO plugin. -->","yoast_head_json":{"title":"Birbyn\u0117 - Carol Robinson","robots":{"index":"index","follow":"follow","max-snippet":"max-snippet:-1","max-image-preview":"max-image-preview:large","max-video-preview":"max-video-preview:-1"},"canonical":"https:\/\/carolrobinson.net\/fr\/repertoire\/birbyne\/","og_locale":"fr_FR","og_type":"article","og_title":"Birbyn\u0117 - Carol Robinson","og_description":"[vc_row][vc_column width=\u00a0\u00bb1\/2&Prime;][vc_single_image image=\u00a0\u00bb8654&Prime; img_size=\u00a0\u00bblarge\u00a0\u00bb][\/vc_column][vc_column width=\u00a0\u00bb1\/2&Prime;][vc_column_text] La birbyn\u0117 est un instrument traditionnel qui ne se trouve...","og_url":"https:\/\/carolrobinson.net\/fr\/repertoire\/birbyne\/","og_site_name":"Carol Robinson","article_modified_time":"2022-02-10T13:30:51+00:00","twitter_card":"summary_large_image","twitter_misc":{"Dur\u00e9e de lecture estim\u00e9e":"2 minutes"},"schema":{"@context":"https:\/\/schema.org","@graph":[{"@type":"WebPage","@id":"https:\/\/carolrobinson.net\/fr\/repertoire\/birbyne\/","url":"https:\/\/carolrobinson.net\/fr\/repertoire\/birbyne\/","name":"Birbyn\u0117 - Carol Robinson","isPartOf":{"@id":"https:\/\/carolrobinson.net\/fr\/#website"},"datePublished":"2015-07-31T11:52:56+00:00","dateModified":"2022-02-10T13:30:51+00:00","breadcrumb":{"@id":"https:\/\/carolrobinson.net\/fr\/repertoire\/birbyne\/#breadcrumb"},"inLanguage":"fr-FR","potentialAction":[{"@type":"ReadAction","target":["https:\/\/carolrobinson.net\/fr\/repertoire\/birbyne\/"]}]},{"@type":"BreadcrumbList","@id":"https:\/\/carolrobinson.net\/fr\/repertoire\/birbyne\/#breadcrumb","itemListElement":[{"@type":"ListItem","position":1,"name":"Home","item":"https:\/\/carolrobinson.net\/fr\/"},{"@type":"ListItem","position":2,"name":"repertoire","item":"https:\/\/carolrobinson.net\/fr\/repertoire\/"},{"@type":"ListItem","position":3,"name":"Birbyn\u0117"}]},{"@type":"WebSite","@id":"https:\/\/carolrobinson.net\/fr\/#website","url":"https:\/\/carolrobinson.net\/fr\/","name":"Carol Robinson","description":"composer &amp; clarinetist","potentialAction":[{"@type":"SearchAction","target":{"@type":"EntryPoint","urlTemplate":"https:\/\/carolrobinson.net\/fr\/?s={search_term_string}"},"query-input":{"@type":"PropertyValueSpecification","valueRequired":true,"valueName":"search_term_string"}}],"inLanguage":"fr-FR"}]}},"_links":{"self":[{"href":"https:\/\/carolrobinson.net\/fr\/wp-json\/wp\/v2\/pages\/2228","targetHints":{"allow":["GET"]}}],"collection":[{"href":"https:\/\/carolrobinson.net\/fr\/wp-json\/wp\/v2\/pages"}],"about":[{"href":"https:\/\/carolrobinson.net\/fr\/wp-json\/wp\/v2\/types\/page"}],"author":[{"embeddable":true,"href":"https:\/\/carolrobinson.net\/fr\/wp-json\/wp\/v2\/users\/6"}],"replies":[{"embeddable":true,"href":"https:\/\/carolrobinson.net\/fr\/wp-json\/wp\/v2\/comments?post=2228"}],"version-history":[{"count":15,"href":"https:\/\/carolrobinson.net\/fr\/wp-json\/wp\/v2\/pages\/2228\/revisions"}],"predecessor-version":[{"id":9862,"href":"https:\/\/carolrobinson.net\/fr\/wp-json\/wp\/v2\/pages\/2228\/revisions\/9862"}],"up":[{"embeddable":true,"href":"https:\/\/carolrobinson.net\/fr\/wp-json\/wp\/v2\/pages\/2136"}],"wp:attachment":[{"href":"https:\/\/carolrobinson.net\/fr\/wp-json\/wp\/v2\/media?parent=2228"}],"curies":[{"name":"wp","href":"https:\/\/api.w.org\/{rel}","templated":true}]}}