{"id":2395,"date":"2015-08-03T12:17:07","date_gmt":"2015-08-03T12:17:07","guid":{"rendered":"http:\/\/carolrobinson.net\/?page_id=2395"},"modified":"2024-01-19T16:07:55","modified_gmt":"2024-01-19T16:07:55","slug":"flotsam","status":"publish","type":"page","link":"https:\/\/carolrobinson.net\/fr\/compositions\/avec-electronique\/flotsam\/","title":{"rendered":"Flotsam &#8211; clar b\/electro"},"content":{"rendered":"<div class=\"wpb-content-wrapper\"><p>[vc_row][vc_column width=\u00a0\u00bb1\/2&Prime;][vc_single_image image=\u00a0\u00bb2019&Prime; img_size=\u00a0\u00bbfull\u00a0\u00bb onclick=\u00a0\u00bbcustom_link\u00a0\u00bb link=\u00a0\u00bbhttp:\/\/carolrobinson.net\/wp-content\/uploads\/2015\/06\/FlotsamLARGE.jpg\u00a0\u00bb][\/vc_column][vc_column width=\u00a0\u00bb1\/2&Prime;][vc_column_text]<\/p>\n<p class=\"lead\"><strong>Flotsam<\/strong><\/p>\n<p><strong>13\u2019 or 21\u2019 (1999)<\/strong><\/p>\n<p><strong>clarinette basse et \u00e9lectronique al\u00e9atoire<\/strong><\/p>\n<p>pour John Robinson<\/p>\n<p>commande : CCMIX<\/p>\n<p>(cr\u00e9ation &#8211; Th\u00e9\u00e2tre des Quartiers d&rsquo;Ivry &#8211; Festival Sons d&rsquo;Hiver)[\/vc_column_text][\/vc_column][\/vc_row][vc_row][vc_column][vc_column_text]<iframe loading=\"lazy\" src=\"https:\/\/w.soundcloud.com\/player\/?url=https%3A\/\/api.soundcloud.com\/tracks\/211038276&amp;color=ff5500&amp;auto_play=false&amp;hide_related=false&amp;show_comments=true&amp;show_user=true&amp;show_reposts=false\" width=\"100%\" height=\"96\" frameborder=\"no\" scrolling=\"no\"><\/iframe>[\/vc_column_text][\/vc_column][\/vc_row]<\/p>\n<\/div>","protected":false},"excerpt":{"rendered":"<p>[vc_row][vc_column width=\u00a0\u00bb1\/2&Prime;][vc_single_image image=\u00a0\u00bb2019&Prime; img_size=\u00a0\u00bbfull\u00a0\u00bb onclick=\u00a0\u00bbcustom_link\u00a0\u00bb link=\u00a0\u00bbhttp:\/\/carolrobinson.net\/wp-content\/uploads\/2015\/06\/FlotsamLARGE.jpg\u00a0\u00bb][\/vc_column][vc_column width=\u00a0\u00bb1\/2&Prime;][vc_column_text] Flotsam 13\u2019 or 21\u2019 (1999) clarinette basse et&#8230;<\/p>\n","protected":false},"author":6,"featured_media":0,"parent":10656,"menu_order":13,"comment_status":"closed","ping_status":"closed","template":"page_sidebar.php","meta":{"footnotes":""},"class_list":["post-2395","page","type-page","status-publish","hentry"],"yoast_head":"<!-- This site is optimized with the Yoast SEO plugin v27.2 - https:\/\/yoast.com\/product\/yoast-seo-wordpress\/ -->\n<title>Flotsam - clar b\/electro - Carol Robinson<\/title>\n<meta name=\"robots\" content=\"index, follow, max-snippet:-1, max-image-preview:large, max-video-preview:-1\" \/>\n<link rel=\"canonical\" href=\"https:\/\/carolrobinson.net\/fr\/compositions\/avec-electronique\/flotsam\/\" \/>\n<meta property=\"og:locale\" content=\"fr_FR\" \/>\n<meta property=\"og:type\" content=\"article\" \/>\n<meta property=\"og:title\" content=\"Flotsam - clar b\/electro - Carol Robinson\" \/>\n<meta property=\"og:description\" content=\"[vc_row][vc_column width=\u00a0\u00bb1\/2&Prime;][vc_single_image image=\u00a0\u00bb2019&Prime; img_size=\u00a0\u00bbfull\u00a0\u00bb onclick=\u00a0\u00bbcustom_link\u00a0\u00bb link=\u00a0\u00bbhttp:\/\/carolrobinson.net\/wp-content\/uploads\/2015\/06\/FlotsamLARGE.jpg\u00a0\u00bb][\/vc_column][vc_column width=\u00a0\u00bb1\/2&Prime;][vc_column_text] Flotsam 13\u2019 or 21\u2019 (1999) clarinette basse et...\" \/>\n<meta property=\"og:url\" content=\"https:\/\/carolrobinson.net\/fr\/compositions\/avec-electronique\/flotsam\/\" \/>\n<meta property=\"og:site_name\" content=\"Carol Robinson\" \/>\n<meta property=\"article:modified_time\" content=\"2024-01-19T16:07:55+00:00\" \/>\n<meta name=\"twitter:card\" content=\"summary_large_image\" \/>\n<meta name=\"twitter:label1\" content=\"Dur\u00e9e de lecture estim\u00e9e\" \/>\n\t<meta name=\"twitter:data1\" content=\"1 minute\" \/>\n<script type=\"application\/ld+json\" class=\"yoast-schema-graph\">{\"@context\":\"https:\/\/schema.org\",\"@graph\":[{\"@type\":\"WebPage\",\"@id\":\"https:\/\/carolrobinson.net\/fr\/compositions\/avec-electronique\/flotsam\/\",\"url\":\"https:\/\/carolrobinson.net\/fr\/compositions\/avec-electronique\/flotsam\/\",\"name\":\"Flotsam - clar b\/electro - Carol Robinson\",\"isPartOf\":{\"@id\":\"https:\/\/carolrobinson.net\/fr\/#website\"},\"datePublished\":\"2015-08-03T12:17:07+00:00\",\"dateModified\":\"2024-01-19T16:07:55+00:00\",\"breadcrumb\":{\"@id\":\"https:\/\/carolrobinson.net\/fr\/compositions\/avec-electronique\/flotsam\/#breadcrumb\"},\"inLanguage\":\"fr-FR\",\"potentialAction\":[{\"@type\":\"ReadAction\",\"target\":[\"https:\/\/carolrobinson.net\/fr\/compositions\/avec-electronique\/flotsam\/\"]}]},{\"@type\":\"BreadcrumbList\",\"@id\":\"https:\/\/carolrobinson.net\/fr\/compositions\/avec-electronique\/flotsam\/#breadcrumb\",\"itemListElement\":[{\"@type\":\"ListItem\",\"position\":1,\"name\":\"Home\",\"item\":\"https:\/\/carolrobinson.net\/fr\/\"},{\"@type\":\"ListItem\",\"position\":2,\"name\":\"compositions\",\"item\":\"http:\/\/carolrobinson.net\/fr\/compositions\/\"},{\"@type\":\"ListItem\",\"position\":3,\"name\":\"avec \u00e9l\u00e9ctronique\",\"item\":\"http:\/\/carolrobinson.net\/fr\/compositions\/avec-electronique\/\"},{\"@type\":\"ListItem\",\"position\":4,\"name\":\"Flotsam &#8211; clar b\/electro\"}]},{\"@type\":\"WebSite\",\"@id\":\"https:\/\/carolrobinson.net\/fr\/#website\",\"url\":\"https:\/\/carolrobinson.net\/fr\/\",\"name\":\"Carol Robinson\",\"description\":\"composer &amp; clarinetist\",\"potentialAction\":[{\"@type\":\"SearchAction\",\"target\":{\"@type\":\"EntryPoint\",\"urlTemplate\":\"https:\/\/carolrobinson.net\/fr\/?s={search_term_string}\"},\"query-input\":{\"@type\":\"PropertyValueSpecification\",\"valueRequired\":true,\"valueName\":\"search_term_string\"}}],\"inLanguage\":\"fr-FR\"}]}<\/script>\n<!-- \/ Yoast SEO plugin. -->","yoast_head_json":{"title":"Flotsam - clar b\/electro - Carol Robinson","robots":{"index":"index","follow":"follow","max-snippet":"max-snippet:-1","max-image-preview":"max-image-preview:large","max-video-preview":"max-video-preview:-1"},"canonical":"https:\/\/carolrobinson.net\/fr\/compositions\/avec-electronique\/flotsam\/","og_locale":"fr_FR","og_type":"article","og_title":"Flotsam - clar b\/electro - Carol Robinson","og_description":"[vc_row][vc_column width=\u00a0\u00bb1\/2&Prime;][vc_single_image image=\u00a0\u00bb2019&Prime; img_size=\u00a0\u00bbfull\u00a0\u00bb onclick=\u00a0\u00bbcustom_link\u00a0\u00bb link=\u00a0\u00bbhttp:\/\/carolrobinson.net\/wp-content\/uploads\/2015\/06\/FlotsamLARGE.jpg\u00a0\u00bb][\/vc_column][vc_column width=\u00a0\u00bb1\/2&Prime;][vc_column_text] Flotsam 13\u2019 or 21\u2019 (1999) clarinette basse et...","og_url":"https:\/\/carolrobinson.net\/fr\/compositions\/avec-electronique\/flotsam\/","og_site_name":"Carol Robinson","article_modified_time":"2024-01-19T16:07:55+00:00","twitter_card":"summary_large_image","twitter_misc":{"Dur\u00e9e de lecture estim\u00e9e":"1 minute"},"schema":{"@context":"https:\/\/schema.org","@graph":[{"@type":"WebPage","@id":"https:\/\/carolrobinson.net\/fr\/compositions\/avec-electronique\/flotsam\/","url":"https:\/\/carolrobinson.net\/fr\/compositions\/avec-electronique\/flotsam\/","name":"Flotsam - clar b\/electro - Carol Robinson","isPartOf":{"@id":"https:\/\/carolrobinson.net\/fr\/#website"},"datePublished":"2015-08-03T12:17:07+00:00","dateModified":"2024-01-19T16:07:55+00:00","breadcrumb":{"@id":"https:\/\/carolrobinson.net\/fr\/compositions\/avec-electronique\/flotsam\/#breadcrumb"},"inLanguage":"fr-FR","potentialAction":[{"@type":"ReadAction","target":["https:\/\/carolrobinson.net\/fr\/compositions\/avec-electronique\/flotsam\/"]}]},{"@type":"BreadcrumbList","@id":"https:\/\/carolrobinson.net\/fr\/compositions\/avec-electronique\/flotsam\/#breadcrumb","itemListElement":[{"@type":"ListItem","position":1,"name":"Home","item":"https:\/\/carolrobinson.net\/fr\/"},{"@type":"ListItem","position":2,"name":"compositions","item":"http:\/\/carolrobinson.net\/fr\/compositions\/"},{"@type":"ListItem","position":3,"name":"avec \u00e9l\u00e9ctronique","item":"http:\/\/carolrobinson.net\/fr\/compositions\/avec-electronique\/"},{"@type":"ListItem","position":4,"name":"Flotsam &#8211; clar b\/electro"}]},{"@type":"WebSite","@id":"https:\/\/carolrobinson.net\/fr\/#website","url":"https:\/\/carolrobinson.net\/fr\/","name":"Carol Robinson","description":"composer &amp; clarinetist","potentialAction":[{"@type":"SearchAction","target":{"@type":"EntryPoint","urlTemplate":"https:\/\/carolrobinson.net\/fr\/?s={search_term_string}"},"query-input":{"@type":"PropertyValueSpecification","valueRequired":true,"valueName":"search_term_string"}}],"inLanguage":"fr-FR"}]}},"_links":{"self":[{"href":"https:\/\/carolrobinson.net\/fr\/wp-json\/wp\/v2\/pages\/2395","targetHints":{"allow":["GET"]}}],"collection":[{"href":"https:\/\/carolrobinson.net\/fr\/wp-json\/wp\/v2\/pages"}],"about":[{"href":"https:\/\/carolrobinson.net\/fr\/wp-json\/wp\/v2\/types\/page"}],"author":[{"embeddable":true,"href":"https:\/\/carolrobinson.net\/fr\/wp-json\/wp\/v2\/users\/6"}],"replies":[{"embeddable":true,"href":"https:\/\/carolrobinson.net\/fr\/wp-json\/wp\/v2\/comments?post=2395"}],"version-history":[{"count":4,"href":"https:\/\/carolrobinson.net\/fr\/wp-json\/wp\/v2\/pages\/2395\/revisions"}],"predecessor-version":[{"id":9300,"href":"https:\/\/carolrobinson.net\/fr\/wp-json\/wp\/v2\/pages\/2395\/revisions\/9300"}],"up":[{"embeddable":true,"href":"https:\/\/carolrobinson.net\/fr\/wp-json\/wp\/v2\/pages\/10656"}],"wp:attachment":[{"href":"https:\/\/carolrobinson.net\/fr\/wp-json\/wp\/v2\/media?parent=2395"}],"curies":[{"name":"wp","href":"https:\/\/api.w.org\/{rel}","templated":true}]}}