{"id":9248,"date":"2021-04-21T15:16:05","date_gmt":"2021-04-21T15:16:05","guid":{"rendered":"https:\/\/carolrobinson.net\/compositions\/theatre-musical\/flying-carpet\/"},"modified":"2021-04-25T15:49:11","modified_gmt":"2021-04-25T15:49:11","slug":"flying-carpet","status":"publish","type":"page","link":"https:\/\/carolrobinson.net\/fr\/compositions\/theatre-musical\/flying-carpet\/","title":{"rendered":"Flying Carpet"},"content":{"rendered":"<div class=\"wpb-content-wrapper\"><p>[vc_row][vc_column width=\u00a0\u00bb1\/2&Prime;][vc_single_image image=\u00a0\u00bb9139&Prime; img_size=\u00a0\u00bbfull\u00a0\u00bb onclick=\u00a0\u00bbcustom_link\u00a0\u00bb link=\u00a0\u00bbhttp:\/\/carolrobinson.net\/wp-content\/uploads\/2015\/06\/CR-Rockaby.png\u00a0\u00bb][\/vc_column][vc_column width=\u00a0\u00bb1\/2&Prime;][vc_column_text]<\/p>\n<p class=\"lead\"><strong>Flying Carpet<\/strong><\/p>\n<p><strong>60&prime; (2016)<\/strong><\/p>\n<p><strong>clarinettes, guitare \u00e9lectrique, vid\u00e9o, \u00e9lectronique, sound design, sc\u00e9nographie<\/strong><\/p>\n<p>un spectacle multi-m\u00e9dia co-con\u00e7u avec Serge Teyssot-Gay, Christophe Hauser et Laure Saint-Hillier<\/p>\n<p>commande : Les Quinconces<\/p>\n<p>(cr\u00e9ation le 13 avril 2016 \u00a0&#8211; Les Quinconces \u2013 Le Mans)<\/p>\n<p>&nbsp;<\/p>\n<p>[\/vc_column_text][\/vc_column][\/vc_row][vc_row][vc_column][vc_video link=\u00a0\u00bbhttps:\/\/www.youtube.com\/watch?v=ATMlMGcNsfI\u00a0\u00bb][\/vc_column][\/vc_row]<\/p>\n<\/div>","protected":false},"excerpt":{"rendered":"<p>[vc_row][vc_column width=\u00a0\u00bb1\/2&Prime;][vc_single_image image=\u00a0\u00bb9139&Prime; img_size=\u00a0\u00bbfull\u00a0\u00bb onclick=\u00a0\u00bbcustom_link\u00a0\u00bb link=\u00a0\u00bbhttp:\/\/carolrobinson.net\/wp-content\/uploads\/2015\/06\/CR-Rockaby.png\u00a0\u00bb][\/vc_column][vc_column width=\u00a0\u00bb1\/2&Prime;][vc_column_text] Flying Carpet 60&prime; (2016) clarinettes, guitare \u00e9lectrique, vid\u00e9o,&#8230;<\/p>\n","protected":false},"author":6,"featured_media":0,"parent":2132,"menu_order":0,"comment_status":"closed","ping_status":"closed","template":"page_sidebar.php","meta":{"footnotes":""},"class_list":["post-9248","page","type-page","status-publish","hentry"],"yoast_head":"<!-- This site is optimized with the Yoast SEO plugin v27.2 - https:\/\/yoast.com\/product\/yoast-seo-wordpress\/ -->\n<title>Flying Carpet - Carol Robinson<\/title>\n<meta name=\"robots\" content=\"index, follow, max-snippet:-1, max-image-preview:large, max-video-preview:-1\" \/>\n<link rel=\"canonical\" href=\"https:\/\/carolrobinson.net\/fr\/compositions\/theatre-musical\/flying-carpet\/\" \/>\n<meta property=\"og:locale\" content=\"fr_FR\" \/>\n<meta property=\"og:type\" content=\"article\" \/>\n<meta property=\"og:title\" content=\"Flying Carpet - Carol Robinson\" \/>\n<meta property=\"og:description\" content=\"[vc_row][vc_column width=\u00a0\u00bb1\/2&Prime;][vc_single_image image=\u00a0\u00bb9139&Prime; img_size=\u00a0\u00bbfull\u00a0\u00bb onclick=\u00a0\u00bbcustom_link\u00a0\u00bb link=\u00a0\u00bbhttp:\/\/carolrobinson.net\/wp-content\/uploads\/2015\/06\/CR-Rockaby.png\u00a0\u00bb][\/vc_column][vc_column width=\u00a0\u00bb1\/2&Prime;][vc_column_text] Flying Carpet 60&prime; (2016) clarinettes, guitare \u00e9lectrique, vid\u00e9o,...\" \/>\n<meta property=\"og:url\" content=\"https:\/\/carolrobinson.net\/fr\/compositions\/theatre-musical\/flying-carpet\/\" \/>\n<meta property=\"og:site_name\" content=\"Carol Robinson\" \/>\n<meta property=\"article:modified_time\" content=\"2021-04-25T15:49:11+00:00\" \/>\n<meta name=\"twitter:card\" content=\"summary_large_image\" \/>\n<meta name=\"twitter:label1\" content=\"Dur\u00e9e de lecture estim\u00e9e\" \/>\n\t<meta name=\"twitter:data1\" content=\"1 minute\" \/>\n<script type=\"application\/ld+json\" class=\"yoast-schema-graph\">{\"@context\":\"https:\/\/schema.org\",\"@graph\":[{\"@type\":\"WebPage\",\"@id\":\"https:\/\/carolrobinson.net\/fr\/compositions\/theatre-musical\/flying-carpet\/\",\"url\":\"https:\/\/carolrobinson.net\/fr\/compositions\/theatre-musical\/flying-carpet\/\",\"name\":\"Flying Carpet - Carol Robinson\",\"isPartOf\":{\"@id\":\"https:\/\/carolrobinson.net\/fr\/#website\"},\"datePublished\":\"2021-04-21T15:16:05+00:00\",\"dateModified\":\"2021-04-25T15:49:11+00:00\",\"breadcrumb\":{\"@id\":\"https:\/\/carolrobinson.net\/fr\/compositions\/theatre-musical\/flying-carpet\/#breadcrumb\"},\"inLanguage\":\"fr-FR\",\"potentialAction\":[{\"@type\":\"ReadAction\",\"target\":[\"https:\/\/carolrobinson.net\/fr\/compositions\/theatre-musical\/flying-carpet\/\"]}]},{\"@type\":\"BreadcrumbList\",\"@id\":\"https:\/\/carolrobinson.net\/fr\/compositions\/theatre-musical\/flying-carpet\/#breadcrumb\",\"itemListElement\":[{\"@type\":\"ListItem\",\"position\":1,\"name\":\"Home\",\"item\":\"http:\/\/carolrobinson.net\/fr\/\"},{\"@type\":\"ListItem\",\"position\":2,\"name\":\"compositions\",\"item\":\"https:\/\/carolrobinson.net\/fr\/compositions\/\"},{\"@type\":\"ListItem\",\"position\":3,\"name\":\"th\u00e9\u00e2tre musical\",\"item\":\"https:\/\/carolrobinson.net\/fr\/compositions\/theatre-musical\/\"},{\"@type\":\"ListItem\",\"position\":4,\"name\":\"Flying Carpet\"}]},{\"@type\":\"WebSite\",\"@id\":\"https:\/\/carolrobinson.net\/fr\/#website\",\"url\":\"https:\/\/carolrobinson.net\/fr\/\",\"name\":\"Carol Robinson\",\"description\":\"composer &amp; clarinetist\",\"potentialAction\":[{\"@type\":\"SearchAction\",\"target\":{\"@type\":\"EntryPoint\",\"urlTemplate\":\"https:\/\/carolrobinson.net\/fr\/?s={search_term_string}\"},\"query-input\":{\"@type\":\"PropertyValueSpecification\",\"valueRequired\":true,\"valueName\":\"search_term_string\"}}],\"inLanguage\":\"fr-FR\"}]}<\/script>\n<!-- \/ Yoast SEO plugin. -->","yoast_head_json":{"title":"Flying Carpet - Carol Robinson","robots":{"index":"index","follow":"follow","max-snippet":"max-snippet:-1","max-image-preview":"max-image-preview:large","max-video-preview":"max-video-preview:-1"},"canonical":"https:\/\/carolrobinson.net\/fr\/compositions\/theatre-musical\/flying-carpet\/","og_locale":"fr_FR","og_type":"article","og_title":"Flying Carpet - Carol Robinson","og_description":"[vc_row][vc_column width=\u00a0\u00bb1\/2&Prime;][vc_single_image image=\u00a0\u00bb9139&Prime; img_size=\u00a0\u00bbfull\u00a0\u00bb onclick=\u00a0\u00bbcustom_link\u00a0\u00bb link=\u00a0\u00bbhttp:\/\/carolrobinson.net\/wp-content\/uploads\/2015\/06\/CR-Rockaby.png\u00a0\u00bb][\/vc_column][vc_column width=\u00a0\u00bb1\/2&Prime;][vc_column_text] Flying Carpet 60&prime; (2016) clarinettes, guitare \u00e9lectrique, vid\u00e9o,...","og_url":"https:\/\/carolrobinson.net\/fr\/compositions\/theatre-musical\/flying-carpet\/","og_site_name":"Carol Robinson","article_modified_time":"2021-04-25T15:49:11+00:00","twitter_card":"summary_large_image","twitter_misc":{"Dur\u00e9e de lecture estim\u00e9e":"1 minute"},"schema":{"@context":"https:\/\/schema.org","@graph":[{"@type":"WebPage","@id":"https:\/\/carolrobinson.net\/fr\/compositions\/theatre-musical\/flying-carpet\/","url":"https:\/\/carolrobinson.net\/fr\/compositions\/theatre-musical\/flying-carpet\/","name":"Flying Carpet - Carol Robinson","isPartOf":{"@id":"https:\/\/carolrobinson.net\/fr\/#website"},"datePublished":"2021-04-21T15:16:05+00:00","dateModified":"2021-04-25T15:49:11+00:00","breadcrumb":{"@id":"https:\/\/carolrobinson.net\/fr\/compositions\/theatre-musical\/flying-carpet\/#breadcrumb"},"inLanguage":"fr-FR","potentialAction":[{"@type":"ReadAction","target":["https:\/\/carolrobinson.net\/fr\/compositions\/theatre-musical\/flying-carpet\/"]}]},{"@type":"BreadcrumbList","@id":"https:\/\/carolrobinson.net\/fr\/compositions\/theatre-musical\/flying-carpet\/#breadcrumb","itemListElement":[{"@type":"ListItem","position":1,"name":"Home","item":"http:\/\/carolrobinson.net\/fr\/"},{"@type":"ListItem","position":2,"name":"compositions","item":"https:\/\/carolrobinson.net\/fr\/compositions\/"},{"@type":"ListItem","position":3,"name":"th\u00e9\u00e2tre musical","item":"https:\/\/carolrobinson.net\/fr\/compositions\/theatre-musical\/"},{"@type":"ListItem","position":4,"name":"Flying Carpet"}]},{"@type":"WebSite","@id":"https:\/\/carolrobinson.net\/fr\/#website","url":"https:\/\/carolrobinson.net\/fr\/","name":"Carol Robinson","description":"composer &amp; clarinetist","potentialAction":[{"@type":"SearchAction","target":{"@type":"EntryPoint","urlTemplate":"https:\/\/carolrobinson.net\/fr\/?s={search_term_string}"},"query-input":{"@type":"PropertyValueSpecification","valueRequired":true,"valueName":"search_term_string"}}],"inLanguage":"fr-FR"}]}},"_links":{"self":[{"href":"https:\/\/carolrobinson.net\/fr\/wp-json\/wp\/v2\/pages\/9248","targetHints":{"allow":["GET"]}}],"collection":[{"href":"https:\/\/carolrobinson.net\/fr\/wp-json\/wp\/v2\/pages"}],"about":[{"href":"https:\/\/carolrobinson.net\/fr\/wp-json\/wp\/v2\/types\/page"}],"author":[{"embeddable":true,"href":"https:\/\/carolrobinson.net\/fr\/wp-json\/wp\/v2\/users\/6"}],"replies":[{"embeddable":true,"href":"https:\/\/carolrobinson.net\/fr\/wp-json\/wp\/v2\/comments?post=9248"}],"version-history":[{"count":1,"href":"https:\/\/carolrobinson.net\/fr\/wp-json\/wp\/v2\/pages\/9248\/revisions"}],"predecessor-version":[{"id":9249,"href":"https:\/\/carolrobinson.net\/fr\/wp-json\/wp\/v2\/pages\/9248\/revisions\/9249"}],"up":[{"embeddable":true,"href":"https:\/\/carolrobinson.net\/fr\/wp-json\/wp\/v2\/pages\/2132"}],"wp:attachment":[{"href":"https:\/\/carolrobinson.net\/fr\/wp-json\/wp\/v2\/media?parent=9248"}],"curies":[{"name":"wp","href":"https:\/\/api.w.org\/{rel}","templated":true}]}}