{"id":9731,"date":"2021-10-05T09:17:31","date_gmt":"2021-10-05T09:17:31","guid":{"rendered":"https:\/\/carolrobinson.net\/recordings\/experience-de-vol\/"},"modified":"2023-12-04T12:04:34","modified_gmt":"2023-12-04T12:04:34","slug":"experience-de-vol","status":"publish","type":"page","link":"https:\/\/carolrobinson.net\/fr\/recordings\/experience-de-vol\/","title":{"rendered":"Robinson \/ autres"},"content":{"rendered":"<div class=\"wpb-content-wrapper\"><p>[vc_row][vc_column width=\u00a0\u00bb1\/2&Prime;][vc_single_image image=\u00a0\u00bb9677&Prime; img_size=\u00a0\u00bbfull\u00a0\u00bb][\/vc_column][vc_column width=\u00a0\u00bb1\/2&Prime;][vc_column_text]<\/p>\n<h2><strong><span style=\"color: #000000;\">EXPERIENCES DE VOL<\/span><br \/>\n<\/strong><\/h2>\n<p><strong>CD 1 #10<\/strong><br \/>\nGarth Knox \u2013 <em><strong>Beowulf<\/strong><\/em><br \/>\nG\u00e9rard Pape \u2013 <em><strong>Pourquoi les po\u00e8tes\u00a0?<\/strong><\/em><br \/>\n<strong>CD 2 #11<\/strong><br \/>\nJos\u00e9 Manuel L\u00f2pez L\u00f2pez \u2013 <strong><em>Vibrazoyd<\/em><\/strong><br \/>\nJean-Baptiste Barri\u00e8re \u2013 <strong><em>Crossing the Blind Forest<\/em><\/strong><br \/>\nElzbieta Sikora \u2013 <em><strong>Happy Valenciennes<\/strong><\/em><br \/>\n<strong>CD 3 ##12<\/strong><br \/>\nDaniel D\u2019adamo \u2013 <em><strong>A Faraday Cage<\/strong><\/em><br \/>\nAndr\u00e9 Serre-Milan \u2013 <em><strong>De rerum Natura<\/strong><\/em><br \/>\nClara Ma\u00efda \u2013 <em><strong>Web-wave<\/strong><\/em><br \/>\n<strong>CD 4 #13<\/strong><br \/>\nKarlheinz Stockhausen \u2013 <em><strong>Solo<\/strong><\/em> (Ondes Martenot)<br \/>\nCarol Robinson \u2013<em><strong> Nacarat<\/strong><\/em><br \/>\nSarah Clenet \/ Rosa Parlato \u2013 <strong><em>Vol 7277<\/em><\/strong><br \/>\nLaurent Mariusse \u2013 <strong><em>Gangaku<\/em><\/strong><\/p>\n<p><strong>Ensemble 2<sup>e<\/sup>2m<\/strong><br \/>\nMiquel Bernat \u2013 percussions<br \/>\nCamilla Hoitenga &#8211; fl\u00fbte<br \/>\nGarth Knox \u2013 medieval hurdy-gurdy<br \/>\nLaurent Mariusse \u2013 percussions<br \/>\nNadia Ratsimandresy \u2013 ondes Martenot<br \/>\nMichel Supera &#8211; saxophone<br \/>\nSerge Teyssot-Gay \u2013 guitare \u00e9lectrique<\/p>\n<p>Art Zoyd Studios (2018)<br \/>\n<a href=\"https:\/\/artzoydstudios.com\">https:\/\/artzoydstudios.com<\/a>[\/vc_column_text][\/vc_column][\/vc_row][vc_row][vc_column][vc_separator color=\u00a0\u00bbpurple\u00a0\u00bb][\/vc_column][\/vc_row]<\/p>\n<\/div>","protected":false},"excerpt":{"rendered":"<p>[vc_row][vc_column width=\u00a0\u00bb1\/2&Prime;][vc_single_image image=\u00a0\u00bb9677&Prime; img_size=\u00a0\u00bbfull\u00a0\u00bb][\/vc_column][vc_column width=\u00a0\u00bb1\/2&Prime;][vc_column_text] EXPERIENCES DE VOL CD 1 #10 Garth Knox \u2013 Beowulf&#8230;<\/p>\n","protected":false},"author":6,"featured_media":0,"parent":1355,"menu_order":0,"comment_status":"closed","ping_status":"closed","template":"","meta":{"footnotes":""},"class_list":["post-9731","page","type-page","status-publish","hentry"],"yoast_head":"<!-- This site is optimized with the Yoast SEO plugin v27.2 - https:\/\/yoast.com\/product\/yoast-seo-wordpress\/ -->\n<title>Robinson \/ autres - Carol Robinson<\/title>\n<meta name=\"robots\" content=\"index, follow, max-snippet:-1, max-image-preview:large, max-video-preview:-1\" \/>\n<link rel=\"canonical\" href=\"https:\/\/carolrobinson.net\/fr\/recordings\/experience-de-vol\/\" \/>\n<meta property=\"og:locale\" content=\"fr_FR\" \/>\n<meta property=\"og:type\" content=\"article\" \/>\n<meta property=\"og:title\" content=\"Robinson \/ autres - Carol Robinson\" \/>\n<meta property=\"og:description\" content=\"[vc_row][vc_column width=\u00a0\u00bb1\/2&Prime;][vc_single_image image=\u00a0\u00bb9677&Prime; img_size=\u00a0\u00bbfull\u00a0\u00bb][\/vc_column][vc_column width=\u00a0\u00bb1\/2&Prime;][vc_column_text] EXPERIENCES DE VOL CD 1 #10 Garth Knox \u2013 Beowulf...\" \/>\n<meta property=\"og:url\" content=\"https:\/\/carolrobinson.net\/fr\/recordings\/experience-de-vol\/\" \/>\n<meta property=\"og:site_name\" content=\"Carol Robinson\" \/>\n<meta property=\"article:modified_time\" content=\"2023-12-04T12:04:34+00:00\" \/>\n<meta name=\"twitter:card\" content=\"summary_large_image\" \/>\n<meta name=\"twitter:label1\" content=\"Dur\u00e9e de lecture estim\u00e9e\" \/>\n\t<meta name=\"twitter:data1\" content=\"1 minute\" \/>\n<script type=\"application\/ld+json\" class=\"yoast-schema-graph\">{\"@context\":\"https:\/\/schema.org\",\"@graph\":[{\"@type\":\"WebPage\",\"@id\":\"https:\/\/carolrobinson.net\/fr\/recordings\/experience-de-vol\/\",\"url\":\"https:\/\/carolrobinson.net\/fr\/recordings\/experience-de-vol\/\",\"name\":\"Robinson \/ autres - Carol Robinson\",\"isPartOf\":{\"@id\":\"https:\/\/carolrobinson.net\/fr\/#website\"},\"datePublished\":\"2021-10-05T09:17:31+00:00\",\"dateModified\":\"2023-12-04T12:04:34+00:00\",\"breadcrumb\":{\"@id\":\"https:\/\/carolrobinson.net\/fr\/recordings\/experience-de-vol\/#breadcrumb\"},\"inLanguage\":\"fr-FR\",\"potentialAction\":[{\"@type\":\"ReadAction\",\"target\":[\"https:\/\/carolrobinson.net\/fr\/recordings\/experience-de-vol\/\"]}]},{\"@type\":\"BreadcrumbList\",\"@id\":\"https:\/\/carolrobinson.net\/fr\/recordings\/experience-de-vol\/#breadcrumb\",\"itemListElement\":[{\"@type\":\"ListItem\",\"position\":1,\"name\":\"Home\",\"item\":\"https:\/\/carolrobinson.net\/fr\/\"},{\"@type\":\"ListItem\",\"position\":2,\"name\":\"recordings\",\"item\":\"https:\/\/carolrobinson.net\/fr\/recordings\/\"},{\"@type\":\"ListItem\",\"position\":3,\"name\":\"Robinson \/ autres\"}]},{\"@type\":\"WebSite\",\"@id\":\"https:\/\/carolrobinson.net\/fr\/#website\",\"url\":\"https:\/\/carolrobinson.net\/fr\/\",\"name\":\"Carol Robinson\",\"description\":\"composer &amp; clarinetist\",\"potentialAction\":[{\"@type\":\"SearchAction\",\"target\":{\"@type\":\"EntryPoint\",\"urlTemplate\":\"https:\/\/carolrobinson.net\/fr\/?s={search_term_string}\"},\"query-input\":{\"@type\":\"PropertyValueSpecification\",\"valueRequired\":true,\"valueName\":\"search_term_string\"}}],\"inLanguage\":\"fr-FR\"}]}<\/script>\n<!-- \/ Yoast SEO plugin. -->","yoast_head_json":{"title":"Robinson \/ autres - Carol Robinson","robots":{"index":"index","follow":"follow","max-snippet":"max-snippet:-1","max-image-preview":"max-image-preview:large","max-video-preview":"max-video-preview:-1"},"canonical":"https:\/\/carolrobinson.net\/fr\/recordings\/experience-de-vol\/","og_locale":"fr_FR","og_type":"article","og_title":"Robinson \/ autres - Carol Robinson","og_description":"[vc_row][vc_column width=\u00a0\u00bb1\/2&Prime;][vc_single_image image=\u00a0\u00bb9677&Prime; img_size=\u00a0\u00bbfull\u00a0\u00bb][\/vc_column][vc_column width=\u00a0\u00bb1\/2&Prime;][vc_column_text] EXPERIENCES DE VOL CD 1 #10 Garth Knox \u2013 Beowulf...","og_url":"https:\/\/carolrobinson.net\/fr\/recordings\/experience-de-vol\/","og_site_name":"Carol Robinson","article_modified_time":"2023-12-04T12:04:34+00:00","twitter_card":"summary_large_image","twitter_misc":{"Dur\u00e9e de lecture estim\u00e9e":"1 minute"},"schema":{"@context":"https:\/\/schema.org","@graph":[{"@type":"WebPage","@id":"https:\/\/carolrobinson.net\/fr\/recordings\/experience-de-vol\/","url":"https:\/\/carolrobinson.net\/fr\/recordings\/experience-de-vol\/","name":"Robinson \/ autres - Carol Robinson","isPartOf":{"@id":"https:\/\/carolrobinson.net\/fr\/#website"},"datePublished":"2021-10-05T09:17:31+00:00","dateModified":"2023-12-04T12:04:34+00:00","breadcrumb":{"@id":"https:\/\/carolrobinson.net\/fr\/recordings\/experience-de-vol\/#breadcrumb"},"inLanguage":"fr-FR","potentialAction":[{"@type":"ReadAction","target":["https:\/\/carolrobinson.net\/fr\/recordings\/experience-de-vol\/"]}]},{"@type":"BreadcrumbList","@id":"https:\/\/carolrobinson.net\/fr\/recordings\/experience-de-vol\/#breadcrumb","itemListElement":[{"@type":"ListItem","position":1,"name":"Home","item":"https:\/\/carolrobinson.net\/fr\/"},{"@type":"ListItem","position":2,"name":"recordings","item":"https:\/\/carolrobinson.net\/fr\/recordings\/"},{"@type":"ListItem","position":3,"name":"Robinson \/ autres"}]},{"@type":"WebSite","@id":"https:\/\/carolrobinson.net\/fr\/#website","url":"https:\/\/carolrobinson.net\/fr\/","name":"Carol Robinson","description":"composer &amp; clarinetist","potentialAction":[{"@type":"SearchAction","target":{"@type":"EntryPoint","urlTemplate":"https:\/\/carolrobinson.net\/fr\/?s={search_term_string}"},"query-input":{"@type":"PropertyValueSpecification","valueRequired":true,"valueName":"search_term_string"}}],"inLanguage":"fr-FR"}]}},"_links":{"self":[{"href":"https:\/\/carolrobinson.net\/fr\/wp-json\/wp\/v2\/pages\/9731","targetHints":{"allow":["GET"]}}],"collection":[{"href":"https:\/\/carolrobinson.net\/fr\/wp-json\/wp\/v2\/pages"}],"about":[{"href":"https:\/\/carolrobinson.net\/fr\/wp-json\/wp\/v2\/types\/page"}],"author":[{"embeddable":true,"href":"https:\/\/carolrobinson.net\/fr\/wp-json\/wp\/v2\/users\/6"}],"replies":[{"embeddable":true,"href":"https:\/\/carolrobinson.net\/fr\/wp-json\/wp\/v2\/comments?post=9731"}],"version-history":[{"count":4,"href":"https:\/\/carolrobinson.net\/fr\/wp-json\/wp\/v2\/pages\/9731\/revisions"}],"predecessor-version":[{"id":10565,"href":"https:\/\/carolrobinson.net\/fr\/wp-json\/wp\/v2\/pages\/9731\/revisions\/10565"}],"up":[{"embeddable":true,"href":"https:\/\/carolrobinson.net\/fr\/wp-json\/wp\/v2\/pages\/1355"}],"wp:attachment":[{"href":"https:\/\/carolrobinson.net\/fr\/wp-json\/wp\/v2\/media?parent=9731"}],"curies":[{"name":"wp","href":"https:\/\/api.w.org\/{rel}","templated":true}]}}